{"id":7,"date":"2013-01-23T18:32:54","date_gmt":"2013-01-23T16:32:54","guid":{"rendered":"http:\/\/gs-silberberg.de\/hp\/?page_id=7"},"modified":"2026-02-10T09:31:25","modified_gmt":"2026-02-10T08:31:25","slug":"schulelternbeirat","status":"publish","type":"page","link":"https:\/\/gs-silberberg.de\/hp\/schulelternbeirat\/","title":{"rendered":"Schulelternbeirat"},"content":{"rendered":"\r\n<p>Liebe Eltern,<\/p>\r\n\r\n\r\n\r\n<p>ein neues \u2013 oder f\u00fcr Sie m\u00f6glicherweise das erste Schuljahr Ihres Kindes an der Silberbergschule hat begonnen.<\/p>\r\n\r\n\r\n\r\n<p>Wir vom Schulelternbeiratsvorstand m\u00f6chten Ihnen eine Starthilfe f\u00fcr die m\u00f6gliche Elternmitwirkung an unserer Schule geben.<\/p>\r\n<p><img loading=\"lazy\" decoding=\"async\" class=\"uagb-team__image-crop-normal alignleft\" style=\"font-family: 'Open Sans', sans-serif; font-size: 15px; font-style: normal; font-variant-ligatures: normal; font-variant-caps: normal; font-weight: 400;\" src=\"https:\/\/gs-silberberg.de\/hp\/wp-content\/uploads\/2024\/06\/image-150x150.png\" alt=\"\" width=\"142\" height=\"142\" \/><\/p>\r\n\r\n\r\n\r\n<h3 class=\"uagb-team__title\" style=\"font-style: normal; font-variant-ligatures: normal; font-variant-caps: normal;\">Marcus Wagner<\/h3>\r\n<div class=\"wp-block-uagb-team uagb-team__image-position-left uagb-team__align-left uagb-team__stack-none uagb-block-7f20f3cf\"><strong><span class=\"uagb-team__prefix\" style=\"font-family: 'Open Sans', sans-serif; font-size: 15px; font-style: normal; font-variant-ligatures: normal; font-variant-caps: normal;\">1<\/span><span class=\"uagb-team__prefix\" style=\"font-family: 'Open Sans', sans-serif; font-size: 15px; font-style: normal; font-variant-ligatures: normal; font-variant-caps: normal;\">. Vor<\/span><span class=\"uagb-team__prefix\" style=\"font-family: 'Open Sans', sans-serif; font-size: 15px; font-style: normal; font-variant-ligatures: normal; font-variant-caps: normal;\">sitzender<\/span><\/strong><\/div>\r\n<div class=\"wp-block-uagb-team uagb-team__image-position-left uagb-team__align-left uagb-team__stack-none uagb-block-7f20f3cf\">\r\n<p class=\"uagb-team__desc\" style=\"font-family: 'Open Sans', sans-serif; font-size: 15px; font-style: normal; font-variant-ligatures: normal; font-variant-caps: normal; font-weight: 400;\">Email:\u00a0<a href=\"javascript:secureDecryptAndNavigate('yNtVMDfuK25nN5YKzj0u3Ylauu5ooHR9JSuzLw+TU\/m\/Wcti38\/\/aSfDWG0uqhPDhAoCu2VMQO2VvKm4w2DS4YLMwKKHmS93h8K1', 'a93bf820f207080d025399208d9e855a45046666e65cc08f12d36537187eea5c')\">m [dot] wagner3 [at] freenet [dot] de<\/a><br \/>Tel: 0174\/3127651<\/p>\r\n<\/div>\r\n<div class=\"wp-block-uagb-team uagb-team__image-position-left uagb-team__align-left uagb-team__stack-none uagb-block-333b8962\">\r\n<div class=\"uagb-team__content\">\r\n<h3>\u00a0<\/h3>\r\n<h3 class=\"uagb-team__title\">Charlotte Beck<\/h3>\r\n<p><span class=\"uagb-team__prefix\"><strong><span class=\"uagb-team__prefix\" style=\"font-family: 'Open Sans', sans-serif; font-size: 15px; font-style: normal; font-variant-ligatures: normal; font-variant-caps: normal;\">2<\/span><span class=\"uagb-team__prefix\" style=\"font-family: 'Open Sans', sans-serif; font-size: 15px; font-style: normal; font-variant-ligatures: normal; font-variant-caps: normal;\">. Vor<\/span><span class=\"uagb-team__prefix\" style=\"font-family: 'Open Sans', sans-serif; font-size: 15px; font-style: normal; font-variant-ligatures: normal; font-variant-caps: normal;\">sitzende<\/span><\/strong>\u00a0 \u00a0 \u00a0 \u00a0 \u00a0 \u00a0 \u00a0 \u00a0 \u00a0 \u00a0 \u00a0 \u00a0 \u00a0 \u00a0 \u00a0 \u00a0 \u00a0 \u00a0 \u00a0 \u00a0 \u00a0 \u00a0 \u00a0 \u00a0 \u00a0 \u00a0 \u00a0 \u00a0 \u00a0 \u00a0 \u00a0 \u00a0 \u00a0 \u00a0 \u00a0 \u00a0 \u00a0 \u00a0 \u00a0 \u00a0 \u00a0\u00a0 \u00a0 \u00a0\u00a0 \u00a0 \u00a0<\/span>Email: <a href=\"javascript:secureDecryptAndNavigate('4VChXqeU1Oyuls2763\/7upurhhXxemtNRyQnBgapFNyCu1WNhV2l8PgET2kjqEMP++I6KUxzGlD5gXjRG\/j+q8aUrNbn0fHGQoZKHA==', 'a93bf820f207080d025399208d9e855a45046666e65cc08f12d36537187eea5c')\">charlotte_beck [at] gmx [dot] de<\/a><br \/>\u00a0Tel:<\/p>\r\n<\/div>\r\n<\/div>\r\n\r\n\r\n\r\n<div class=\"wp-block-uagb-team uagb-team__image-position-left uagb-team__align-left uagb-team__stack-none uagb-block-71672459\"><img loading=\"lazy\" decoding=\"async\" class=\"uagb-team__image-crop-normal\" src=\"https:\/\/gs-silberberg.de\/hp\/wp-content\/uploads\/2024\/06\/IMG-20240401-WA0000-150x150.jpg\" alt=\"\" width=\"142\" height=\"142\" \/>\r\n<div class=\"uagb-team__content\">\r\n<h3>\u00a0<\/h3>\r\n<h3 class=\"uagb-team__title\">Janina Mundus<\/h3>\r\n<b>Schriftf\u00fchrerin<\/b><br \/>\r\n<p class=\"uagb-team__desc\">Email: <a href=\"javascript:secureDecryptAndNavigate('NXa6XhzWedW+VFOSdflOSag0MWPRSL3kLH21BfsbmKY9qVNyWiOUyTMxFhjqXnm\/+qgoURI83Z7DpsfEj7zuQKLI32OR6x6Mwd1vGvYv', 'a93bf820f207080d025399208d9e855a45046666e65cc08f12d36537187eea5c')\">janina [dot] mundus [at] gmail [dot] com<\/a><br \/>Tel: 0170\/7450427<\/p>\r\n<p>&nbsp;<\/p>\r\n<\/div>\r\n<\/div>\r\n\r\n\r\n\r\n<p style=\"margin-bottom: 0cm;\">Der Schulelternbeirat vertritt die Interessen der gesamten Schulelternschaft.<\/p>\r\n<p style=\"margin-bottom: 0cm;\">Wir sind das Bindeglied zwischen Eltern und Schulleitung sowie Lehrkr\u00e4fte.<\/p>\r\n<p style=\"margin-bottom: 0cm;\">Unsere Aufgabe ist es Anregungen, Ideen und Vorschl\u00e4ge zu schulischen Belangen zu b\u00fcndeln, auszuarbeiten und der Schulleitung vorzustellen.<\/p>\r\n<p style=\"margin-bottom: 0cm;\">Wir haben f\u00fcr Ihre Anliegen stets ein offenes Ohr. Die Schulleitung ist mit uns im unmittelbaren Kontakt und Austausch, und informiert zu aktuellen schulischen Themen wie gesetzlichen \u00c4nderungen, Umsetzung gesetzlicher Vorgaben sowie schulische Aktivit\u00e4ten.<\/p>\r\n<p style=\"margin-bottom: 0cm;\">In der Schulkonferenz, dem obersten Mitwirkungs- beziehungsweise Beschlussgremiums an Schulen, vertreten wir die Interessen der Elternschaft mit Sitz und Stimme.<\/p>\r\n<p>Der erste Schritt zur Elternvertretung besteht in der Wahl des Klassenelternbeirats:<\/p>\r\n\r\n\r\n\r\n<h3 class=\"wp-block-heading\">Klassenelternbeirat<\/h3>\r\n\r\n\r\n\r\n<p>Auf dem ersten Elternabend nach der Einschulung Ihres Kindes werden drei Mitglieder f\u00fcr den Klassenelternbeirat f\u00fcr die Dauer von zwei Jahren gew\u00e4hlt. Weitere Wahlen finden in der dritten Klasse statt.<\/p>\r\n\r\n\r\n\r\n<p>Aus den Reihen der gew\u00e4hlten Klassenelternbeir\u00e4te wird jeweils ein\/eine Delegierter\/Delegierte (Vertreter\/in) in den Schulelternbeirat gew\u00e4hlt.<\/p>\r\n\r\n\r\n\r\n<h3 class=\"wp-block-heading\">Schulelternbeirat (SEB)<\/h3>\r\n\r\n\r\n\r\n<p>Der Schulelternbeirat setzt sich aus allen einzelnen Klassenelternbeir\u00e4ten zusammen, die alle zwei Jahre aus ihrer Mitte einen Vorstand w\u00e4hlen. Aus den Reihen des SEB werden zehn Delegierte in die Schulkonferenz gesandt\/gew\u00e4hlt.<\/p>\r\n\r\n\r\n\r\n<h3 class=\"wp-block-heading\">Schulkonferenz (SK)<\/h3>\r\n\r\n\r\n\r\n<p>Die SEB-Delegierten der Schulkonferenz erhalten neben der Schulleitung und weiteren neun Delegierten seitens der Lehrerschaft die M\u00f6glichkeit der Mitsprache in diesem obersten Beschlussgremium der Schule.<\/p>\r\n\r\n\r\n\r\n<p>F\u00fcr weitere Fragen und Anregungen steht Ihnen der Schulelternbeiratsvorstand gerne zur Verf\u00fcgung. Oder nutzen Sie unseren Elternbriefkasten, der sich im Hauptflur neben dem B\u00fcro des Hausmeisters befindet.<\/p>\r\n\r\n\r\n\r\n<p>Auf eine konstruktive Zusammenarbeit.<\/p>\r\n\r\n\r\n\r\n<p>Liebe Gr\u00fc\u00dfe<\/p>\r\n\r\n\r\n\r\n<p>Der Schulelternbeiratsvorstand<\/p>\r\n","protected":false},"excerpt":{"rendered":"<p>Liebe Eltern, ein neues \u2013 oder f\u00fcr Sie m\u00f6glicherweise das erste Schuljahr Ihres Kindes an der Silberbergschule hat begonnen. Wir vom Schulelternbeiratsvorstand m\u00f6chten Ihnen eine Starthilfe f\u00fcr die m\u00f6gliche Elternmitwirkung an unserer Schule geben. Der Schulelternbeirat vertritt die Interessen der gesamten Schulelternschaft. Wir sind das Bindeglied zwischen Eltern und Schulleitung &#8230;<\/p>\n","protected":false},"author":1,"featured_media":0,"parent":0,"menu_order":0,"comment_status":"closed","ping_status":"closed","template":"","meta":{"_uag_custom_page_level_css":"","footnotes":""},"class_list":["post-7","page","type-page","status-publish","hentry","column","onecol"],"featured_image_src":null,"featured_image_src_square":null,"uagb_featured_image_src":{"full":false,"thumbnail":false,"medium":false,"medium_large":false,"large":false,"1536x1536":false,"2048x2048":false,"gb-block-post-grid-landscape":false,"gb-block-post-grid-square":false,"slider-thumb":false,"blog-thumb":false,"teaser-thumb":false,"gallery-1-thumb":false,"gallery-2-thumb":false,"gallery-3-thumb":false,"image-thumb":false,"video-thumb":false},"uagb_author_info":{"display_name":"Ja","author_link":"https:\/\/gs-silberberg.de\/hp\/author\/admin\/"},"uagb_comment_info":0,"uagb_excerpt":"Liebe Eltern, ein neues \u2013 oder f\u00fcr Sie m\u00f6glicherweise das erste Schuljahr Ihres Kindes an der Silberbergschule hat begonnen. Wir vom Schulelternbeiratsvorstand m\u00f6chten Ihnen eine Starthilfe f\u00fcr die m\u00f6gliche Elternmitwirkung an unserer Schule geben. Der Schulelternbeirat vertritt die Interessen der gesamten Schulelternschaft. Wir sind das Bindeglied zwischen Eltern und Schulleitung &#8230;","publishpress_future_action":{"enabled":false,"date":"2026-04-24 13:52:21","action":"change-status","newStatus":"draft","terms":[],"taxonomy":"","extraData":[]},"publishpress_future_workflow_manual_trigger":{"enabledWorkflows":[]},"_links":{"self":[{"href":"https:\/\/gs-silberberg.de\/hp\/wp-json\/wp\/v2\/pages\/7","targetHints":{"allow":["GET"]}}],"collection":[{"href":"https:\/\/gs-silberberg.de\/hp\/wp-json\/wp\/v2\/pages"}],"about":[{"href":"https:\/\/gs-silberberg.de\/hp\/wp-json\/wp\/v2\/types\/page"}],"author":[{"embeddable":true,"href":"https:\/\/gs-silberberg.de\/hp\/wp-json\/wp\/v2\/users\/1"}],"replies":[{"embeddable":true,"href":"https:\/\/gs-silberberg.de\/hp\/wp-json\/wp\/v2\/comments?post=7"}],"version-history":[{"count":2,"href":"https:\/\/gs-silberberg.de\/hp\/wp-json\/wp\/v2\/pages\/7\/revisions"}],"predecessor-version":[{"id":3541,"href":"https:\/\/gs-silberberg.de\/hp\/wp-json\/wp\/v2\/pages\/7\/revisions\/3541"}],"wp:attachment":[{"href":"https:\/\/gs-silberberg.de\/hp\/wp-json\/wp\/v2\/media?parent=7"}],"curies":[{"name":"wp","href":"https:\/\/api.w.org\/{rel}","templated":true}]}}