{"id":3043,"date":"2023-11-28T18:44:07","date_gmt":"2023-11-28T17:44:07","guid":{"rendered":"https:\/\/gs-silberberg.de\/hp\/?page_id=3043"},"modified":"2023-11-28T18:44:09","modified_gmt":"2023-11-28T17:44:09","slug":"aus-den-klassen","status":"publish","type":"page","link":"https:\/\/gs-silberberg.de\/hp\/aus-den-klassen\/","title":{"rendered":"Aus den Klassen!"},"content":{"rendered":"<section class=\"gb-block-post-grid featuredpost aligncenter\"><div class=\"gb-post-grid-items is-grid columns-3\"><article id=\"post-3467\" class=\"gb-post-grid-item post-3467 post type-post status-publish format-standard has-post-thumbnail hentry category-aus-den-klassen column onecol has-thumbnail\"><div class=\"gb-block-post-grid-image\"><a href=\"https:\/\/gs-silberberg.de\/hp\/sicherheit-im-strassenverkehr\/\" rel=\"bookmark\" aria-hidden=\"true\" tabindex=\"-1\"><img loading=\"lazy\" decoding=\"async\" width=\"600\" height=\"400\" src=\"https:\/\/gs-silberberg.de\/hp\/wp-content\/uploads\/2025\/11\/IMG_9778-600x400.jpg\" class=\"attachment-gb-block-post-grid-landscape size-gb-block-post-grid-landscape\" alt=\"\" srcset=\"https:\/\/gs-silberberg.de\/hp\/wp-content\/uploads\/2025\/11\/IMG_9778-600x400.jpg 600w, https:\/\/gs-silberberg.de\/hp\/wp-content\/uploads\/2025\/11\/IMG_9778-300x200.jpg 300w, https:\/\/gs-silberberg.de\/hp\/wp-content\/uploads\/2025\/11\/IMG_9778-1024x683.jpg 1024w, https:\/\/gs-silberberg.de\/hp\/wp-content\/uploads\/2025\/11\/IMG_9778-768x512.jpg 768w, https:\/\/gs-silberberg.de\/hp\/wp-content\/uploads\/2025\/11\/IMG_9778-1536x1024.jpg 1536w, https:\/\/gs-silberberg.de\/hp\/wp-content\/uploads\/2025\/11\/IMG_9778-2048x1365.jpg 2048w, https:\/\/gs-silberberg.de\/hp\/wp-content\/uploads\/2025\/11\/IMG_9778-700x467.jpg 700w, https:\/\/gs-silberberg.de\/hp\/wp-content\/uploads\/2025\/11\/IMG_9778-332x221.jpg 332w\" sizes=\"auto, (max-width: 600px) 100vw, 600px\" \/><\/a><\/div><div class=\"gb-block-post-grid-text\"><header class=\"gb-block-post-grid-header\"><h3 class=\"gb-block-post-grid-title\"><a href=\"https:\/\/gs-silberberg.de\/hp\/sicherheit-im-strassenverkehr\/\" rel=\"bookmark\">Sicherheit im Stra\u00dfenverkehr<\/a><\/h3><div class=\"gb-block-post-grid-byline\"><time datetime=\"2025-11-06T13:04:19+01:00\" class=\"gb-block-post-grid-date\" itemprop=\"datePublished\">6. November 2025<\/time><\/div><\/header><div class=\"gb-block-post-grid-excerpt\"><\/div><\/div><\/article>\n<article id=\"post-3367\" class=\"gb-post-grid-item post-3367 post type-post status-publish format-standard has-post-thumbnail hentry category-allgemein category-aus-den-klassen column twocol has-thumbnail\"><div class=\"gb-block-post-grid-image\"><a href=\"https:\/\/gs-silberberg.de\/hp\/der-buergermeister-war-zu-besuch\/\" rel=\"bookmark\" aria-hidden=\"true\" tabindex=\"-1\"><img loading=\"lazy\" decoding=\"async\" width=\"600\" height=\"400\" src=\"https:\/\/gs-silberberg.de\/hp\/wp-content\/uploads\/2025\/06\/DSC4339-600x400.jpg\" class=\"attachment-gb-block-post-grid-landscape size-gb-block-post-grid-landscape\" alt=\"\" srcset=\"https:\/\/gs-silberberg.de\/hp\/wp-content\/uploads\/2025\/06\/DSC4339-600x400.jpg 600w, https:\/\/gs-silberberg.de\/hp\/wp-content\/uploads\/2025\/06\/DSC4339-300x200.jpg 300w, https:\/\/gs-silberberg.de\/hp\/wp-content\/uploads\/2025\/06\/DSC4339-1024x681.jpg 1024w, https:\/\/gs-silberberg.de\/hp\/wp-content\/uploads\/2025\/06\/DSC4339-768x511.jpg 768w, https:\/\/gs-silberberg.de\/hp\/wp-content\/uploads\/2025\/06\/DSC4339-1536x1022.jpg 1536w, https:\/\/gs-silberberg.de\/hp\/wp-content\/uploads\/2025\/06\/DSC4339-2048x1363.jpg 2048w, https:\/\/gs-silberberg.de\/hp\/wp-content\/uploads\/2025\/06\/DSC4339-700x466.jpg 700w, https:\/\/gs-silberberg.de\/hp\/wp-content\/uploads\/2025\/06\/DSC4339-332x221.jpg 332w\" sizes=\"auto, (max-width: 600px) 100vw, 600px\" \/><\/a><\/div><div class=\"gb-block-post-grid-text\"><header class=\"gb-block-post-grid-header\"><h3 class=\"gb-block-post-grid-title\"><a href=\"https:\/\/gs-silberberg.de\/hp\/der-buergermeister-war-zu-besuch\/\" rel=\"bookmark\">Der B\u00fcrgermeister war zu Besuch!<\/a><\/h3><div class=\"gb-block-post-grid-byline\"><time datetime=\"2025-06-10T15:30:56+02:00\" class=\"gb-block-post-grid-date\" itemprop=\"datePublished\">10. Juni 2025<\/time><\/div><\/header><div class=\"gb-block-post-grid-excerpt\"><\/div><\/div><\/article>\n<article id=\"post-3342\" class=\"gb-post-grid-item post-3342 post type-post status-publish format-standard has-post-thumbnail hentry category-aus-den-klassen category-deutsch category-kunst-textil-u-werken column twocol has-thumbnail\"><div class=\"gb-block-post-grid-image\"><a href=\"https:\/\/gs-silberberg.de\/hp\/fruehlingselfchen\/\" rel=\"bookmark\" aria-hidden=\"true\" tabindex=\"-1\"><img loading=\"lazy\" decoding=\"async\" width=\"600\" height=\"400\" src=\"https:\/\/gs-silberberg.de\/hp\/wp-content\/uploads\/2025\/05\/IMG_2709-600x400.jpeg\" class=\"attachment-gb-block-post-grid-landscape size-gb-block-post-grid-landscape\" alt=\"\" \/><\/a><\/div><div class=\"gb-block-post-grid-text\"><header class=\"gb-block-post-grid-header\"><h3 class=\"gb-block-post-grid-title\"><a href=\"https:\/\/gs-silberberg.de\/hp\/fruehlingselfchen\/\" rel=\"bookmark\">Fr\u00fchlingselfchen<\/a><\/h3><div class=\"gb-block-post-grid-byline\"><time datetime=\"2025-05-15T08:39:40+02:00\" class=\"gb-block-post-grid-date\" itemprop=\"datePublished\">15. Mai 2025<\/time><\/div><\/header><div class=\"gb-block-post-grid-excerpt\"><\/div><\/div><\/article>\n<article id=\"post-3314\" class=\"gb-post-grid-item post-3314 post type-post status-publish format-standard has-post-thumbnail hentry category-aus-den-klassen category-kunst-textil-u-werken column twocol has-thumbnail\"><div class=\"gb-block-post-grid-image\"><a href=\"https:\/\/gs-silberberg.de\/hp\/lektuere-fuer-die-2-klassen-fiete-hering-abenteuer-im-muellmeer\/\" rel=\"bookmark\" aria-hidden=\"true\" tabindex=\"-1\"><img loading=\"lazy\" decoding=\"async\" width=\"600\" height=\"400\" src=\"https:\/\/gs-silberberg.de\/hp\/wp-content\/uploads\/2025\/04\/Muell-600x400.jpeg\" class=\"attachment-gb-block-post-grid-landscape size-gb-block-post-grid-landscape\" alt=\"\" \/><\/a><\/div><div class=\"gb-block-post-grid-text\"><header class=\"gb-block-post-grid-header\"><h3 class=\"gb-block-post-grid-title\"><a href=\"https:\/\/gs-silberberg.de\/hp\/lektuere-fuer-die-2-klassen-fiete-hering-abenteuer-im-muellmeer\/\" rel=\"bookmark\">Lekt\u00fcre f\u00fcr die 2. Klassen: Fiete Hering &#8211; Abenteuer im M\u00fcllmeer<\/a><\/h3><div class=\"gb-block-post-grid-byline\"><time datetime=\"2025-04-09T20:14:55+02:00\" class=\"gb-block-post-grid-date\" itemprop=\"datePublished\">9. April 2025<\/time><\/div><\/header><div class=\"gb-block-post-grid-excerpt\"><\/div><\/div><\/article>\n<article id=\"post-3275\" class=\"gb-post-grid-item post-3275 post type-post status-publish format-standard has-post-thumbnail hentry category-allgemein category-aus-den-klassen category-schulverein tag-pause tag-spielsachen column twocol has-thumbnail\"><div class=\"gb-block-post-grid-image\"><a href=\"https:\/\/gs-silberberg.de\/hp\/spielzeug-fuer-den-pausenhof-vom-schulverein\/\" rel=\"bookmark\" aria-hidden=\"true\" tabindex=\"-1\"><img loading=\"lazy\" decoding=\"async\" width=\"600\" height=\"400\" src=\"https:\/\/gs-silberberg.de\/hp\/wp-content\/uploads\/2025\/03\/Spielsachen-600x400.jpeg\" class=\"attachment-gb-block-post-grid-landscape size-gb-block-post-grid-landscape\" alt=\"\" \/><\/a><\/div><div class=\"gb-block-post-grid-text\"><header class=\"gb-block-post-grid-header\"><h3 class=\"gb-block-post-grid-title\"><a href=\"https:\/\/gs-silberberg.de\/hp\/spielzeug-fuer-den-pausenhof-vom-schulverein\/\" rel=\"bookmark\">Spielzeug f\u00fcr den Pausenhof vom Schulverein<\/a><\/h3><div class=\"gb-block-post-grid-byline\"><time datetime=\"2025-03-23T15:34:15+01:00\" class=\"gb-block-post-grid-date\" itemprop=\"datePublished\">23. M\u00e4rz 2025<\/time><\/div><\/header><div class=\"gb-block-post-grid-excerpt\"><\/div><\/div><\/article>\n<article id=\"post-3253\" class=\"gb-post-grid-item post-3253 post type-post status-publish format-standard has-post-thumbnail hentry category-aus-den-klassen column twocol has-thumbnail\"><div class=\"gb-block-post-grid-image\"><a href=\"https:\/\/gs-silberberg.de\/hp\/frohes-neues-jahr\/\" rel=\"bookmark\" aria-hidden=\"true\" tabindex=\"-1\"><img loading=\"lazy\" decoding=\"async\" width=\"600\" height=\"400\" src=\"https:\/\/gs-silberberg.de\/hp\/wp-content\/uploads\/2025\/01\/IMG_0388-600x400.jpg\" class=\"attachment-gb-block-post-grid-landscape size-gb-block-post-grid-landscape\" alt=\"\" \/><\/a><\/div><div class=\"gb-block-post-grid-text\"><header class=\"gb-block-post-grid-header\"><h3 class=\"gb-block-post-grid-title\"><a href=\"https:\/\/gs-silberberg.de\/hp\/frohes-neues-jahr\/\" rel=\"bookmark\">Frohes neues Jahr!<\/a><\/h3><div class=\"gb-block-post-grid-byline\"><time datetime=\"2025-01-22T18:19:51+01:00\" class=\"gb-block-post-grid-date\" itemprop=\"datePublished\">22. Januar 2025<\/time><\/div><\/header><div class=\"gb-block-post-grid-excerpt\"><\/div><\/div><\/article>\n<article id=\"post-3242\" class=\"gb-post-grid-item post-3242 post type-post status-publish format-standard has-post-thumbnail hentry category-aus-den-klassen category-mathe category-veranstaltungen tag-matheolympiade column twocol has-thumbnail\"><div class=\"gb-block-post-grid-image\"><a href=\"https:\/\/gs-silberberg.de\/hp\/matheprofis-on-tour\/\" rel=\"bookmark\" aria-hidden=\"true\" tabindex=\"-1\"><img loading=\"lazy\" decoding=\"async\" width=\"600\" height=\"400\" src=\"https:\/\/gs-silberberg.de\/hp\/wp-content\/uploads\/2025\/01\/MO-2024-600x400.png\" class=\"attachment-gb-block-post-grid-landscape size-gb-block-post-grid-landscape\" alt=\"\" \/><\/a><\/div><div class=\"gb-block-post-grid-text\"><header class=\"gb-block-post-grid-header\"><h3 class=\"gb-block-post-grid-title\"><a href=\"https:\/\/gs-silberberg.de\/hp\/matheprofis-on-tour\/\" rel=\"bookmark\">Matheprofis on tour!<\/a><\/h3><div class=\"gb-block-post-grid-byline\"><time datetime=\"2025-01-08T15:57:58+01:00\" class=\"gb-block-post-grid-date\" itemprop=\"datePublished\">8. Januar 2025<\/time><\/div><\/header><div class=\"gb-block-post-grid-excerpt\"><\/div><\/div><\/article>\n<article id=\"post-3213\" class=\"gb-post-grid-item post-3213 post type-post status-publish format-standard has-post-thumbnail hentry category-aus-den-klassen tag-kunst column twocol has-thumbnail\"><div class=\"gb-block-post-grid-image\"><a href=\"https:\/\/gs-silberberg.de\/hp\/rudolph-und-seine-freunde\/\" rel=\"bookmark\" aria-hidden=\"true\" tabindex=\"-1\"><img loading=\"lazy\" decoding=\"async\" width=\"600\" height=\"400\" src=\"https:\/\/gs-silberberg.de\/hp\/wp-content\/uploads\/2024\/11\/IMG_7437-600x400.jpg\" class=\"attachment-gb-block-post-grid-landscape size-gb-block-post-grid-landscape\" alt=\"\" \/><\/a><\/div><div class=\"gb-block-post-grid-text\"><header class=\"gb-block-post-grid-header\"><h3 class=\"gb-block-post-grid-title\"><a href=\"https:\/\/gs-silberberg.de\/hp\/rudolph-und-seine-freunde\/\" rel=\"bookmark\">Rudolph und seine Freunde<\/a><\/h3><div class=\"gb-block-post-grid-byline\"><time datetime=\"2024-11-18T16:39:40+01:00\" class=\"gb-block-post-grid-date\" itemprop=\"datePublished\">18. November 2024<\/time><\/div><\/header><div class=\"gb-block-post-grid-excerpt\"><\/div><\/div><\/article>\n<article id=\"post-3145\" class=\"gb-post-grid-item post-3145 post type-post status-publish format-standard has-post-thumbnail hentry category-aus-den-klassen category-deutsch tag-buecherei tag-schnabeltiere column twocol has-thumbnail\"><div class=\"gb-block-post-grid-image\"><a href=\"https:\/\/gs-silberberg.de\/hp\/schnabeltiere-in-der-stadtbuecherei\/\" rel=\"bookmark\" aria-hidden=\"true\" tabindex=\"-1\"><img loading=\"lazy\" decoding=\"async\" width=\"600\" height=\"400\" src=\"https:\/\/gs-silberberg.de\/hp\/wp-content\/uploads\/2024\/05\/IMG_5012-600x400.jpeg\" class=\"attachment-gb-block-post-grid-landscape size-gb-block-post-grid-landscape\" alt=\"\" \/><\/a><\/div><div class=\"gb-block-post-grid-text\"><header class=\"gb-block-post-grid-header\"><h3 class=\"gb-block-post-grid-title\"><a href=\"https:\/\/gs-silberberg.de\/hp\/schnabeltiere-in-der-stadtbuecherei\/\" rel=\"bookmark\">Schnabeltiere in der Stadtb\u00fccherei\u00a0<\/a><\/h3><div class=\"gb-block-post-grid-byline\"><time datetime=\"2024-05-13T16:53:41+02:00\" class=\"gb-block-post-grid-date\" itemprop=\"datePublished\">13. Mai 2024<\/time><\/div><\/header><div class=\"gb-block-post-grid-excerpt\"><\/div><\/div><\/article>\n<\/div><\/section>","protected":false},"excerpt":{"rendered":"","protected":false},"author":1,"featured_media":0,"parent":0,"menu_order":0,"comment_status":"closed","ping_status":"closed","template":"","meta":{"_uag_custom_page_level_css":"","footnotes":""},"class_list":["post-3043","page","type-page","status-publish","hentry","column","twocol"],"featured_image_src":null,"featured_image_src_square":null,"uagb_featured_image_src":{"full":false,"thumbnail":false,"medium":false,"medium_large":false,"large":false,"1536x1536":false,"2048x2048":false,"gb-block-post-grid-landscape":false,"gb-block-post-grid-square":false,"slider-thumb":false,"blog-thumb":false,"teaser-thumb":false,"gallery-1-thumb":false,"gallery-2-thumb":false,"gallery-3-thumb":false,"image-thumb":false,"video-thumb":false},"uagb_author_info":{"display_name":"Ja","author_link":"https:\/\/gs-silberberg.de\/hp\/author\/admin\/"},"uagb_comment_info":0,"uagb_excerpt":null,"publishpress_future_action":{"enabled":false,"date":"2026-04-24 13:53:16","action":"change-status","newStatus":"draft","terms":[],"taxonomy":"","extraData":[]},"publishpress_future_workflow_manual_trigger":{"enabledWorkflows":[]},"_links":{"self":[{"href":"https:\/\/gs-silberberg.de\/hp\/wp-json\/wp\/v2\/pages\/3043","targetHints":{"allow":["GET"]}}],"collection":[{"href":"https:\/\/gs-silberberg.de\/hp\/wp-json\/wp\/v2\/pages"}],"about":[{"href":"https:\/\/gs-silberberg.de\/hp\/wp-json\/wp\/v2\/types\/page"}],"author":[{"embeddable":true,"href":"https:\/\/gs-silberberg.de\/hp\/wp-json\/wp\/v2\/users\/1"}],"replies":[{"embeddable":true,"href":"https:\/\/gs-silberberg.de\/hp\/wp-json\/wp\/v2\/comments?post=3043"}],"version-history":[{"count":0,"href":"https:\/\/gs-silberberg.de\/hp\/wp-json\/wp\/v2\/pages\/3043\/revisions"}],"wp:attachment":[{"href":"https:\/\/gs-silberberg.de\/hp\/wp-json\/wp\/v2\/media?parent=3043"}],"curies":[{"name":"wp","href":"https:\/\/api.w.org\/{rel}","templated":true}]}}