{"id":3036,"date":"2023-11-28T18:12:15","date_gmt":"2023-11-28T17:12:15","guid":{"rendered":"https:\/\/gs-silberberg.de\/hp\/feste-grundschulzeiten-copy\/"},"modified":"2026-04-15T07:36:33","modified_gmt":"2026-04-15T05:36:33","slug":"feste-grundschulzeiten-copy","status":"publish","type":"page","link":"https:\/\/gs-silberberg.de\/hp\/feste-grundschulzeiten-copy\/","title":{"rendered":"Grundschulbetreuung"},"content":{"rendered":"\n\n\n<div data-wp-interactive=\"core\/file\" class=\"wp-block-file\"><object data-wp-bind--hidden=\"!state.hasPdfPreview\" hidden class=\"wp-block-file__embed\" data=\"https:\/\/gs-silberberg.de\/hp\/wp-content\/uploads\/2026\/04\/Paedagogisches_Konzept_Silberberg-1.pdf\" type=\"application\/pdf\" style=\"width:100%;height:600px\" aria-label=\"Einbettung von P\u00e4dagogisches_Konzept_Silberberg.\"><\/object><a id=\"wp-block-file--media-130c62e5-a3e0-428a-bdc9-66c6836e42e2\" href=\"https:\/\/gs-silberberg.de\/hp\/wp-content\/uploads\/2026\/04\/Paedagogisches_Konzept_Silberberg-1.pdf\">P\u00e4dagogisches_Konzept_Silberberg<\/a><a href=\"https:\/\/gs-silberberg.de\/hp\/wp-content\/uploads\/2026\/04\/Paedagogisches_Konzept_Silberberg-1.pdf\" class=\"wp-block-file__button wp-element-button\" download aria-describedby=\"wp-block-file--media-130c62e5-a3e0-428a-bdc9-66c6836e42e2\">Herunterladen<\/a><\/div>\n\n\n\n<h2>\u00a0<\/h2>\n<h2>\u00a0<\/h2>\n<h2>\u00a0<\/h2>\n<h2>\u00a0<\/h2>\n<h2>\u00a0<\/h2>\n<h2>\u00a0<\/h2>\n<h2>\u00a0<\/h2>\n<p>\u00a0<\/p>\n<p>\u00a0<\/p>\n<p>\u00a0<\/p>\n<h2>Erreichbarkeit der Hortbetreuung:<\/h2>\n<p>Grunds\u00e4tzlich ist das B\u00fcro der Ganztagskoordination der Hortbetreuung unter folgender Telefonnummer zu erreichen: 04152\/841271<\/p>\n<p>Die einzelnen Klassenstufen erreichen Sie in den Betreuungszeiten (12-17 Uhr) direkt unter:<\/p>\n<table style=\"border-collapse: collapse; width: 100%; height: 120px;\">\n<tbody>\n<tr style=\"height: 24px;\">\n<td style=\"width: 50%; height: 24px;\">\n<h4>Fr\u00fchbetreuung:<\/h4>\n6:30 Uhr &#8211; 8:30 Uhr:<\/td>\n<td style=\"width: 50%; height: 24px;\">\n<p>\u00a0<\/p>\n<p>0151\/29162657<\/p>\n<\/td>\n<\/tr>\n<tr style=\"height: 24px;\">\n<td style=\"width: 50%; height: 24px;\">\n<h4>Klassenstufe 1<\/h4>\nW\u00e4hrend der Betreuungszeiten:<\/td>\n<td style=\"width: 50%; height: 24px;\">\n<p>\u00a0<\/p>\n<p>0151\/22114790<\/p>\n<\/td>\n<\/tr>\n<tr style=\"height: 24px;\">\n<td style=\"width: 50%; height: 24px;\">\n<h4>Klassenstufe 2<\/h4>\nW\u00e4hrend der Betreuungszeiten:<\/td>\n<td style=\"width: 50%; height: 24px;\">\n<p>\u00a0<\/p>\n<p>0151\/29162657<\/p>\n<\/td>\n<\/tr>\n<tr style=\"height: 24px;\">\n<td style=\"width: 50%; height: 24px;\">\n<h4>Klassenstufe 3<\/h4>\nW\u00e4hrend der Betreuungszeiten:<\/td>\n<td style=\"width: 50%; height: 24px;\">\n<p>\u00a0<\/p>\n<p>0160\/4532653<\/p>\n<\/td>\n<\/tr>\n<tr style=\"height: 24px;\">\n<td style=\"width: 50%; height: 24px;\">\n<h4>Klassenstufe 4<\/h4>\nW\u00e4hrend der Betreuungszeiten:<\/td>\n<td style=\"width: 50%; height: 24px;\">\n<p>\u00a0<\/p>\n<p>0160\/4528743<\/p>\n<\/td>\n<\/tr>\n<\/tbody>\n<\/table>\n\n\n<div>\n<p>Hier die Informationen der Stadt Geesthacht. N\u00e4here Infos und Dokumente und Antr\u00e4ge finden Sie auf der Internetseite der <a href=\"https:\/\/geesthacht.de\/Leben-in-Geesthacht\/Bildung\/Schulkindbetreuung\/\">Stadt Geesthacht.<\/a><\/p>\n<hr \/>\n<p>Die Betreuung ist an den Unterrichtstagen von Montag bis Freitag von 6.30 Uhr bis 17.00 Uhr in der f\u00fcr die Kinder unterrichtsfreien Zeit ge\u00f6ffnet.<\/p>\n<p>An Sonn- und Feiertagen, Sonnabenden, Schulentwicklungstagen sowie an beweglichen Ferientagen findet keine Betreuung statt.<\/p>\n<h2 class=\"toggler_titel active\">Anmeldung und Abmeldung<\/h2>\n<div class=\"toggler_container\">\n<p>Die Anmeldung f\u00fcr die Teilnahme an der Betreuung erfolgt durch Abgabe des ausgef\u00fcllten Anmeldebogens bei der Betreuungskraft.<\/p>\n<p>Die Anmeldung gilt f\u00fcr die gesamte Dauer des Grundschulbesuchs, sofern keine Abmeldung erfolgt.<\/p>\n<p>Eine Abmeldung w\u00e4hrend des laufenden Schuljahres ist nur in Ausnahmef\u00e4llen m\u00f6glich.<\/p>\n<p>Diese Ausnahmef\u00e4lle entnehmen Sie bitte der Benutzungs- und Geb\u00fchrensatzung f\u00fcr die Schulkindbetreuung an den Geesthachter Grundschulen.<\/p>\n<p>Die Abmeldung muss schriftlich unter Einhaltung einer vierw\u00f6chigen Frist zum Monatsende erfolgen.<\/p>\n<\/div>\n<h2 class=\"toggler_titel active\">Geb\u00fchren<\/h2>\n<div class=\"toggler_container\">Die Benutzungsgeb\u00fchr betr\u00e4gt je zur Betreuung angemeldetem Kind 130,00 \u20ac f\u00fcr die Fr\u00fchbetreuung und die Betreuung bis 17 Uhr.\n<p>Die Zahlungspflicht besteht f\u00fcr 12 Kalendermonate.<\/p>\n<p>Die Kosten f\u00fcr die Ferienbetreuung sind darin inbegriffen.<\/p>\n<\/div>\n<h2 class=\"toggler_titel active\">Geb\u00fchrenerm\u00e4\u00dfigung<\/h2>\n<div class=\"toggler_container\">\n<p>Auf Vorlage eines Leistungsbescheides nach dem Zweiten, Dritten und Zw\u00f6lften Buch des Sozialgesetzbuches, Wohngeldgesetz, Asylbewerberleistungsgesetz und\/oder Kinderzuschlag nach dem Bundeskindergeldgesetz kann die Geb\u00fchr um 100 % erm\u00e4\u00dfigt werden.<\/p>\n<p>Au\u00dferdem wird eine Erm\u00e4\u00dfigung f\u00fcr Geschwisterkinder in folgender H\u00f6he gew\u00e4hrt:<\/p>\n<p>a) f\u00fcr das erste Geschwisterkind 50 %<\/p>\n<p>b) ab dem zweiten Geschwisterkind 100%<\/p>\n<\/div>\n<h2 class=\"toggler_titel active\">Ferienbetreuung<\/h2>\n<div class=\"toggler_container\">\n<p>Im Rahmen der Grundschulbetreuung wird eine Ferienbetreuung angeboten.<\/p>\n<p>Die Zeiten der Ferienbetreuung werden durch Aushang rechtzeitig bekanntgegeben.<\/p>\n<p>Die Ferienbetreuung umfasst insgesamt 9 Wochen.<\/p>\n<p>F\u00fcr die Ferienbetreuung ist eine gesonderte Anmeldung erforderlich.<\/p>\n<\/div>\n<\/div>\n<div id='gallery-1' class='gallery galleryid-3036 gallery-columns-2 gallery-size-medium'><figure class='gallery-item'>\n\t\t\t<div class='gallery-icon landscape'>\n\t\t\t\t<a rel='attachment' href='https:\/\/gs-silberberg.de\/hp\/wp-content\/uploads\/2016\/02\/Bild-3.jpg'><img loading=\"lazy\" decoding=\"async\" width=\"300\" height=\"199\" src=\"https:\/\/gs-silberberg.de\/hp\/wp-content\/uploads\/2016\/02\/Bild-3-300x199.jpg\" class=\"attachment-medium size-medium\" alt=\"\" srcset=\"https:\/\/gs-silberberg.de\/hp\/wp-content\/uploads\/2016\/02\/Bild-3-300x199.jpg 300w, https:\/\/gs-silberberg.de\/hp\/wp-content\/uploads\/2016\/02\/Bild-3-768x509.jpg 768w, https:\/\/gs-silberberg.de\/hp\/wp-content\/uploads\/2016\/02\/Bild-3.jpg 1024w, https:\/\/gs-silberberg.de\/hp\/wp-content\/uploads\/2016\/02\/Bild-3-700x464.jpg 700w, https:\/\/gs-silberberg.de\/hp\/wp-content\/uploads\/2016\/02\/Bild-3-332x220.jpg 332w\" sizes=\"auto, (max-width: 300px) 100vw, 300px\" \/><\/a>\n\t\t\t<\/div><\/figure><figure class='gallery-item'>\n\t\t\t<div class='gallery-icon portrait'>\n\t\t\t\t<a rel='attachment' href='https:\/\/gs-silberberg.de\/hp\/wp-content\/uploads\/2016\/02\/Bild-5.jpg'><img loading=\"lazy\" decoding=\"async\" width=\"212\" height=\"300\" src=\"https:\/\/gs-silberberg.de\/hp\/wp-content\/uploads\/2016\/02\/Bild-5-212x300.jpg\" class=\"attachment-medium size-medium\" alt=\"\" srcset=\"https:\/\/gs-silberberg.de\/hp\/wp-content\/uploads\/2016\/02\/Bild-5-212x300.jpg 212w, https:\/\/gs-silberberg.de\/hp\/wp-content\/uploads\/2016\/02\/Bild-5-332x470.jpg 332w, https:\/\/gs-silberberg.de\/hp\/wp-content\/uploads\/2016\/02\/Bild-5.jpg 543w\" sizes=\"auto, (max-width: 212px) 100vw, 212px\" \/><\/a>\n\t\t\t<\/div><\/figure><figure class='gallery-item'>\n\t\t\t<div class='gallery-icon landscape'>\n\t\t\t\t<a rel='attachment' href='https:\/\/gs-silberberg.de\/hp\/wp-content\/uploads\/2016\/02\/Bild-6.jpg'><img loading=\"lazy\" decoding=\"async\" width=\"300\" height=\"292\" src=\"https:\/\/gs-silberberg.de\/hp\/wp-content\/uploads\/2016\/02\/Bild-6-300x292.jpg\" class=\"attachment-medium size-medium\" alt=\"\" srcset=\"https:\/\/gs-silberberg.de\/hp\/wp-content\/uploads\/2016\/02\/Bild-6-300x292.jpg 300w, https:\/\/gs-silberberg.de\/hp\/wp-content\/uploads\/2016\/02\/Bild-6-768x749.jpg 768w, https:\/\/gs-silberberg.de\/hp\/wp-content\/uploads\/2016\/02\/Bild-6-700x682.jpg 700w, https:\/\/gs-silberberg.de\/hp\/wp-content\/uploads\/2016\/02\/Bild-6-332x324.jpg 332w, https:\/\/gs-silberberg.de\/hp\/wp-content\/uploads\/2016\/02\/Bild-6.jpg 788w\" sizes=\"auto, (max-width: 300px) 100vw, 300px\" \/><\/a>\n\t\t\t<\/div><\/figure><figure class='gallery-item'>\n\t\t\t<div class='gallery-icon landscape'>\n\t\t\t\t<a rel='attachment' href='https:\/\/gs-silberberg.de\/hp\/wp-content\/uploads\/2016\/02\/Bild-4.jpg'><img loading=\"lazy\" decoding=\"async\" width=\"300\" height=\"210\" src=\"https:\/\/gs-silberberg.de\/hp\/wp-content\/uploads\/2016\/02\/Bild-4-300x210.jpg\" class=\"attachment-medium size-medium\" alt=\"\" srcset=\"https:\/\/gs-silberberg.de\/hp\/wp-content\/uploads\/2016\/02\/Bild-4-300x210.jpg 300w, https:\/\/gs-silberberg.de\/hp\/wp-content\/uploads\/2016\/02\/Bild-4-768x537.jpg 768w, https:\/\/gs-silberberg.de\/hp\/wp-content\/uploads\/2016\/02\/Bild-4.jpg 1024w, https:\/\/gs-silberberg.de\/hp\/wp-content\/uploads\/2016\/02\/Bild-4-700x489.jpg 700w, https:\/\/gs-silberberg.de\/hp\/wp-content\/uploads\/2016\/02\/Bild-4-332x232.jpg 332w\" sizes=\"auto, (max-width: 300px) 100vw, 300px\" \/><\/a>\n\t\t\t<\/div><\/figure>\n\t\t<\/div>\n\n<p>F\u00fcr die Anmeldung ist Frau Stamer unter der Nummer 04152 13214 (Rathaus Geesthacht) zust\u00e4ndig.<\/p>\n<p style=\"text-align: center;\"><a href=\"https:\/\/geesthacht.de\/Leben-in-Geesthacht\/Bildung\/Schulen\/\" target=\"_blank\" rel=\"noopener\">Stadt Geesthacht<\/a><\/p>\n\n\n\n<section class='__wpdm_gb_section __wpdm_gb_packages'><div class='w3eden'>\n    <div class=''>\n\n        \n        <div id=\"content_wpdm_package_1\">\n            <div class='row'><div class='col-lg-12 col-md-12 col-12'><!-- WPDM Link Template: Default Template ( Old ) -->\n\n\n<div class=\"wpdm-link-template link-template-default\" >\n\n    <div class=\"media\">\n        <div class=\"mr-3\"><img decoding=\"async\" class=\"wpdm_icon\" alt=\"Icon\" src=\"https:\/\/gs-silberberg.de\/hp\/wp-content\/plugins\/download-manager\/assets\/file-type-icons\/web.svg\" \/><\/div>\n        <div class=\"media-body\">\n            <div>\n                <strong class=\"package-title\">SEPA-Lastschriftmandat f\u00fcr den Fachdienst Schule<\/strong> | 0.00 KB\n            <\/div>\n            <a class='wpdm-download-link download-on-click btn btn-primary btn-xs' rel='nofollow' href='#' data-downloadurl=\"https:\/\/gs-silberberg.de\/hp\/download\/sepa-lastschriftmandat-fuer-den-fachdienst-schule\/?wpdmdl=3259&#038;refresh=69e21f192454e1776426777\">Download<\/a>\n        <\/div>\n\n    <\/div>\n    <div style=\"clear: both\"><\/div>\n<\/div>\n<div style=\"clear: both\"><\/div>\n\n<\/div><div class='col-lg-12 col-md-12 col-12'><!-- WPDM Link Template: Default Template ( Old ) -->\n\n\n<div class=\"wpdm-link-template link-template-default\" >\n\n    <div class=\"media\">\n        <div class=\"mr-3\"><img decoding=\"async\" class=\"wpdm_icon\" alt=\"Icon\" src=\"https:\/\/gs-silberberg.de\/hp\/wp-content\/plugins\/download-manager\/assets\/file-type-icons\/web.svg\" \/><\/div>\n        <div class=\"media-body\">\n            <div>\n                <strong class=\"package-title\">Benutzungs- und Geb\u00fchrensatzung f\u00fcr die Schulkindbetreuung an den Geesthachter Grundschulen<\/strong> | 0.00 KB\n            <\/div>\n            <a class='wpdm-download-link download-on-click btn btn-primary btn-xs' rel='nofollow' href='#' data-downloadurl=\"https:\/\/gs-silberberg.de\/hp\/download\/benutzungs-und-gebuehrensatzung-fuer-die-schulkindbetreuung-an-den-geesthachter-grundschulen-ab-01-08-2023\/?wpdmdl=3055&#038;refresh=69e21f192735d1776426777\">Download<\/a>\n        <\/div>\n\n    <\/div>\n    <div style=\"clear: both\"><\/div>\n<\/div>\n<div style=\"clear: both\"><\/div>\n\n<\/div><div class='col-lg-12 col-md-12 col-12'><!-- WPDM Link Template: Default Template ( Old ) -->\n\n\n<div class=\"wpdm-link-template link-template-default\" >\n\n    <div class=\"media\">\n        <div class=\"mr-3\"><img decoding=\"async\" class=\"wpdm_icon\" alt=\"Icon\" src=\"https:\/\/gs-silberberg.de\/hp\/wp-content\/plugins\/download-manager\/assets\/file-type-icons\/web.svg\" \/><\/div>\n        <div class=\"media-body\">\n            <div>\n                <strong class=\"package-title\">Bescheiniging \u00fcber Berufst\u00e4tigkeit<\/strong> | 0.00 KB\n            <\/div>\n            <a class='wpdm-download-link download-on-click btn btn-primary btn-xs' rel='nofollow' href='#' data-downloadurl=\"https:\/\/gs-silberberg.de\/hp\/download\/bescheiniging-ueber-berufstaetigkeit\/?wpdmdl=3054&#038;refresh=69e21f19289af1776426777\">Download<\/a>\n        <\/div>\n\n    <\/div>\n    <div style=\"clear: both\"><\/div>\n<\/div>\n<div style=\"clear: both\"><\/div>\n\n<\/div><div class='col-lg-12 col-md-12 col-12'><!-- WPDM Link Template: Default Template ( Old ) -->\n\n\n<div class=\"wpdm-link-template link-template-default\" >\n\n    <div class=\"media\">\n        <div class=\"mr-3\"><img decoding=\"async\" class=\"wpdm_icon\" alt=\"Icon\" src=\"https:\/\/gs-silberberg.de\/hp\/wp-content\/plugins\/download-manager\/assets\/file-type-icons\/web.svg\" \/><\/div>\n        <div class=\"media-body\">\n            <div>\n                <strong class=\"package-title\">Anmeldeformular Betreuung 2025-2026 (Fristen: Neue 1. Kl\u00e4ssler: 31.1.25; Klassen 2-4: 28.2.25)<\/strong> | 0.00 KB\n            <\/div>\n            <a class='wpdm-download-link download-on-click btn btn-primary btn-xs' rel='nofollow' href='#' data-downloadurl=\"https:\/\/gs-silberberg.de\/hp\/download\/anmeldeformular-betreuung-2024-2025-fuer-neue-1-klaessler\/?wpdmdl=3052&#038;refresh=69e21f1929e531776426777\">Download<\/a>\n        <\/div>\n\n    <\/div>\n    <div style=\"clear: both\"><\/div>\n<\/div>\n<div style=\"clear: both\"><\/div>\n\n<\/div><\/div>            <div style='clear:both'><\/div><div class='text-center'><ul class='pagination wpdm-pagination pagination-centered text-center async'><\/ul><\/div><div style='clear:both'><\/div>        <\/div>\n\n        <div style='clear:both'><\/div>\n    <\/div>\n<\/div>\n<\/section>","protected":false},"excerpt":{"rendered":"<p>\u00a0 \u00a0 \u00a0 \u00a0 \u00a0 \u00a0 \u00a0 \u00a0 \u00a0 \u00a0 Erreichbarkeit der Hortbetreuung: Grunds\u00e4tzlich ist das B\u00fcro der Ganztagskoordination der Hortbetreuung unter folgender Telefonnummer zu erreichen: 04152\/841271 Die einzelnen Klassenstufen erreichen Sie in den Betreuungszeiten (12-17 Uhr) direkt unter: Fr\u00fchbetreuung: 6:30 Uhr &#8211; 8:30 Uhr: \u00a0 0151\/29162657 Klassenstufe 1 W\u00e4hrend &#8230;<\/p>\n","protected":false},"author":1,"featured_media":0,"parent":0,"menu_order":0,"comment_status":"closed","ping_status":"closed","template":"","meta":{"_uag_custom_page_level_css":"","footnotes":""},"class_list":["post-3036","page","type-page","status-publish","hentry","column","onecol"],"featured_image_src":null,"featured_image_src_square":null,"uagb_featured_image_src":{"full":false,"thumbnail":false,"medium":false,"medium_large":false,"large":false,"1536x1536":false,"2048x2048":false,"gb-block-post-grid-landscape":false,"gb-block-post-grid-square":false,"slider-thumb":false,"blog-thumb":false,"teaser-thumb":false,"gallery-1-thumb":false,"gallery-2-thumb":false,"gallery-3-thumb":false,"image-thumb":false,"video-thumb":false},"uagb_author_info":{"display_name":"Ja","author_link":"https:\/\/gs-silberberg.de\/hp\/author\/admin\/"},"uagb_comment_info":0,"uagb_excerpt":"\u00a0 \u00a0 \u00a0 \u00a0 \u00a0 \u00a0 \u00a0 \u00a0 \u00a0 \u00a0 Erreichbarkeit der Hortbetreuung: Grunds\u00e4tzlich ist das B\u00fcro der Ganztagskoordination der Hortbetreuung unter folgender Telefonnummer zu erreichen: 04152\/841271 Die einzelnen Klassenstufen erreichen Sie in den Betreuungszeiten (12-17 Uhr) direkt unter: Fr\u00fchbetreuung: 6:30 Uhr &#8211; 8:30 Uhr: \u00a0 0151\/29162657 Klassenstufe 1 W\u00e4hrend &#8230;","publishpress_future_action":{"enabled":false,"date":"2026-04-24 13:52:57","action":"change-status","newStatus":"draft","terms":[],"taxonomy":"","extraData":[]},"publishpress_future_workflow_manual_trigger":{"enabledWorkflows":[]},"_links":{"self":[{"href":"https:\/\/gs-silberberg.de\/hp\/wp-json\/wp\/v2\/pages\/3036","targetHints":{"allow":["GET"]}}],"collection":[{"href":"https:\/\/gs-silberberg.de\/hp\/wp-json\/wp\/v2\/pages"}],"about":[{"href":"https:\/\/gs-silberberg.de\/hp\/wp-json\/wp\/v2\/types\/page"}],"author":[{"embeddable":true,"href":"https:\/\/gs-silberberg.de\/hp\/wp-json\/wp\/v2\/users\/1"}],"replies":[{"embeddable":true,"href":"https:\/\/gs-silberberg.de\/hp\/wp-json\/wp\/v2\/comments?post=3036"}],"version-history":[{"count":5,"href":"https:\/\/gs-silberberg.de\/hp\/wp-json\/wp\/v2\/pages\/3036\/revisions"}],"predecessor-version":[{"id":3675,"href":"https:\/\/gs-silberberg.de\/hp\/wp-json\/wp\/v2\/pages\/3036\/revisions\/3675"}],"wp:attachment":[{"href":"https:\/\/gs-silberberg.de\/hp\/wp-json\/wp\/v2\/media?parent=3036"}],"curies":[{"name":"wp","href":"https:\/\/api.w.org\/{rel}","templated":true}]}}