{"id":2810,"date":"2023-02-19T11:27:19","date_gmt":"2023-02-19T10:27:19","guid":{"rendered":"https:\/\/gs-silberberg.de\/hp\/unsere-faecher\/sport-copy-copy-2-copy-copy-copy-copy-2\/"},"modified":"2023-02-19T12:18:22","modified_gmt":"2023-02-19T11:18:22","slug":"technik","status":"publish","type":"page","link":"https:\/\/gs-silberberg.de\/hp\/unsere-faecher\/technik\/","title":{"rendered":"Technik"},"content":{"rendered":"<div class=\"wp-block-image\">\n<figure class=\"alignleft size-full\"><a href=\"https:\/\/gs-silberberg.de\/hp\/wp-content\/uploads\/2023\/02\/Si_-LOGO-_Blau-auf-Weiss-Technik.jpg\"><img loading=\"lazy\" decoding=\"async\" width=\"145\" height=\"146\" src=\"https:\/\/gs-silberberg.de\/hp\/wp-content\/uploads\/2023\/02\/Si_-LOGO-_Blau-auf-Weiss-Technik.jpg\" alt=\"\" class=\"wp-image-2811\"\/><\/a><\/figure>\n<\/div>\n\n\n<p>Wir wollen unseren Sch\u00fclerinnen und Sch\u00fclern die M\u00f6glichkeit geben, Technik zu verstehen, zu erfinden, zu gestalten und zu bewerten.<\/p>\n<p>Der Unterricht kn\u00fcpft dabei an den Vorerfahrungen aus dem Erlebnis- und Erfahrungsbereich der Kinder und den damit verbundenen Fragestellungen an.<\/p>\n<p><strong>Kompetenzstufe1:<\/strong> sachgem\u00e4\u00dfer Umgang mit Werkzeugen und Materialien<\/p>\n<p><strong>Kompetenzstufe 2<\/strong>: Untersuchen von technischen Gegenst\u00e4nden und Erfinden technischer L\u00f6sungen<\/p>\n<p><strong>Kompetenzstufe 3<\/strong>: Technische Entwicklungen und ihre Folgewirkungen bewerten<\/p>\n\n\n\n<h3>Voraussetzungen und Organisation an unserer Schule<\/h3>\n<p><img loading=\"lazy\" decoding=\"async\" class=\"size-medium wp-image-2813 alignright\" src=\"https:\/\/gs-silberberg.de\/hp\/wp-content\/uploads\/2023\/02\/Werkraum-300x219.jpg\" alt=\"\" width=\"300\" height=\"219\" srcset=\"https:\/\/gs-silberberg.de\/hp\/wp-content\/uploads\/2023\/02\/Werkraum-300x219.jpg 300w, https:\/\/gs-silberberg.de\/hp\/wp-content\/uploads\/2023\/02\/Werkraum-1024x748.jpg 1024w, https:\/\/gs-silberberg.de\/hp\/wp-content\/uploads\/2023\/02\/Werkraum-768x561.jpg 768w, https:\/\/gs-silberberg.de\/hp\/wp-content\/uploads\/2023\/02\/Werkraum-1536x1122.jpg 1536w, https:\/\/gs-silberberg.de\/hp\/wp-content\/uploads\/2023\/02\/Werkraum-2048x1496.jpg 2048w, https:\/\/gs-silberberg.de\/hp\/wp-content\/uploads\/2023\/02\/Werkraum-700x511.jpg 700w, https:\/\/gs-silberberg.de\/hp\/wp-content\/uploads\/2023\/02\/Werkraum-332x242.jpg 332w\" sizes=\"auto, (max-width: 300px) 100vw, 300px\" \/>Die Inhalte und ausgew\u00e4hlte Themen des Technikunterrichtes werden an der Silberbergschule<\/p>\n<ol>\n<li>f\u00e4cherverbindend mit dem Fach Sachunterricht (individuelle Absprachen)<\/li>\n<li>in Arbeitsgemeinschaften (zus\u00e4tzliche vertiefende Angebote)<\/li>\n<li>und im 4. Schuljahr f\u00fcr ein Halbjahr (eine Doppelstunde)<\/li>\n<\/ol>\n<p>\u00a0unterrichtet.<\/p>\n<p>Die Silberbergschule verf\u00fcgt \u00fcber einen gut ausgestatteten Fachraum, in dem die Kinder den Umgang mit Werkzeugen erlernen und an ihren problemorientierten Aufgaben in einem Werkstattumfeld arbeiten k\u00f6nnen.<\/p>\n\n\n\n<p>In den neuen Fachanforderungen werden 6 Handlungsfelder und m\u00f6gliche Themen und Inhalte ausf\u00fchrlich beschrieben.<\/p>\n<table style=\"border-collapse: collapse; width: 100%; height: 1068px;\">\n<tbody>\n<tr style=\"height: 125px;\">\n<th style=\"width: 30.8334%; height: 125px; vertical-align: middle; border-style: solid;\">\n<p>Inhaltsbezogene Kompetenzbereiche\/ Handlungsfelder<\/p>\n<strong>m\u00f6gliche Themen und Inhalte<\/strong><\/th>\n<th style=\"width: 69.1666%; height: 125px; border-style: solid; vertical-align: middle;\">Beispiele &#8211; Sch\u00fclerarbeiten<\/th>\n<\/tr>\n<tr style=\"height: 24px;\">\n<td style=\"width: 30.8334%; height: 24px; vertical-align: top; border-style: solid;\">\u00a0<\/td>\n<td style=\"width: 69.1666%; height: 24px; border-style: solid; vertical-align: top;\">\u00a0<\/td>\n<\/tr>\n<tr style=\"height: 234px;\">\n<td style=\"width: 30.8334%; height: 234px; vertical-align: top; border-style: solid;\">\n<p>Freizeit und Haushalt<\/p>\n<p><strong>Ein Spiel im Holzkasten<\/strong><\/p>\n<p>Werkzeugf\u00fchrerschein &#8211; Verwendung von Werkzeugen (S\u00e4ge, Raspel, Feile, Schleifpapier, Stahllineal, Winkel, Hammer)<\/p>\n<\/td>\n<td style=\"width: 69.1666%; height: 234px; border-style: solid; vertical-align: top;\">\n<p><img loading=\"lazy\" decoding=\"async\" class=\"wp-image-2814 alignleft\" src=\"https:\/\/gs-silberberg.de\/hp\/wp-content\/uploads\/2023\/02\/20171012_115045-300x295.jpg\" alt=\"\" width=\"193\" height=\"190\" srcset=\"https:\/\/gs-silberberg.de\/hp\/wp-content\/uploads\/2023\/02\/20171012_115045-300x295.jpg 300w, https:\/\/gs-silberberg.de\/hp\/wp-content\/uploads\/2023\/02\/20171012_115045-1024x1005.jpg 1024w, https:\/\/gs-silberberg.de\/hp\/wp-content\/uploads\/2023\/02\/20171012_115045-768x754.jpg 768w, https:\/\/gs-silberberg.de\/hp\/wp-content\/uploads\/2023\/02\/20171012_115045-1536x1508.jpg 1536w, https:\/\/gs-silberberg.de\/hp\/wp-content\/uploads\/2023\/02\/20171012_115045-2048x2011.jpg 2048w, https:\/\/gs-silberberg.de\/hp\/wp-content\/uploads\/2023\/02\/20171012_115045-700x687.jpg 700w, https:\/\/gs-silberberg.de\/hp\/wp-content\/uploads\/2023\/02\/20171012_115045-332x326.jpg 332w\" sizes=\"auto, (max-width: 193px) 100vw, 193px\" \/><\/p>\n<img loading=\"lazy\" decoding=\"async\" class=\"wp-image-2815 alignleft\" src=\"https:\/\/gs-silberberg.de\/hp\/wp-content\/uploads\/2023\/02\/DSC_2480-274x300.jpg\" alt=\"\" width=\"173\" height=\"190\" srcset=\"https:\/\/gs-silberberg.de\/hp\/wp-content\/uploads\/2023\/02\/DSC_2480-274x300.jpg 274w, https:\/\/gs-silberberg.de\/hp\/wp-content\/uploads\/2023\/02\/DSC_2480-934x1024.jpg 934w, https:\/\/gs-silberberg.de\/hp\/wp-content\/uploads\/2023\/02\/DSC_2480-768x842.jpg 768w, https:\/\/gs-silberberg.de\/hp\/wp-content\/uploads\/2023\/02\/DSC_2480-1401x1536.jpg 1401w, https:\/\/gs-silberberg.de\/hp\/wp-content\/uploads\/2023\/02\/DSC_2480-1868x2048.jpg 1868w, https:\/\/gs-silberberg.de\/hp\/wp-content\/uploads\/2023\/02\/DSC_2480-700x767.jpg 700w, https:\/\/gs-silberberg.de\/hp\/wp-content\/uploads\/2023\/02\/DSC_2480-332x364.jpg 332w\" sizes=\"auto, (max-width: 173px) 100vw, 173px\" \/><\/td>\n<\/tr>\n<tr style=\"height: 209px;\">\n<td style=\"width: 30.8334%; height: 209px; vertical-align: top; border-style: solid;\">\n<p>Arbeit und Produktion<\/p>\n<p><strong>Bau von Funktionsmodellen (<\/strong>z.B.: Windrad<strong>)<\/strong><\/p>\n<\/td>\n<td style=\"width: 69.1666%; height: 209px; border-style: solid; vertical-align: top;\"><img loading=\"lazy\" decoding=\"async\" class=\"wp-image-2816 alignleft\" src=\"https:\/\/gs-silberberg.de\/hp\/wp-content\/uploads\/2023\/02\/Schule-07-001-300x210.jpg\" alt=\"\" width=\"271\" height=\"190\" srcset=\"https:\/\/gs-silberberg.de\/hp\/wp-content\/uploads\/2023\/02\/Schule-07-001-300x210.jpg 300w, https:\/\/gs-silberberg.de\/hp\/wp-content\/uploads\/2023\/02\/Schule-07-001-1024x716.jpg 1024w, https:\/\/gs-silberberg.de\/hp\/wp-content\/uploads\/2023\/02\/Schule-07-001-768x537.jpg 768w, https:\/\/gs-silberberg.de\/hp\/wp-content\/uploads\/2023\/02\/Schule-07-001-700x489.jpg 700w, https:\/\/gs-silberberg.de\/hp\/wp-content\/uploads\/2023\/02\/Schule-07-001-332x232.jpg 332w, https:\/\/gs-silberberg.de\/hp\/wp-content\/uploads\/2023\/02\/Schule-07-001.jpg 1077w\" sizes=\"auto, (max-width: 271px) 100vw, 271px\" \/> <img loading=\"lazy\" decoding=\"async\" class=\"alignleft wp-image-2817\" src=\"https:\/\/gs-silberberg.de\/hp\/wp-content\/uploads\/2023\/02\/IMG_0613-225x300.jpg\" alt=\"\" width=\"143\" height=\"190\" srcset=\"https:\/\/gs-silberberg.de\/hp\/wp-content\/uploads\/2023\/02\/IMG_0613-225x300.jpg 225w, https:\/\/gs-silberberg.de\/hp\/wp-content\/uploads\/2023\/02\/IMG_0613-332x443.jpg 332w, https:\/\/gs-silberberg.de\/hp\/wp-content\/uploads\/2023\/02\/IMG_0613-rotated.jpg 480w\" sizes=\"auto, (max-width: 143px) 100vw, 143px\" \/><\/td>\n<\/tr>\n<tr style=\"height: 234px;\">\n<td style=\"width: 30.8334%; height: 234px; vertical-align: top; border-style: solid;\">\n<p>Information und Kommunikation<\/p>\n<p><strong>Robotik \u2013 informatische Grundbildung<\/strong><\/p>\n<p>Dein Fahrzeug soll allein (ohne Handsteuerung) zu einem vorher bestimmten Ziel fahren.<\/p>\n<\/td>\n<td style=\"width: 69.1666%; height: 234px; border-style: solid; vertical-align: top;\">\n<p><img loading=\"lazy\" decoding=\"async\" class=\"alignleft wp-image-2820\" src=\"https:\/\/gs-silberberg.de\/hp\/wp-content\/uploads\/2023\/02\/20181027_143701-Kopie-300x207.jpg\" alt=\"\" width=\"196\" height=\"135\" srcset=\"https:\/\/gs-silberberg.de\/hp\/wp-content\/uploads\/2023\/02\/20181027_143701-Kopie-300x207.jpg 300w, https:\/\/gs-silberberg.de\/hp\/wp-content\/uploads\/2023\/02\/20181027_143701-Kopie-1024x707.jpg 1024w, https:\/\/gs-silberberg.de\/hp\/wp-content\/uploads\/2023\/02\/20181027_143701-Kopie-768x530.jpg 768w, https:\/\/gs-silberberg.de\/hp\/wp-content\/uploads\/2023\/02\/20181027_143701-Kopie-700x483.jpg 700w, https:\/\/gs-silberberg.de\/hp\/wp-content\/uploads\/2023\/02\/20181027_143701-Kopie-332x229.jpg 332w, https:\/\/gs-silberberg.de\/hp\/wp-content\/uploads\/2023\/02\/20181027_143701-Kopie.jpg 1033w\" sizes=\"auto, (max-width: 196px) 100vw, 196px\" \/><\/p>\n<p><img loading=\"lazy\" decoding=\"async\" class=\"alignleft wp-image-2819\" src=\"https:\/\/gs-silberberg.de\/hp\/wp-content\/uploads\/2023\/02\/Bild1-300x168.jpg\" alt=\"\" width=\"242\" height=\"135\" srcset=\"https:\/\/gs-silberberg.de\/hp\/wp-content\/uploads\/2023\/02\/Bild1-300x168.jpg 300w, https:\/\/gs-silberberg.de\/hp\/wp-content\/uploads\/2023\/02\/Bild1-1024x572.jpg 1024w, https:\/\/gs-silberberg.de\/hp\/wp-content\/uploads\/2023\/02\/Bild1-768x429.jpg 768w, https:\/\/gs-silberberg.de\/hp\/wp-content\/uploads\/2023\/02\/Bild1-700x393.jpg 700w, https:\/\/gs-silberberg.de\/hp\/wp-content\/uploads\/2023\/02\/Bild1-332x186.jpg 332w, https:\/\/gs-silberberg.de\/hp\/wp-content\/uploads\/2023\/02\/Bild1.jpg 1047w\" sizes=\"auto, (max-width: 242px) 100vw, 242px\" \/><\/p>\n<\/td>\n<\/tr>\n<tr style=\"height: 170px;\">\n<td style=\"width: 30.8334%; height: 170px; vertical-align: top; border-style: solid;\">\n<p>Versorgung und Entsorgung<\/p>\n<p><strong>Stromkreis<\/strong><\/p>\n<p>Wie kommt das Licht in mein Zimmer?<\/p>\n<\/td>\n<td style=\"width: 69.1666%; height: 170px; border-style: solid; vertical-align: top;\"><img loading=\"lazy\" decoding=\"async\" class=\"alignleft wp-image-2822 size-thumbnail\" src=\"https:\/\/gs-silberberg.de\/hp\/wp-content\/uploads\/2023\/02\/DSC_4428-150x150.jpg\" alt=\"\" width=\"150\" height=\"150\" srcset=\"https:\/\/gs-silberberg.de\/hp\/wp-content\/uploads\/2023\/02\/DSC_4428-150x150.jpg 150w, https:\/\/gs-silberberg.de\/hp\/wp-content\/uploads\/2023\/02\/DSC_4428-268x268.jpg 268w\" sizes=\"auto, (max-width: 150px) 100vw, 150px\" \/> <img loading=\"lazy\" decoding=\"async\" class=\"alignleft wp-image-2823\" src=\"https:\/\/gs-silberberg.de\/hp\/wp-content\/uploads\/2023\/02\/DSC_4421-scaled.jpg\" alt=\"\" width=\"226\" height=\"150\" srcset=\"https:\/\/gs-silberberg.de\/hp\/wp-content\/uploads\/2023\/02\/DSC_4421-scaled.jpg 2560w, https:\/\/gs-silberberg.de\/hp\/wp-content\/uploads\/2023\/02\/DSC_4421-300x199.jpg 300w, https:\/\/gs-silberberg.de\/hp\/wp-content\/uploads\/2023\/02\/DSC_4421-1024x680.jpg 1024w, https:\/\/gs-silberberg.de\/hp\/wp-content\/uploads\/2023\/02\/DSC_4421-768x510.jpg 768w, https:\/\/gs-silberberg.de\/hp\/wp-content\/uploads\/2023\/02\/DSC_4421-1536x1020.jpg 1536w, https:\/\/gs-silberberg.de\/hp\/wp-content\/uploads\/2023\/02\/DSC_4421-2048x1360.jpg 2048w, https:\/\/gs-silberberg.de\/hp\/wp-content\/uploads\/2023\/02\/DSC_4421-600x400.jpg 600w, https:\/\/gs-silberberg.de\/hp\/wp-content\/uploads\/2023\/02\/DSC_4421-700x465.jpg 700w, https:\/\/gs-silberberg.de\/hp\/wp-content\/uploads\/2023\/02\/DSC_4421-332x221.jpg 332w\" sizes=\"auto, (max-width: 226px) 100vw, 226px\" \/><\/td>\n<\/tr>\n<tr style=\"height: 24px;\">\n<td style=\"width: 30.8334%; height: 24px; vertical-align: top; border-style: solid;\">\n<p>Bauen und gebaute Umwelt<\/p>\n<strong>Bauwerke &#8211; Statisch konstruktives Bauen<\/strong><\/td>\n<td style=\"width: 69.1666%; height: 24px; border-style: solid; vertical-align: top;\"><img loading=\"lazy\" decoding=\"async\" class=\"alignleft wp-image-2824 size-thumbnail\" src=\"https:\/\/gs-silberberg.de\/hp\/wp-content\/uploads\/2023\/02\/P1030230-150x150.jpg\" alt=\"\" width=\"150\" height=\"150\" srcset=\"https:\/\/gs-silberberg.de\/hp\/wp-content\/uploads\/2023\/02\/P1030230-150x150.jpg 150w, https:\/\/gs-silberberg.de\/hp\/wp-content\/uploads\/2023\/02\/P1030230-600x600.jpg 600w, https:\/\/gs-silberberg.de\/hp\/wp-content\/uploads\/2023\/02\/P1030230-432x432.jpg 432w, https:\/\/gs-silberberg.de\/hp\/wp-content\/uploads\/2023\/02\/P1030230-268x268.jpg 268w\" sizes=\"auto, (max-width: 150px) 100vw, 150px\" \/> <img loading=\"lazy\" decoding=\"async\" class=\"alignleft wp-image-2825\" src=\"https:\/\/gs-silberberg.de\/hp\/wp-content\/uploads\/2023\/02\/DSC_2090.jpg\" alt=\"\" width=\"106\" height=\"150\" srcset=\"https:\/\/gs-silberberg.de\/hp\/wp-content\/uploads\/2023\/02\/DSC_2090.jpg 1651w, https:\/\/gs-silberberg.de\/hp\/wp-content\/uploads\/2023\/02\/DSC_2090-212x300.jpg 212w, https:\/\/gs-silberberg.de\/hp\/wp-content\/uploads\/2023\/02\/DSC_2090-722x1024.jpg 722w, https:\/\/gs-silberberg.de\/hp\/wp-content\/uploads\/2023\/02\/DSC_2090-768x1089.jpg 768w, https:\/\/gs-silberberg.de\/hp\/wp-content\/uploads\/2023\/02\/DSC_2090-1083x1536.jpg 1083w, https:\/\/gs-silberberg.de\/hp\/wp-content\/uploads\/2023\/02\/DSC_2090-1444x2048.jpg 1444w, https:\/\/gs-silberberg.de\/hp\/wp-content\/uploads\/2023\/02\/DSC_2090-700x993.jpg 700w, https:\/\/gs-silberberg.de\/hp\/wp-content\/uploads\/2023\/02\/DSC_2090-332x471.jpg 332w\" sizes=\"auto, (max-width: 106px) 100vw, 106px\" \/> <img loading=\"lazy\" decoding=\"async\" class=\"alignleft wp-image-2826 size-thumbnail\" src=\"https:\/\/gs-silberberg.de\/hp\/wp-content\/uploads\/2023\/02\/DSC_3663-150x150.jpg\" alt=\"\" width=\"150\" height=\"150\" srcset=\"https:\/\/gs-silberberg.de\/hp\/wp-content\/uploads\/2023\/02\/DSC_3663-150x150.jpg 150w, https:\/\/gs-silberberg.de\/hp\/wp-content\/uploads\/2023\/02\/DSC_3663-600x600.jpg 600w, https:\/\/gs-silberberg.de\/hp\/wp-content\/uploads\/2023\/02\/DSC_3663-432x432.jpg 432w, https:\/\/gs-silberberg.de\/hp\/wp-content\/uploads\/2023\/02\/DSC_3663-268x268.jpg 268w\" sizes=\"auto, (max-width: 150px) 100vw, 150px\" \/><\/td>\n<\/tr>\n<tr style=\"height: 24px;\">\n<td style=\"width: 30.8334%; height: 24px; vertical-align: top; border-style: solid;\">\n<p>Transport und Verkehr<\/p>\n<p><strong>Fahrzeuge und Erfindungen<\/strong><\/p>\n<p><strong>Auf diesem Gebiet<\/strong><\/p>\n<\/td>\n<td style=\"width: 69.1666%; height: 24px; border-style: solid; vertical-align: top;\"><img loading=\"lazy\" decoding=\"async\" class=\"alignleft wp-image-2827\" src=\"https:\/\/gs-silberberg.de\/hp\/wp-content\/uploads\/2023\/02\/20191128_125000-300x169.jpg\" alt=\"\" width=\"267\" height=\"150\" srcset=\"https:\/\/gs-silberberg.de\/hp\/wp-content\/uploads\/2023\/02\/20191128_125000-300x169.jpg 300w, https:\/\/gs-silberberg.de\/hp\/wp-content\/uploads\/2023\/02\/20191128_125000-1024x576.jpg 1024w, https:\/\/gs-silberberg.de\/hp\/wp-content\/uploads\/2023\/02\/20191128_125000-768x432.jpg 768w, https:\/\/gs-silberberg.de\/hp\/wp-content\/uploads\/2023\/02\/20191128_125000-1536x864.jpg 1536w, https:\/\/gs-silberberg.de\/hp\/wp-content\/uploads\/2023\/02\/20191128_125000-2048x1152.jpg 2048w, https:\/\/gs-silberberg.de\/hp\/wp-content\/uploads\/2023\/02\/20191128_125000-700x393.jpg 700w, https:\/\/gs-silberberg.de\/hp\/wp-content\/uploads\/2023\/02\/20191128_125000-332x187.jpg 332w\" sizes=\"auto, (max-width: 267px) 100vw, 267px\" \/> <img loading=\"lazy\" decoding=\"async\" class=\"alignleft wp-image-2828 size-thumbnail\" src=\"https:\/\/gs-silberberg.de\/hp\/wp-content\/uploads\/2023\/02\/P_20170624_093539_1_p-150x150.jpg\" alt=\"\" width=\"150\" height=\"150\" srcset=\"https:\/\/gs-silberberg.de\/hp\/wp-content\/uploads\/2023\/02\/P_20170624_093539_1_p-150x150.jpg 150w, https:\/\/gs-silberberg.de\/hp\/wp-content\/uploads\/2023\/02\/P_20170624_093539_1_p-600x600.jpg 600w, https:\/\/gs-silberberg.de\/hp\/wp-content\/uploads\/2023\/02\/P_20170624_093539_1_p-432x432.jpg 432w, https:\/\/gs-silberberg.de\/hp\/wp-content\/uploads\/2023\/02\/P_20170624_093539_1_p-268x268.jpg 268w\" sizes=\"auto, (max-width: 150px) 100vw, 150px\" \/><\/td>\n<\/tr>\n<tr style=\"height: 24px;\">\n<td style=\"width: 30.8334%; height: 24px;\">\u00a0<\/td>\n<td style=\"width: 69.1666%; height: 24px;\">\u00a0<\/td>\n<\/tr>\n<\/tbody>\n<\/table>\n\n\n\n<div class=\"wp-block-stackable-image aligncenter stk-block-image stk-block stk-3e78f01\" data-block-id=\"3e78f01\"><style>.stk-3e78f01{margin-bottom:19px !important}.stk-3e78f01 .stk-img-wrapper img{object-fit:none !important}.stk-3e78f01 .stk-img-wrapper{width:22% !important;height:185px !important}<\/style><figure class=\"stk-img-wrapper stk-image--shape-stretch\"><img loading=\"lazy\" decoding=\"async\" class=\"stk-img wp-image-2811\" src=\"https:\/\/gs-silberberg.de\/hp\/wp-content\/uploads\/2023\/02\/Si_-LOGO-_Blau-auf-Weiss-Technik.jpg\" width=\"145\" height=\"146\"\/><\/figure><\/div>\n\n\n\n\n\n<div style=\"text-align:center\" class=\"wp-block-genesis-blocks-gb-button gb-block-button\"><a href=\"https:\/\/gs-silberberg.de\/hp\/unsere-faecher\/\" class=\"gb-button gb-button-shape-rounded gb-button-size-small\" style=\"color:#ffffff;background-color:#003366\">Zur\u00fcck zur F\u00e4cherauswahl!<\/a><\/div>\n","protected":false},"excerpt":{"rendered":"<p>Wir wollen unseren Sch\u00fclerinnen und Sch\u00fclern die M\u00f6glichkeit geben, Technik zu verstehen, zu erfinden, zu gestalten und zu bewerten. Der Unterricht kn\u00fcpft dabei an den Vorerfahrungen aus dem Erlebnis- und Erfahrungsbereich der Kinder und den damit verbundenen Fragestellungen an. Kompetenzstufe1: sachgem\u00e4\u00dfer Umgang mit Werkzeugen und Materialien Kompetenzstufe 2: Untersuchen von &#8230;<\/p>\n","protected":false},"author":1,"featured_media":2811,"parent":2519,"menu_order":0,"comment_status":"closed","ping_status":"closed","template":"","meta":{"_uag_custom_page_level_css":"","footnotes":""},"class_list":["post-2810","page","type-page","status-publish","has-post-thumbnail","hentry","column","onecol","has-thumbnail"],"featured_image_src":"https:\/\/gs-silberberg.de\/hp\/wp-content\/uploads\/2023\/02\/Si_-LOGO-_Blau-auf-Weiss-Technik.jpg","featured_image_src_square":"https:\/\/gs-silberberg.de\/hp\/wp-content\/uploads\/2023\/02\/Si_-LOGO-_Blau-auf-Weiss-Technik.jpg","uagb_featured_image_src":{"full":["https:\/\/gs-silberberg.de\/hp\/wp-content\/uploads\/2023\/02\/Si_-LOGO-_Blau-auf-Weiss-Technik.jpg",145,146,false],"thumbnail":["https:\/\/gs-silberberg.de\/hp\/wp-content\/uploads\/2023\/02\/Si_-LOGO-_Blau-auf-Weiss-Technik.jpg",145,146,false],"medium":["https:\/\/gs-silberberg.de\/hp\/wp-content\/uploads\/2023\/02\/Si_-LOGO-_Blau-auf-Weiss-Technik.jpg",145,146,false],"medium_large":["https:\/\/gs-silberberg.de\/hp\/wp-content\/uploads\/2023\/02\/Si_-LOGO-_Blau-auf-Weiss-Technik.jpg",145,146,false],"large":["https:\/\/gs-silberberg.de\/hp\/wp-content\/uploads\/2023\/02\/Si_-LOGO-_Blau-auf-Weiss-Technik.jpg",145,146,false],"1536x1536":["https:\/\/gs-silberberg.de\/hp\/wp-content\/uploads\/2023\/02\/Si_-LOGO-_Blau-auf-Weiss-Technik.jpg",145,146,false],"2048x2048":["https:\/\/gs-silberberg.de\/hp\/wp-content\/uploads\/2023\/02\/Si_-LOGO-_Blau-auf-Weiss-Technik.jpg",145,146,false],"gb-block-post-grid-landscape":["https:\/\/gs-silberberg.de\/hp\/wp-content\/uploads\/2023\/02\/Si_-LOGO-_Blau-auf-Weiss-Technik.jpg",145,146,false],"gb-block-post-grid-square":["https:\/\/gs-silberberg.de\/hp\/wp-content\/uploads\/2023\/02\/Si_-LOGO-_Blau-auf-Weiss-Technik.jpg",145,146,false],"slider-thumb":["https:\/\/gs-silberberg.de\/hp\/wp-content\/uploads\/2023\/02\/Si_-LOGO-_Blau-auf-Weiss-Technik.jpg",145,146,false],"blog-thumb":["https:\/\/gs-silberberg.de\/hp\/wp-content\/uploads\/2023\/02\/Si_-LOGO-_Blau-auf-Weiss-Technik.jpg",145,146,false],"teaser-thumb":["https:\/\/gs-silberberg.de\/hp\/wp-content\/uploads\/2023\/02\/Si_-LOGO-_Blau-auf-Weiss-Technik.jpg",145,146,false],"gallery-1-thumb":["https:\/\/gs-silberberg.de\/hp\/wp-content\/uploads\/2023\/02\/Si_-LOGO-_Blau-auf-Weiss-Technik.jpg",145,146,false],"gallery-2-thumb":["https:\/\/gs-silberberg.de\/hp\/wp-content\/uploads\/2023\/02\/Si_-LOGO-_Blau-auf-Weiss-Technik.jpg",145,146,false],"gallery-3-thumb":["https:\/\/gs-silberberg.de\/hp\/wp-content\/uploads\/2023\/02\/Si_-LOGO-_Blau-auf-Weiss-Technik.jpg",145,146,false],"image-thumb":["https:\/\/gs-silberberg.de\/hp\/wp-content\/uploads\/2023\/02\/Si_-LOGO-_Blau-auf-Weiss-Technik.jpg",145,146,false],"video-thumb":["https:\/\/gs-silberberg.de\/hp\/wp-content\/uploads\/2023\/02\/Si_-LOGO-_Blau-auf-Weiss-Technik.jpg",145,146,false]},"uagb_author_info":{"display_name":"Ja","author_link":"https:\/\/gs-silberberg.de\/hp\/author\/admin\/"},"uagb_comment_info":0,"uagb_excerpt":"Wir wollen unseren Sch\u00fclerinnen und Sch\u00fclern die M\u00f6glichkeit geben, Technik zu verstehen, zu erfinden, zu gestalten und zu bewerten. Der Unterricht kn\u00fcpft dabei an den Vorerfahrungen aus dem Erlebnis- und Erfahrungsbereich der Kinder und den damit verbundenen Fragestellungen an. Kompetenzstufe1: sachgem\u00e4\u00dfer Umgang mit Werkzeugen und Materialien Kompetenzstufe 2: Untersuchen von &#8230;","publishpress_future_action":{"enabled":false,"date":"2026-04-28 10:45:38","action":"change-status","newStatus":"draft","terms":[],"taxonomy":"","extraData":[]},"publishpress_future_workflow_manual_trigger":{"enabledWorkflows":[]},"_links":{"self":[{"href":"https:\/\/gs-silberberg.de\/hp\/wp-json\/wp\/v2\/pages\/2810","targetHints":{"allow":["GET"]}}],"collection":[{"href":"https:\/\/gs-silberberg.de\/hp\/wp-json\/wp\/v2\/pages"}],"about":[{"href":"https:\/\/gs-silberberg.de\/hp\/wp-json\/wp\/v2\/types\/page"}],"author":[{"embeddable":true,"href":"https:\/\/gs-silberberg.de\/hp\/wp-json\/wp\/v2\/users\/1"}],"replies":[{"embeddable":true,"href":"https:\/\/gs-silberberg.de\/hp\/wp-json\/wp\/v2\/comments?post=2810"}],"version-history":[{"count":0,"href":"https:\/\/gs-silberberg.de\/hp\/wp-json\/wp\/v2\/pages\/2810\/revisions"}],"up":[{"embeddable":true,"href":"https:\/\/gs-silberberg.de\/hp\/wp-json\/wp\/v2\/pages\/2519"}],"wp:featuredmedia":[{"embeddable":true,"href":"https:\/\/gs-silberberg.de\/hp\/wp-json\/wp\/v2\/media\/2811"}],"wp:attachment":[{"href":"https:\/\/gs-silberberg.de\/hp\/wp-json\/wp\/v2\/media?parent=2810"}],"curies":[{"name":"wp","href":"https:\/\/api.w.org\/{rel}","templated":true}]}}