{"id":2788,"date":"2023-01-26T21:08:01","date_gmt":"2023-01-26T20:08:01","guid":{"rendered":"https:\/\/gs-silberberg.de\/hp\/unsere-faecher\/sport-copy-copy-2-copy-2\/"},"modified":"2024-11-18T16:47:56","modified_gmt":"2024-11-18T15:47:56","slug":"sport-copy-copy-2-copy-2","status":"publish","type":"page","link":"https:\/\/gs-silberberg.de\/hp\/unsere-faecher\/sport-copy-copy-2-copy-2\/","title":{"rendered":"Religion"},"content":{"rendered":"<div class=\"wp-block-image\">\n<figure class=\"alignleft size-full\"><a href=\"https:\/\/gs-silberberg.de\/hp\/wp-content\/uploads\/2023\/01\/Si_-LOGO-_Blau-auf-Weiss-Religion.jpg\"><img loading=\"lazy\" decoding=\"async\" width=\"145\" height=\"146\" src=\"https:\/\/gs-silberberg.de\/hp\/wp-content\/uploads\/2023\/01\/Si_-LOGO-_Blau-auf-Weiss-Religion.jpg\" alt=\"\" class=\"wp-image-2789\"\/><\/a><\/figure>\n<\/div>\n\n\n<p>Unsere Kultur und unser freiheitliches Wertesystem ist wesentlich gepr\u00e4gt von christlichen Grund\u00fcberzeugungen. Im Fach Religion sollen die Kinder christliche Werte, Glaubensaussagen und das christliche Gottesbild kennenlernen und sich mit ihnen fragend auseinandersetzen, lernen, ihre eigene Meinung zu formulieren und andere Meinungen zu respektieren. Den Sch\u00fclerinnen und Sch\u00fclern werden Ma\u00dfst\u00e4be f\u00fcr das eigene Handeln und die Entwicklung eines eigenen Wertesystems an die Hand gegeben.<\/p>\n<p>Die Kinder erwerben im Religionsunterricht biblisch-theologisches Grundwissen und lernen die Tradition und Sprache des christlichen Glaubens kennen.<\/p>\n<p>Sie betrachten, welche Antworten Religion auf ihre Lebenssituationen, -aufgaben und -probleme anbietet und lernen, Unterschiede religi\u00f6ser Herkunft wahrzunehmen und zu respektieren. Dazu geh\u00f6rt auch das Kennenlernen und der respektvolle Umgang mit anderen Religionen.<\/p>\n<p>Der Religionsunterricht bietet einen offenen Raum f\u00fcr die Fragen der Kinder und bietet Antwortm\u00f6glichkeiten aus dem christlichen Glauben an. Im Religionsunterricht ist Raum, Sehnsucht und Hoffnung aber auch Angst, Leid und Trauer auszudr\u00fccken, um so die spirituelle Dimension des Lebens zu sp\u00fcren.<\/p>\n<p>Im Mittelpunkt des Religionsunterrichtes steht das Kind, seine Fragen an das Leben, die Frage nach Gott und nach einem guten Miteinander der Menschen. Dazu lernt das Kind die Perspektive anderer Menschen einzunehmen, sich einzuf\u00fchlen und dadurch das eigene Handeln zu hinterfragen.<\/p>\n\n\n\n<figure class=\"wp-block-image size-large\"><a href=\"https:\/\/gs-silberberg.de\/hp\/wp-content\/uploads\/2024\/11\/1731940022029-scaled.jpg\"><img loading=\"lazy\" decoding=\"async\" width=\"1024\" height=\"768\" src=\"https:\/\/gs-silberberg.de\/hp\/wp-content\/uploads\/2024\/11\/1731940022029-1024x768.jpg\" alt=\"\" class=\"wp-image-3217\" srcset=\"https:\/\/gs-silberberg.de\/hp\/wp-content\/uploads\/2024\/11\/1731940022029-1024x768.jpg 1024w, https:\/\/gs-silberberg.de\/hp\/wp-content\/uploads\/2024\/11\/1731940022029-300x225.jpg 300w, https:\/\/gs-silberberg.de\/hp\/wp-content\/uploads\/2024\/11\/1731940022029-768x576.jpg 768w, https:\/\/gs-silberberg.de\/hp\/wp-content\/uploads\/2024\/11\/1731940022029-1536x1152.jpg 1536w, https:\/\/gs-silberberg.de\/hp\/wp-content\/uploads\/2024\/11\/1731940022029-2048x1536.jpg 2048w, https:\/\/gs-silberberg.de\/hp\/wp-content\/uploads\/2024\/11\/1731940022029-700x525.jpg 700w, https:\/\/gs-silberberg.de\/hp\/wp-content\/uploads\/2024\/11\/1731940022029-332x249.jpg 332w\" sizes=\"auto, (max-width: 1024px) 100vw, 1024px\" \/><\/a><\/figure>\n\n\n\n<div class=\"wp-block-stackable-image aligncenter stk-block-image stk-block stk-3e78f01\" data-block-id=\"3e78f01\"><style>.stk-3e78f01 .stk-img-wrapper{width:22% !important;height:185px !important}.stk-3e78f01 .stk-img-wrapper img{object-fit:none !important}<\/style><figure><span class=\"stk-img-wrapper stk-image--shape-stretch\"><img loading=\"lazy\" decoding=\"async\" class=\"stk-img wp-image-2789\" src=\"https:\/\/gs-silberberg.de\/hp\/wp-content\/uploads\/2023\/01\/Si_-LOGO-_Blau-auf-Weiss-Religion.jpg\" width=\"145\" height=\"146\"\/><\/span><\/figure><\/div>\n\n\n\n\n\n<div class=\"wp-block-buttons is-content-justification-center is-layout-flex wp-container-core-buttons-is-layout-16018d1d wp-block-buttons-is-layout-flex\">\n<div class=\"wp-block-button has-custom-font-size gb-block-button\" style=\"font-size:14px;line-height:0.8\"><a class=\"wp-block-button__link has-text-color has-background wp-element-button\" href=\"https:\/\/gs-silberberg.de\/hp\/unsere-faecher\/\" style=\"border-radius:5px;color:#ffffff;background-color:#003366;padding-top:10px;padding-right:1em;padding-bottom:10px;padding-left:1em\">Zur\u00fcck zur F\u00e4cherauswahl!<\/a><\/div>\n<\/div>\n\n\n","protected":false},"excerpt":{"rendered":"<p>Unsere Kultur und unser freiheitliches Wertesystem ist wesentlich gepr\u00e4gt von christlichen Grund\u00fcberzeugungen. Im Fach Religion sollen die Kinder christliche Werte, Glaubensaussagen und das christliche Gottesbild kennenlernen und sich mit ihnen fragend auseinandersetzen, lernen, ihre eigene Meinung zu formulieren und andere Meinungen zu respektieren. Den Sch\u00fclerinnen und Sch\u00fclern werden Ma\u00dfst\u00e4be f\u00fcr &#8230;<\/p>\n","protected":false},"author":1,"featured_media":2660,"parent":2519,"menu_order":0,"comment_status":"closed","ping_status":"closed","template":"","meta":{"_uag_custom_page_level_css":"","footnotes":""},"class_list":["post-2788","page","type-page","status-publish","has-post-thumbnail","hentry","column","onecol","has-thumbnail"],"featured_image_src":"https:\/\/gs-silberberg.de\/hp\/wp-content\/uploads\/2022\/08\/Si_-LOGO-_Blau-auf-Weiss-Philo.jpg","featured_image_src_square":"https:\/\/gs-silberberg.de\/hp\/wp-content\/uploads\/2022\/08\/Si_-LOGO-_Blau-auf-Weiss-Philo.jpg","uagb_featured_image_src":{"full":["https:\/\/gs-silberberg.de\/hp\/wp-content\/uploads\/2022\/08\/Si_-LOGO-_Blau-auf-Weiss-Philo.jpg",145,146,false],"thumbnail":["https:\/\/gs-silberberg.de\/hp\/wp-content\/uploads\/2022\/08\/Si_-LOGO-_Blau-auf-Weiss-Philo.jpg",145,146,false],"medium":["https:\/\/gs-silberberg.de\/hp\/wp-content\/uploads\/2022\/08\/Si_-LOGO-_Blau-auf-Weiss-Philo.jpg",145,146,false],"medium_large":["https:\/\/gs-silberberg.de\/hp\/wp-content\/uploads\/2022\/08\/Si_-LOGO-_Blau-auf-Weiss-Philo.jpg",145,146,false],"large":["https:\/\/gs-silberberg.de\/hp\/wp-content\/uploads\/2022\/08\/Si_-LOGO-_Blau-auf-Weiss-Philo.jpg",145,146,false],"1536x1536":["https:\/\/gs-silberberg.de\/hp\/wp-content\/uploads\/2022\/08\/Si_-LOGO-_Blau-auf-Weiss-Philo.jpg",145,146,false],"2048x2048":["https:\/\/gs-silberberg.de\/hp\/wp-content\/uploads\/2022\/08\/Si_-LOGO-_Blau-auf-Weiss-Philo.jpg",145,146,false],"gb-block-post-grid-landscape":["https:\/\/gs-silberberg.de\/hp\/wp-content\/uploads\/2022\/08\/Si_-LOGO-_Blau-auf-Weiss-Philo.jpg",145,146,false],"gb-block-post-grid-square":["https:\/\/gs-silberberg.de\/hp\/wp-content\/uploads\/2022\/08\/Si_-LOGO-_Blau-auf-Weiss-Philo.jpg",145,146,false],"slider-thumb":["https:\/\/gs-silberberg.de\/hp\/wp-content\/uploads\/2022\/08\/Si_-LOGO-_Blau-auf-Weiss-Philo.jpg",145,146,false],"blog-thumb":["https:\/\/gs-silberberg.de\/hp\/wp-content\/uploads\/2022\/08\/Si_-LOGO-_Blau-auf-Weiss-Philo.jpg",145,146,false],"teaser-thumb":["https:\/\/gs-silberberg.de\/hp\/wp-content\/uploads\/2022\/08\/Si_-LOGO-_Blau-auf-Weiss-Philo.jpg",145,146,false],"gallery-1-thumb":["https:\/\/gs-silberberg.de\/hp\/wp-content\/uploads\/2022\/08\/Si_-LOGO-_Blau-auf-Weiss-Philo.jpg",145,146,false],"gallery-2-thumb":["https:\/\/gs-silberberg.de\/hp\/wp-content\/uploads\/2022\/08\/Si_-LOGO-_Blau-auf-Weiss-Philo.jpg",145,146,false],"gallery-3-thumb":["https:\/\/gs-silberberg.de\/hp\/wp-content\/uploads\/2022\/08\/Si_-LOGO-_Blau-auf-Weiss-Philo.jpg",145,146,false],"image-thumb":["https:\/\/gs-silberberg.de\/hp\/wp-content\/uploads\/2022\/08\/Si_-LOGO-_Blau-auf-Weiss-Philo.jpg",145,146,false],"video-thumb":["https:\/\/gs-silberberg.de\/hp\/wp-content\/uploads\/2022\/08\/Si_-LOGO-_Blau-auf-Weiss-Philo.jpg",145,146,false]},"uagb_author_info":{"display_name":"Ja","author_link":"https:\/\/gs-silberberg.de\/hp\/author\/admin\/"},"uagb_comment_info":0,"uagb_excerpt":"Unsere Kultur und unser freiheitliches Wertesystem ist wesentlich gepr\u00e4gt von christlichen Grund\u00fcberzeugungen. Im Fach Religion sollen die Kinder christliche Werte, Glaubensaussagen und das christliche Gottesbild kennenlernen und sich mit ihnen fragend auseinandersetzen, lernen, ihre eigene Meinung zu formulieren und andere Meinungen zu respektieren. Den Sch\u00fclerinnen und Sch\u00fclern werden Ma\u00dfst\u00e4be f\u00fcr &#8230;","publishpress_future_action":{"enabled":false,"date":"2026-04-24 13:53:53","action":"change-status","newStatus":"draft","terms":[],"taxonomy":"","extraData":[]},"publishpress_future_workflow_manual_trigger":{"enabledWorkflows":[]},"_links":{"self":[{"href":"https:\/\/gs-silberberg.de\/hp\/wp-json\/wp\/v2\/pages\/2788","targetHints":{"allow":["GET"]}}],"collection":[{"href":"https:\/\/gs-silberberg.de\/hp\/wp-json\/wp\/v2\/pages"}],"about":[{"href":"https:\/\/gs-silberberg.de\/hp\/wp-json\/wp\/v2\/types\/page"}],"author":[{"embeddable":true,"href":"https:\/\/gs-silberberg.de\/hp\/wp-json\/wp\/v2\/users\/1"}],"replies":[{"embeddable":true,"href":"https:\/\/gs-silberberg.de\/hp\/wp-json\/wp\/v2\/comments?post=2788"}],"version-history":[{"count":0,"href":"https:\/\/gs-silberberg.de\/hp\/wp-json\/wp\/v2\/pages\/2788\/revisions"}],"up":[{"embeddable":true,"href":"https:\/\/gs-silberberg.de\/hp\/wp-json\/wp\/v2\/pages\/2519"}],"wp:featuredmedia":[{"embeddable":true,"href":"https:\/\/gs-silberberg.de\/hp\/wp-json\/wp\/v2\/media\/2660"}],"wp:attachment":[{"href":"https:\/\/gs-silberberg.de\/hp\/wp-json\/wp\/v2\/media?parent=2788"}],"curies":[{"name":"wp","href":"https:\/\/api.w.org\/{rel}","templated":true}]}}