{"id":2768,"date":"2022-12-12T11:24:56","date_gmt":"2022-12-12T10:24:56","guid":{"rendered":"https:\/\/gs-silberberg.de\/hp\/unsere-faecher\/sport-copy-copy-2-copy-copy-copy-copy-copy\/"},"modified":"2022-12-12T11:36:19","modified_gmt":"2022-12-12T10:36:19","slug":"deutsch","status":"publish","type":"page","link":"https:\/\/gs-silberberg.de\/hp\/unsere-faecher\/deutsch\/","title":{"rendered":"Deutsch"},"content":{"rendered":"<div class=\"wp-block-image\">\r\n<figure class=\"alignleft size-full\"><a href=\"https:\/\/gs-silberberg.de\/hp\/wp-content\/uploads\/2022\/05\/Si_-LOGO-_Blau-auf-Weiss-Deutsch.jpg\"><img loading=\"lazy\" decoding=\"async\" width=\"145\" height=\"146\" class=\"wp-image-2584\" src=\"https:\/\/gs-silberberg.de\/hp\/wp-content\/uploads\/2022\/05\/Si_-LOGO-_Blau-auf-Weiss-Deutsch.jpg\" alt=\"\" \/><\/a><\/figure>\r\n<\/div>\r\n\r\n\r\n<h3><strong>Deutsch Klasse 1\/2<\/strong><\/h3>\r\n<p>Ein afrikanisches Sprichwort sagt: \u201eDas Gras w\u00e4chst nicht schneller, wenn man daran zieht!\u201c Mit Kindern ist es nicht anders! In einer Grundschulklasse kommen verschiedene kleine Charaktere mit unterschiedlichen F\u00e4higkeiten zusammen. Blicken Sie auf das, was Ihr Kind mitbringt und kann und machen Sie ihm Mut.<\/p>\r\n<p>Wir geben den Kindern Zeit, ber\u00fccksichtigen die verschiedenen Lerntypen mit vielf\u00e4ltigen Lernangeboten und differenzieren, sodass jedes Kind die Chance hat, die Aufgabe zu erf\u00fcllen.<\/p>\r\n<p>Daf\u00fcr bieten wir den Kindern verschiedene Arbeitsbereiche:<\/p>\r\n<ol>\r\n<li>Sprachliche Vor\u00fcbungen (Lieder singen, Reime sprechen, Silben schwingen)<\/li>\r\n<li>Einf\u00fchrung der Buchstaben mit allen Sinnen (H\u00f6ren, Sehen, F\u00fchlen, Gehen, Kneten, Nachspuren, Lautzeichen)<\/li>\r\n<li>Karibu-Lehrgang:<\/li>\r\n<\/ol>\r\n<p>&#8211; Fibel: Gemeinsam Bilder anschauen, erz\u00e4hlen, lesen<\/p>\r\n<p>&#8211; Arbeitsheft: Erarbeitung der Buchstaben<\/p>\r\n<p>&#8211; Druckschriftlehrgang: Jeder Buchstabe wird isoliert ge\u00fcbt und mit anderen bekannten Buchstaben in Zusammenhang gebracht.<\/p>\r\n<ol start=\"4\">\r\n<li>Mit dem Karibu-Ufo mit Anlauten k\u00f6nnen erste W\u00f6rter und S\u00e4tze verschriftlicht werden.<\/li>\r\n<li>Lesemalbl\u00e4tter \/ Lies mal &#8211; Hefte: Die Kinder erlesen sich W\u00f6rter\/ Texte und werden<\/li>\r\n<\/ol>\r\n<p>dadurch zu einer Handlung aufgefordert (malen, verbinden, ankreuzen).<\/p>\r\n<p>Im Laufe des ersten Halbjahres der zweiten Klassenstufe wird der Lese- und Schreiblehrgang abgeschlossen. Hierbei wurden schon erste Rechtschreibph\u00e4nomene (st, sp, ie, ck, tz, pf) angesprochen, genauso wie Nomen, zusammengesetzte Nomen und Satzzeichen. Meist auch im Rahmen des \u201eWort\/Satz des Tages\u201c. Diese gilt es nun zu vertiefen und zu erweitern. So kommen die Wortarten Verben und Adjektive dazu, die Konjugation von Verben, sowie als Rechtschreibstrategien das Verl\u00e4ngern, Ableiten und Merken. Erste Lernw\u00f6rterdiktate werden geschrieben und die Lernw\u00f6rter der Woche vielf\u00e4ltig ge\u00fcbt (Partnerdiktat, Schleichdiktat, Dosendiktat, Abschreibdiktat, Knickdiktat, Blitzdiktat, &#8230;). Zudem lernen die Kinder die Lateinische Ausgangsschrift und im Anschluss absolvieren sie den F\u00fcllerf\u00fchrerschein, der sie bef\u00e4higt fortan mit dem F\u00fcller zu schreiben. Ein weiteres Themenfeld in Klasse 2 ist das \u00dcben des Alphabets und damit verbunden die W\u00f6rterbucharbeit, mit der die Kinder das Nachschlagen \u00fcben und ein weiteres Instrument an die Hand bekommen, mit dem sie herausfinden k\u00f6nnen, wie ein Wort richtig geschrieben wird. Weiterhin werden Schreibanl\u00e4sse kreiert, um das Verfassen erster Texte zu \u00fcben. Eine erste Ganzschrift, eine Lekt\u00fcre, wird gelesen. In dieser Klassenstufe steht auch die Einf\u00fchrung in das Online-Leseprogramm \u201eAntolin\u201c an. Mit diesem Internetportal k\u00f6nnen die Kinder ihr sinnentnehmendes Lesen \u00fcberpr\u00fcfen, indem sie bei Quizfragen zu vorab gelesenen B\u00fcchern Punkte sammeln k\u00f6nnen. Auch steht in Klasse 1 oder 2 der Besuch der Geesthachter Stadtb\u00fccherei auf dem Programm.<\/p>\r\n<p>Der Lernprozess wird in den Bereichen des Deutschunterrichts durch das Lernen mit der Anton-App unterst\u00fctzt.<\/p>\r\n<h3><strong>Deutsch Klasse 3\/4<\/strong><\/h3>\r\n<p>Der Deutschunterricht im dritten und vierten Schuljahr gestaltet sich \u00e4hnlich. Er deckt die f\u00fcnf Kompetenzbereiche (Sprechen und Zuh\u00f6ren, Schreiben, Lesen \u2013 mit Texten und Medien umgehen, Sprache und Sprachgebrauch untersuchen) ab und f\u00fcllt sie mit Inhalt. Au\u00dferdem stehen pro Schuljahr 10 zu erbringende Leistungsnachweise an, die schriftlich oder alternativ zu erbringen sind (Buchvorstellung, Gedichtvortrag etc.)<\/p>\r\n<p>Mit Hilfe des Lehrwerks Karibu und vieler weiterer motivierender Materialien und Methoden werden die Wortarten vertieft, der Umgang mit dem W\u00f6rterbuch ge\u00fcbt und die Schreibschrift gefestigt. Im Herbst steht traditionell die Vorbereitung f\u00fcr den schulinternen Vorlesewettbewerb an. Jedes Kind liest ein Buch, stellt dieses in der Klasse vor und liest daraus eine vorbereitete Textstelle. H\u00e4ufig wird dies mit der Gestaltung einer Leserolle, Lesekiste oder eines Lapbooks unterst\u00fctzt. Die Klassensiegerin und der Klassensieger treten dann gegen die anderen Dritt- bzw. Viertkl\u00e4ssler an.<\/p>\r\n<p>In den beiden Jahrg\u00e4ngen stehen jeweils zwei Textproduktionen an, bei denen die Kinder verschiedene Textsorten und ihre jeweiligen Kriterien kennenlernen. Das Repertoire reicht vom Brief \u00fcber das Rezept, den (Unfall-) Bericht, die Gruselgeschichte, dem M\u00e4rchen bis hin zu Einladungen oder Personenbeschreibungen. Wichtig ist hierbei vor allem der Schreibprozess.<\/p>\r\n<p>Weitere Themen sind die Satzglieder, Zeitformen, w\u00f6rtliche Rede, Rechtschreibstrategien und das Lesen einer Ganzschrift mit Lesetagebuch.<\/p>\r\n<p>Im Fr\u00fchjahr des 3. Schuljahres steht au\u00dferdem \u201eVERA\u201c \u2013 die Vergleichsarbeit an sowie damit verkn\u00fcpft das Kennenlernen von Lesestrategien.<\/p>\r\n<p>Auch in Klasse 3 und 4 kann der Unterricht durch Antolin und die Anton-App erg\u00e4nzt werden.<\/p>\r\n\r\n\r\n\r\n<div class=\"wp-block-stackable-image aligncenter stk-block-image stk-block stk-3e78f01\" data-block-id=\"3e78f01\"><style>.stk-3e78f01 .stk-img-wrapper img{object-fit:none !important}.stk-3e78f01 .stk-img-wrapper{width:22% !important;height:185px !important}<\/style>\r\n<figure class=\"stk-img-wrapper stk-image--shape-stretch\"><img loading=\"lazy\" decoding=\"async\" class=\"stk-img wp-image-2584\" src=\"https:\/\/gs-silberberg.de\/hp\/wp-content\/uploads\/2022\/05\/Si_-LOGO-_Blau-auf-Weiss-Deutsch.jpg\" width=\"145\" height=\"146\" \/><\/figure>\r\n<\/div>\r\n\r\n\r\n\r\n\r\n\r\n<div class=\"wp-block-genesis-blocks-gb-button gb-block-button\" style=\"text-align: center;\"><a class=\"gb-button gb-button-shape-rounded gb-button-size-small\" style=\"color: #ffffff; background-color: #003366;\" href=\"https:\/\/gs-silberberg.de\/hp\/unsere-faecher\/\">Zur\u00fcck zur F\u00e4cherauswahl!<\/a><\/div>\r\n\r\n\r\n","protected":false},"excerpt":{"rendered":"<p>Deutsch Klasse 1\/2 Ein afrikanisches Sprichwort sagt: \u201eDas Gras w\u00e4chst nicht schneller, wenn man daran zieht!\u201c Mit Kindern ist es nicht anders! In einer Grundschulklasse kommen verschiedene kleine Charaktere mit unterschiedlichen F\u00e4higkeiten zusammen. Blicken Sie auf das, was Ihr Kind mitbringt und kann und machen Sie ihm Mut. Wir geben &#8230;<\/p>\n","protected":false},"author":1,"featured_media":2584,"parent":2519,"menu_order":0,"comment_status":"closed","ping_status":"closed","template":"","meta":{"_uag_custom_page_level_css":"","footnotes":""},"class_list":["post-2768","page","type-page","status-publish","has-post-thumbnail","hentry","column","onecol","has-thumbnail"],"featured_image_src":"https:\/\/gs-silberberg.de\/hp\/wp-content\/uploads\/2022\/05\/Si_-LOGO-_Blau-auf-Weiss-Deutsch.jpg","featured_image_src_square":"https:\/\/gs-silberberg.de\/hp\/wp-content\/uploads\/2022\/05\/Si_-LOGO-_Blau-auf-Weiss-Deutsch.jpg","uagb_featured_image_src":{"full":["https:\/\/gs-silberberg.de\/hp\/wp-content\/uploads\/2022\/05\/Si_-LOGO-_Blau-auf-Weiss-Deutsch.jpg",145,146,false],"thumbnail":["https:\/\/gs-silberberg.de\/hp\/wp-content\/uploads\/2022\/05\/Si_-LOGO-_Blau-auf-Weiss-Deutsch.jpg",145,146,false],"medium":["https:\/\/gs-silberberg.de\/hp\/wp-content\/uploads\/2022\/05\/Si_-LOGO-_Blau-auf-Weiss-Deutsch.jpg",145,146,false],"medium_large":["https:\/\/gs-silberberg.de\/hp\/wp-content\/uploads\/2022\/05\/Si_-LOGO-_Blau-auf-Weiss-Deutsch.jpg",145,146,false],"large":["https:\/\/gs-silberberg.de\/hp\/wp-content\/uploads\/2022\/05\/Si_-LOGO-_Blau-auf-Weiss-Deutsch.jpg",145,146,false],"1536x1536":["https:\/\/gs-silberberg.de\/hp\/wp-content\/uploads\/2022\/05\/Si_-LOGO-_Blau-auf-Weiss-Deutsch.jpg",145,146,false],"2048x2048":["https:\/\/gs-silberberg.de\/hp\/wp-content\/uploads\/2022\/05\/Si_-LOGO-_Blau-auf-Weiss-Deutsch.jpg",145,146,false],"gb-block-post-grid-landscape":["https:\/\/gs-silberberg.de\/hp\/wp-content\/uploads\/2022\/05\/Si_-LOGO-_Blau-auf-Weiss-Deutsch.jpg",145,146,false],"gb-block-post-grid-square":["https:\/\/gs-silberberg.de\/hp\/wp-content\/uploads\/2022\/05\/Si_-LOGO-_Blau-auf-Weiss-Deutsch.jpg",145,146,false],"slider-thumb":["https:\/\/gs-silberberg.de\/hp\/wp-content\/uploads\/2022\/05\/Si_-LOGO-_Blau-auf-Weiss-Deutsch.jpg",145,146,false],"blog-thumb":["https:\/\/gs-silberberg.de\/hp\/wp-content\/uploads\/2022\/05\/Si_-LOGO-_Blau-auf-Weiss-Deutsch.jpg",145,146,false],"teaser-thumb":["https:\/\/gs-silberberg.de\/hp\/wp-content\/uploads\/2022\/05\/Si_-LOGO-_Blau-auf-Weiss-Deutsch.jpg",145,146,false],"gallery-1-thumb":["https:\/\/gs-silberberg.de\/hp\/wp-content\/uploads\/2022\/05\/Si_-LOGO-_Blau-auf-Weiss-Deutsch.jpg",145,146,false],"gallery-2-thumb":["https:\/\/gs-silberberg.de\/hp\/wp-content\/uploads\/2022\/05\/Si_-LOGO-_Blau-auf-Weiss-Deutsch.jpg",145,146,false],"gallery-3-thumb":["https:\/\/gs-silberberg.de\/hp\/wp-content\/uploads\/2022\/05\/Si_-LOGO-_Blau-auf-Weiss-Deutsch.jpg",145,146,false],"image-thumb":["https:\/\/gs-silberberg.de\/hp\/wp-content\/uploads\/2022\/05\/Si_-LOGO-_Blau-auf-Weiss-Deutsch.jpg",145,146,false],"video-thumb":["https:\/\/gs-silberberg.de\/hp\/wp-content\/uploads\/2022\/05\/Si_-LOGO-_Blau-auf-Weiss-Deutsch.jpg",145,146,false]},"uagb_author_info":{"display_name":"Ja","author_link":"https:\/\/gs-silberberg.de\/hp\/author\/admin\/"},"uagb_comment_info":0,"uagb_excerpt":"Deutsch Klasse 1\/2 Ein afrikanisches Sprichwort sagt: \u201eDas Gras w\u00e4chst nicht schneller, wenn man daran zieht!\u201c Mit Kindern ist es nicht anders! In einer Grundschulklasse kommen verschiedene kleine Charaktere mit unterschiedlichen F\u00e4higkeiten zusammen. Blicken Sie auf das, was Ihr Kind mitbringt und kann und machen Sie ihm Mut. Wir geben &#8230;","publishpress_future_action":{"enabled":false,"date":"2026-04-24 13:53:14","action":"change-status","newStatus":"draft","terms":[],"taxonomy":"","extraData":[]},"publishpress_future_workflow_manual_trigger":{"enabledWorkflows":[]},"_links":{"self":[{"href":"https:\/\/gs-silberberg.de\/hp\/wp-json\/wp\/v2\/pages\/2768","targetHints":{"allow":["GET"]}}],"collection":[{"href":"https:\/\/gs-silberberg.de\/hp\/wp-json\/wp\/v2\/pages"}],"about":[{"href":"https:\/\/gs-silberberg.de\/hp\/wp-json\/wp\/v2\/types\/page"}],"author":[{"embeddable":true,"href":"https:\/\/gs-silberberg.de\/hp\/wp-json\/wp\/v2\/users\/1"}],"replies":[{"embeddable":true,"href":"https:\/\/gs-silberberg.de\/hp\/wp-json\/wp\/v2\/comments?post=2768"}],"version-history":[{"count":1,"href":"https:\/\/gs-silberberg.de\/hp\/wp-json\/wp\/v2\/pages\/2768\/revisions"}],"predecessor-version":[{"id":3427,"href":"https:\/\/gs-silberberg.de\/hp\/wp-json\/wp\/v2\/pages\/2768\/revisions\/3427"}],"up":[{"embeddable":true,"href":"https:\/\/gs-silberberg.de\/hp\/wp-json\/wp\/v2\/pages\/2519"}],"wp:featuredmedia":[{"embeddable":true,"href":"https:\/\/gs-silberberg.de\/hp\/wp-json\/wp\/v2\/media\/2584"}],"wp:attachment":[{"href":"https:\/\/gs-silberberg.de\/hp\/wp-json\/wp\/v2\/media?parent=2768"}],"curies":[{"name":"wp","href":"https:\/\/api.w.org\/{rel}","templated":true}]}}