{"id":2756,"date":"2022-12-06T15:34:53","date_gmt":"2022-12-06T14:34:53","guid":{"rendered":"https:\/\/gs-silberberg.de\/hp\/unsere-faecher\/sport-copy-copy-2-copy-copy-copy-copy\/"},"modified":"2022-12-15T17:41:50","modified_gmt":"2022-12-15T16:41:50","slug":"sport-copy-copy-2-copy-copy-copy-copy","status":"publish","type":"page","link":"https:\/\/gs-silberberg.de\/hp\/unsere-faecher\/sport-copy-copy-2-copy-copy-copy-copy\/","title":{"rendered":"Sachunterricht"},"content":{"rendered":"<div class=\"wp-block-image\">\n<figure class=\"alignleft size-full\"><a href=\"https:\/\/gs-silberberg.de\/hp\/wp-content\/uploads\/2022\/12\/Si_-LOGO-_Blau-auf-Weiss-SK.jpg\"><img loading=\"lazy\" decoding=\"async\" width=\"145\" height=\"146\" src=\"https:\/\/gs-silberberg.de\/hp\/wp-content\/uploads\/2022\/12\/Si_-LOGO-_Blau-auf-Weiss-SK.jpg\" alt=\"\" class=\"wp-image-2758\"\/><\/a><\/figure>\n<\/div>\n\n\n<p>Das Schulfach Sachunterricht soll Kindern der Grundschule erm\u00f6glichen ihre Lebenswelt mit Kopf, Herz und Hand selbst zu erforschen und zu erkunden.<\/p>\n<blockquote>\n<p><br><em>\u201e<\/em><em>Der Mensch wird zum Menschen, indem er sein Herz, seine handwerklichen F\u00e4higkeiten und seinen Geist bildet.\u201c<\/em><em> <br><\/em>Pestalozzi<\/p>\n<\/blockquote>\n<p>Aus diesem Grund ist es besonders wichtig, Themen des Sachunterrichts handlungsorientiert mit den Kindern zusammen zu gestalten. Die didaktische Grundlage zur Erstellung einer Handlungsleitenden Aufgabe\/Frage dient hierbei als gemeinsam mit den Kindern verfasstes Ziel der Unterrichtseinheit. Dieses entsteht meist aus Fragen der Kinder, die sie im Alltag in ihrer Umwelt aufnehmen und stellen. Anschlie\u00dfend stellt sich die Frage: Was muss ich wissen, ob die handlungsleitende Frage zu beantworten oder die Aufgabe bearbeiten zu k\u00f6nnen. Die sogenannten erkenntnisleitenden Fragen werden so durch eine Sammlung in der Klassengemeinschaft visualisiert. Die Zusammenarbeit zwischen Kind und Lehrer ist auch in diesem Zusammenhang von gro\u00dfer Bedeutung, da der Sachunterricht von den Bed\u00fcrfnissen, Interessen und Fragen der Kinder lebt. <br><br><\/p>\n<h3>Das Fach Sachunterricht besteht aus zehn Themenfeldern:<\/h3>\n<p>&#8211; Arbeit und Wirtschaft<\/p>\n<p>&#8211; Zeit und Entwicklung<\/p>\n<p>&#8211; Gesundheit<\/p>\n<p>&#8211; Soziales und Politisches<\/p>\n<p>&#8211; Technische Erfindungen<\/p>\n<p>&#8211; Mobilit\u00e4t<\/p>\n<p>&#8211; Nat\u00fcrliche Lebensr\u00e4ume sowie Tiere und Pflanzen<\/p>\n<p>&#8211; Ph\u00e4nomene der unbelebten Natur<\/p>\n<p>&#8211; R\u00e4ume, Globales und Regionales<\/p>\n<p>&#8211; Medien<br><br><\/p>\n<h3>Jedes dieser Themenfelder wird aus f\u00fcnf Perspektiven beleuchtet:<\/h3>\n<p>Dabei ist unser Ziel, \u2026<\/p>\n<ol>\n<li>Die \u201eNaturwissenschaftlichen Perspektive\u201c<\/li>\n<\/ol>\n<p>\u2026 das Interesse f\u00fcr Naturph\u00e4nomene zu erweitern, einen verantwortungsvollen Umgang mit der Natur aufzubauen und das naturwissenschaftliche Denken zu erweitern.<\/p>\n<ol start=\"2\">\n<li>Die \u201eTechnische Perspektive\u201c<\/li>\n<\/ol>\n<p>\u2026 das Interesse f\u00fcr technische Ph\u00e4nomene zu wecken sowie die Wirkungs- und Bedingungszusammenh\u00e4nge zu verstehen und zu reflektieren.<\/p>\n<ol start=\"3\">\n<li>Sozialwissenschaftliche Perspektive<\/li>\n<\/ol>\n<p>\u2026 das Interesse f\u00fcr gesellschaftliche, kulturelle, demokratief\u00f6rdernde und \u00f6konomische Themen zu wecken.<\/p>\n<ol start=\"4\">\n<li>Geographische Perspektive<\/li>\n<\/ol>\n<p>\u2026 das Interesse naturr\u00e4umlicher und r\u00e4umlich-kultureller Themen zu wecken.<\/p>\n<ol start=\"5\">\n<li>Historische Perspektive<\/li>\n<\/ol>\n<p>\u2026 das Interesse f\u00fcr zeitliche Strukturen und historische Fragestellungen zu wecken, sowie Geschichtsbewusstsein auszubilden. <br><br><\/p>\n<p>Das Kollegium der Silberbergschule hat sich, unter Ber\u00fccksichtigung der Interessen der Kinder und der Vorgaben der Fachanforderungen, auf folgende verpflichtende Themen f\u00fcr die jeweiligen Jahrgangsstufen f\u00fcr das Fach Sachunterricht entschieden.<br>Diese wurden auch in das schulinterne Fachcurriculum f\u00fcr das Fach Sachunterricht eingearbeitet.<\/p>\n<h3>Themen Klasse 1 \/ 2<\/h3>\n<ul>\n<li>Gesunde Ern\u00e4hrung<\/li>\n<li>Wald und Wiese<\/li>\n<li>Schwimmen und Sinken<\/li>\n<li>Das Jahr<\/li>\n<li>M\u00fcll und M\u00fclltrennung<\/li>\n<li>Ich &amp; andere (Silberregeln, S\u00c4M, Klassenrat, Wohli, etc.)<\/li>\n<li>\n<h3>Mobilit\u00e4tsbildung<\/h3>\n<\/li>\n<\/ul>\n<h3>Themen Klasse 3 \/ 4<\/h3>\n<ul>\n<li>Geesthacht<\/li>\n<li>Schleswig-Holstein<\/li>\n<li>Sexuelle Bildung<\/li>\n<li>Naturph\u00e4nomene (Luft, Erde, Wasser, Feuer)<\/li>\n<li>Erste-Hilfe<\/li>\n<li>Ich &amp; andere (Silberregeln, S\u00c4M, Klassenrat, Wohli, etc.)<\/li>\n<li>Mobilit\u00e4tsbildung<br><br><\/li>\n<\/ul>\n<p>Zus\u00e4tzlich bietet die Grundschule Silberberg eine Vielzahl von AGs an, die im Fach Sachunterricht einzuordnen sind:<\/p>\n<ul>\n<li>Computer-AG<\/li>\n<li>Forscher-AG<\/li>\n<li>Garten-AG<\/li>\n<li>Hunde-AG<\/li>\n<li>Streitschlichter-Ausbildung<\/li>\n<\/ul>\n<p>Die Grundschule Silberberg verf\u00fcgt zudem \u00fcber einen Fachraum, in dem alle wichtigen Materialien, f\u00fcr den Unterricht zu den verschiedensten Themen, gelagert werden. Dieser kann au\u00dferdem als zus\u00e4tzlicher Klassenraum genutzt werden, wenn Materialien vor Ort ben\u00f6tigt oder zum Erforschen genutzt werden.<\/p>\n<p>Anfang des Jahres 2022 wurde die Grundschule Silberberg zur <em>Drau\u00dfenschule<\/em> ernannt. Dieses Projekt wurde mit einer vierten Klasse ein Jahr lang durchgef\u00fchrt. Die Klasse hat im gesamten Schuljahr einmal pro Woche den Klassenraum verlassen. Schwerpunkt hierbei ist, den Unterricht nach drau\u00dfen zu verlagern. Tiere und ihre Lebensr\u00e4ume, Natur- und Kulturr\u00e4ume sollen dabei in der Realit\u00e4t erforscht werden. Dies erm\u00f6glicht eine Direktbegegnung mit dem Lerngegenstand. Die Kinder erkennen \u00f6kologische Zusammenh\u00e4nge und erlangen Kenntnisse \u00fcber die biologische Vielfalt am realen Ort. Aber auch f\u00e4cher\u00fcbergreifend kann im Freien gelernt werden. Das \u201egr\u00fcne Klassenzimmer\u201c ist eine gute Abwechslung zum Klassenraum im Schulgeb\u00e4ude<\/p>\n\n\n\n<div class=\"wp-block-stackable-image aligncenter stk-block-image stk-block stk-3e78f01\" data-block-id=\"3e78f01\"><style>.stk-3e78f01 .stk-img-wrapper img{object-fit:none !important}.stk-3e78f01 .stk-img-wrapper{width:22% !important;height:185px !important}<\/style><figure class=\"stk-img-wrapper stk-image--shape-stretch\"><img loading=\"lazy\" decoding=\"async\" class=\"stk-img wp-image-2758\" src=\"https:\/\/gs-silberberg.de\/hp\/wp-content\/uploads\/2022\/12\/Si_-LOGO-_Blau-auf-Weiss-SK.jpg\" width=\"145\" height=\"146\"\/><\/figure><\/div>\n\n\n\n\n\n<div style=\"text-align:center\" class=\"wp-block-genesis-blocks-gb-button gb-block-button\"><a href=\"https:\/\/gs-silberberg.de\/hp\/unsere-faecher\/\" class=\"gb-button gb-button-shape-rounded gb-button-size-small\" style=\"color:#ffffff;background-color:#003366\">Zur\u00fcck zur F\u00e4cherauswahl!<\/a><\/div>\n\n\n","protected":false},"excerpt":{"rendered":"<p>Das Schulfach Sachunterricht soll Kindern der Grundschule erm\u00f6glichen ihre Lebenswelt mit Kopf, Herz und Hand selbst zu erforschen und zu erkunden. \u201eDer Mensch wird zum Menschen, indem er sein Herz, seine handwerklichen F\u00e4higkeiten und seinen Geist bildet.\u201c Pestalozzi Aus diesem Grund ist es besonders wichtig, Themen des Sachunterrichts handlungsorientiert mit &#8230;<\/p>\n","protected":false},"author":1,"featured_media":2660,"parent":2519,"menu_order":0,"comment_status":"closed","ping_status":"closed","template":"","meta":{"_uag_custom_page_level_css":"","footnotes":""},"class_list":["post-2756","page","type-page","status-publish","has-post-thumbnail","hentry","column","onecol","has-thumbnail"],"featured_image_src":"https:\/\/gs-silberberg.de\/hp\/wp-content\/uploads\/2022\/08\/Si_-LOGO-_Blau-auf-Weiss-Philo.jpg","featured_image_src_square":"https:\/\/gs-silberberg.de\/hp\/wp-content\/uploads\/2022\/08\/Si_-LOGO-_Blau-auf-Weiss-Philo.jpg","uagb_featured_image_src":{"full":["https:\/\/gs-silberberg.de\/hp\/wp-content\/uploads\/2022\/08\/Si_-LOGO-_Blau-auf-Weiss-Philo.jpg",145,146,false],"thumbnail":["https:\/\/gs-silberberg.de\/hp\/wp-content\/uploads\/2022\/08\/Si_-LOGO-_Blau-auf-Weiss-Philo.jpg",145,146,false],"medium":["https:\/\/gs-silberberg.de\/hp\/wp-content\/uploads\/2022\/08\/Si_-LOGO-_Blau-auf-Weiss-Philo.jpg",145,146,false],"medium_large":["https:\/\/gs-silberberg.de\/hp\/wp-content\/uploads\/2022\/08\/Si_-LOGO-_Blau-auf-Weiss-Philo.jpg",145,146,false],"large":["https:\/\/gs-silberberg.de\/hp\/wp-content\/uploads\/2022\/08\/Si_-LOGO-_Blau-auf-Weiss-Philo.jpg",145,146,false],"1536x1536":["https:\/\/gs-silberberg.de\/hp\/wp-content\/uploads\/2022\/08\/Si_-LOGO-_Blau-auf-Weiss-Philo.jpg",145,146,false],"2048x2048":["https:\/\/gs-silberberg.de\/hp\/wp-content\/uploads\/2022\/08\/Si_-LOGO-_Blau-auf-Weiss-Philo.jpg",145,146,false],"gb-block-post-grid-landscape":["https:\/\/gs-silberberg.de\/hp\/wp-content\/uploads\/2022\/08\/Si_-LOGO-_Blau-auf-Weiss-Philo.jpg",145,146,false],"gb-block-post-grid-square":["https:\/\/gs-silberberg.de\/hp\/wp-content\/uploads\/2022\/08\/Si_-LOGO-_Blau-auf-Weiss-Philo.jpg",145,146,false],"slider-thumb":["https:\/\/gs-silberberg.de\/hp\/wp-content\/uploads\/2022\/08\/Si_-LOGO-_Blau-auf-Weiss-Philo.jpg",145,146,false],"blog-thumb":["https:\/\/gs-silberberg.de\/hp\/wp-content\/uploads\/2022\/08\/Si_-LOGO-_Blau-auf-Weiss-Philo.jpg",145,146,false],"teaser-thumb":["https:\/\/gs-silberberg.de\/hp\/wp-content\/uploads\/2022\/08\/Si_-LOGO-_Blau-auf-Weiss-Philo.jpg",145,146,false],"gallery-1-thumb":["https:\/\/gs-silberberg.de\/hp\/wp-content\/uploads\/2022\/08\/Si_-LOGO-_Blau-auf-Weiss-Philo.jpg",145,146,false],"gallery-2-thumb":["https:\/\/gs-silberberg.de\/hp\/wp-content\/uploads\/2022\/08\/Si_-LOGO-_Blau-auf-Weiss-Philo.jpg",145,146,false],"gallery-3-thumb":["https:\/\/gs-silberberg.de\/hp\/wp-content\/uploads\/2022\/08\/Si_-LOGO-_Blau-auf-Weiss-Philo.jpg",145,146,false],"image-thumb":["https:\/\/gs-silberberg.de\/hp\/wp-content\/uploads\/2022\/08\/Si_-LOGO-_Blau-auf-Weiss-Philo.jpg",145,146,false],"video-thumb":["https:\/\/gs-silberberg.de\/hp\/wp-content\/uploads\/2022\/08\/Si_-LOGO-_Blau-auf-Weiss-Philo.jpg",145,146,false]},"uagb_author_info":{"display_name":"Ja","author_link":"https:\/\/gs-silberberg.de\/hp\/author\/admin\/"},"uagb_comment_info":0,"uagb_excerpt":"Das Schulfach Sachunterricht soll Kindern der Grundschule erm\u00f6glichen ihre Lebenswelt mit Kopf, Herz und Hand selbst zu erforschen und zu erkunden. \u201eDer Mensch wird zum Menschen, indem er sein Herz, seine handwerklichen F\u00e4higkeiten und seinen Geist bildet.\u201c Pestalozzi Aus diesem Grund ist es besonders wichtig, Themen des Sachunterrichts handlungsorientiert mit &#8230;","publishpress_future_action":{"enabled":false,"date":"2026-04-24 13:53:52","action":"change-status","newStatus":"draft","terms":[],"taxonomy":"","extraData":[]},"publishpress_future_workflow_manual_trigger":{"enabledWorkflows":[]},"_links":{"self":[{"href":"https:\/\/gs-silberberg.de\/hp\/wp-json\/wp\/v2\/pages\/2756","targetHints":{"allow":["GET"]}}],"collection":[{"href":"https:\/\/gs-silberberg.de\/hp\/wp-json\/wp\/v2\/pages"}],"about":[{"href":"https:\/\/gs-silberberg.de\/hp\/wp-json\/wp\/v2\/types\/page"}],"author":[{"embeddable":true,"href":"https:\/\/gs-silberberg.de\/hp\/wp-json\/wp\/v2\/users\/1"}],"replies":[{"embeddable":true,"href":"https:\/\/gs-silberberg.de\/hp\/wp-json\/wp\/v2\/comments?post=2756"}],"version-history":[{"count":0,"href":"https:\/\/gs-silberberg.de\/hp\/wp-json\/wp\/v2\/pages\/2756\/revisions"}],"up":[{"embeddable":true,"href":"https:\/\/gs-silberberg.de\/hp\/wp-json\/wp\/v2\/pages\/2519"}],"wp:featuredmedia":[{"embeddable":true,"href":"https:\/\/gs-silberberg.de\/hp\/wp-json\/wp\/v2\/media\/2660"}],"wp:attachment":[{"href":"https:\/\/gs-silberberg.de\/hp\/wp-json\/wp\/v2\/media?parent=2756"}],"curies":[{"name":"wp","href":"https:\/\/api.w.org\/{rel}","templated":true}]}}