{"id":2746,"date":"2022-12-02T14:41:38","date_gmt":"2022-12-02T13:41:38","guid":{"rendered":"https:\/\/gs-silberberg.de\/hp\/unsere-faecher\/sport-copy-copy-2-copy-copy-copy\/"},"modified":"2022-12-02T14:43:20","modified_gmt":"2022-12-02T13:43:20","slug":"sport-copy-copy-2-copy-copy-copy","status":"publish","type":"page","link":"https:\/\/gs-silberberg.de\/hp\/unsere-faecher\/sport-copy-copy-2-copy-copy-copy\/","title":{"rendered":"Kunst"},"content":{"rendered":"<div class=\"wp-block-image\">\n<figure class=\"alignleft size-full\"><a href=\"https:\/\/gs-silberberg.de\/hp\/wp-content\/uploads\/2022\/12\/Si_-LOGO-_Blau-auf-Weiss-kunst.jpg\"><img loading=\"lazy\" decoding=\"async\" width=\"145\" height=\"146\" src=\"https:\/\/gs-silberberg.de\/hp\/wp-content\/uploads\/2022\/12\/Si_-LOGO-_Blau-auf-Weiss-kunst.jpg\" alt=\"\" class=\"wp-image-2748\"\/><\/a><\/figure>\n<\/div>\n\n\n<p>Wir leben in einer Welt, in der Bilder und der Umgang mit ihnen eine immer wichtigere Bedeutung erhalten. Sie m\u00fcssen kategorisiert, analysiert und bewertet werden.<\/p>\n<p>Dar\u00fcber hinaus sind Fantasie und Kreativit\u00e4t eine der wichtigsten Voraussetzungen f\u00fcr lebenslanges Lernen.<\/p>\n<p>Der Kunstunterricht an der Silberbergschule soll die Kreativit\u00e4t der Kinder f\u00f6rdern und individuelle \u00e4sthetische Erfahrungen erm\u00f6glichen. Dabei orientiert er sich sowohl an der Kunstgeschichte und Gegenwartskunst sowie an der Lebenswelt der Kinder.<\/p>\n<p>Neben der Bildbetrachtung und der Auseinandersetzung mit Kunstwerken, lernen die Kinder k\u00fcnstlerische Techniken kennen, wie die Malerei, die Zeichnung, das Drucken, das dreidimensionale Gestalten. Ebenso wird der Umgang mit verschiedensten Materialien, wie Ton und Holz und entsprechenden Werkzeugen ge\u00fcbt.<\/p>\n<p>Der Unterricht findet h\u00e4ufig in Form von Projekten statt, die schlie\u00dflich in einer Ausstellung gew\u00fcrdigt werden.<\/p>\n<p>Museumsbesuche und die Teilnahme an kreativen Wettbewerben geh\u00f6ren ebenso zu unserem Kunstunterricht wie nicht zuletzt die Freude der Kinder an der Kunst.<\/p>\n<p>\u00a0<\/p>\n\n\n\n<div class=\"wp-block-stackable-image aligncenter stk-block-image stk-block stk-3e78f01\" data-block-id=\"3e78f01\"><style>.stk-3e78f01 .stk-img-wrapper img{object-fit:none !important}.stk-3e78f01 .stk-img-wrapper{width:22% !important;height:185px !important}<\/style><figure class=\"stk-img-wrapper stk-image--shape-stretch\"><img loading=\"lazy\" decoding=\"async\" class=\"stk-img wp-image-2748\" src=\"https:\/\/gs-silberberg.de\/hp\/wp-content\/uploads\/2022\/12\/Si_-LOGO-_Blau-auf-Weiss-kunst.jpg\" width=\"145\" height=\"146\"\/><\/figure><\/div>\n\n\n\n\n\n<div style=\"text-align:center\" class=\"wp-block-genesis-blocks-gb-button gb-block-button\"><a href=\"https:\/\/gs-silberberg.de\/hp\/unsere-faecher\/\" class=\"gb-button gb-button-shape-rounded gb-button-size-small\" style=\"color:#ffffff;background-color:#003366\">Zur\u00fcck zur F\u00e4cherauswahl!<\/a><\/div>\n\n\n","protected":false},"excerpt":{"rendered":"<p>Wir leben in einer Welt, in der Bilder und der Umgang mit ihnen eine immer wichtigere Bedeutung erhalten. Sie m\u00fcssen kategorisiert, analysiert und bewertet werden. Dar\u00fcber hinaus sind Fantasie und Kreativit\u00e4t eine der wichtigsten Voraussetzungen f\u00fcr lebenslanges Lernen. Der Kunstunterricht an der Silberbergschule soll die Kreativit\u00e4t der Kinder f\u00f6rdern und &#8230;<\/p>\n","protected":false},"author":1,"featured_media":2660,"parent":2519,"menu_order":0,"comment_status":"closed","ping_status":"closed","template":"","meta":{"_uag_custom_page_level_css":"","footnotes":""},"class_list":["post-2746","page","type-page","status-publish","has-post-thumbnail","hentry","column","onecol","has-thumbnail"],"featured_image_src":"https:\/\/gs-silberberg.de\/hp\/wp-content\/uploads\/2022\/08\/Si_-LOGO-_Blau-auf-Weiss-Philo.jpg","featured_image_src_square":"https:\/\/gs-silberberg.de\/hp\/wp-content\/uploads\/2022\/08\/Si_-LOGO-_Blau-auf-Weiss-Philo.jpg","uagb_featured_image_src":{"full":["https:\/\/gs-silberberg.de\/hp\/wp-content\/uploads\/2022\/08\/Si_-LOGO-_Blau-auf-Weiss-Philo.jpg",145,146,false],"thumbnail":["https:\/\/gs-silberberg.de\/hp\/wp-content\/uploads\/2022\/08\/Si_-LOGO-_Blau-auf-Weiss-Philo.jpg",145,146,false],"medium":["https:\/\/gs-silberberg.de\/hp\/wp-content\/uploads\/2022\/08\/Si_-LOGO-_Blau-auf-Weiss-Philo.jpg",145,146,false],"medium_large":["https:\/\/gs-silberberg.de\/hp\/wp-content\/uploads\/2022\/08\/Si_-LOGO-_Blau-auf-Weiss-Philo.jpg",145,146,false],"large":["https:\/\/gs-silberberg.de\/hp\/wp-content\/uploads\/2022\/08\/Si_-LOGO-_Blau-auf-Weiss-Philo.jpg",145,146,false],"1536x1536":["https:\/\/gs-silberberg.de\/hp\/wp-content\/uploads\/2022\/08\/Si_-LOGO-_Blau-auf-Weiss-Philo.jpg",145,146,false],"2048x2048":["https:\/\/gs-silberberg.de\/hp\/wp-content\/uploads\/2022\/08\/Si_-LOGO-_Blau-auf-Weiss-Philo.jpg",145,146,false],"gb-block-post-grid-landscape":["https:\/\/gs-silberberg.de\/hp\/wp-content\/uploads\/2022\/08\/Si_-LOGO-_Blau-auf-Weiss-Philo.jpg",145,146,false],"gb-block-post-grid-square":["https:\/\/gs-silberberg.de\/hp\/wp-content\/uploads\/2022\/08\/Si_-LOGO-_Blau-auf-Weiss-Philo.jpg",145,146,false],"slider-thumb":["https:\/\/gs-silberberg.de\/hp\/wp-content\/uploads\/2022\/08\/Si_-LOGO-_Blau-auf-Weiss-Philo.jpg",145,146,false],"blog-thumb":["https:\/\/gs-silberberg.de\/hp\/wp-content\/uploads\/2022\/08\/Si_-LOGO-_Blau-auf-Weiss-Philo.jpg",145,146,false],"teaser-thumb":["https:\/\/gs-silberberg.de\/hp\/wp-content\/uploads\/2022\/08\/Si_-LOGO-_Blau-auf-Weiss-Philo.jpg",145,146,false],"gallery-1-thumb":["https:\/\/gs-silberberg.de\/hp\/wp-content\/uploads\/2022\/08\/Si_-LOGO-_Blau-auf-Weiss-Philo.jpg",145,146,false],"gallery-2-thumb":["https:\/\/gs-silberberg.de\/hp\/wp-content\/uploads\/2022\/08\/Si_-LOGO-_Blau-auf-Weiss-Philo.jpg",145,146,false],"gallery-3-thumb":["https:\/\/gs-silberberg.de\/hp\/wp-content\/uploads\/2022\/08\/Si_-LOGO-_Blau-auf-Weiss-Philo.jpg",145,146,false],"image-thumb":["https:\/\/gs-silberberg.de\/hp\/wp-content\/uploads\/2022\/08\/Si_-LOGO-_Blau-auf-Weiss-Philo.jpg",145,146,false],"video-thumb":["https:\/\/gs-silberberg.de\/hp\/wp-content\/uploads\/2022\/08\/Si_-LOGO-_Blau-auf-Weiss-Philo.jpg",145,146,false]},"uagb_author_info":{"display_name":"Ja","author_link":"https:\/\/gs-silberberg.de\/hp\/author\/admin\/"},"uagb_comment_info":0,"uagb_excerpt":"Wir leben in einer Welt, in der Bilder und der Umgang mit ihnen eine immer wichtigere Bedeutung erhalten. Sie m\u00fcssen kategorisiert, analysiert und bewertet werden. Dar\u00fcber hinaus sind Fantasie und Kreativit\u00e4t eine der wichtigsten Voraussetzungen f\u00fcr lebenslanges Lernen. Der Kunstunterricht an der Silberbergschule soll die Kreativit\u00e4t der Kinder f\u00f6rdern und &#8230;","publishpress_future_action":{"enabled":false,"date":"2026-04-26 11:40:28","action":"change-status","newStatus":"draft","terms":[],"taxonomy":"","extraData":[]},"publishpress_future_workflow_manual_trigger":{"enabledWorkflows":[]},"_links":{"self":[{"href":"https:\/\/gs-silberberg.de\/hp\/wp-json\/wp\/v2\/pages\/2746","targetHints":{"allow":["GET"]}}],"collection":[{"href":"https:\/\/gs-silberberg.de\/hp\/wp-json\/wp\/v2\/pages"}],"about":[{"href":"https:\/\/gs-silberberg.de\/hp\/wp-json\/wp\/v2\/types\/page"}],"author":[{"embeddable":true,"href":"https:\/\/gs-silberberg.de\/hp\/wp-json\/wp\/v2\/users\/1"}],"replies":[{"embeddable":true,"href":"https:\/\/gs-silberberg.de\/hp\/wp-json\/wp\/v2\/comments?post=2746"}],"version-history":[{"count":0,"href":"https:\/\/gs-silberberg.de\/hp\/wp-json\/wp\/v2\/pages\/2746\/revisions"}],"up":[{"embeddable":true,"href":"https:\/\/gs-silberberg.de\/hp\/wp-json\/wp\/v2\/pages\/2519"}],"wp:featuredmedia":[{"embeddable":true,"href":"https:\/\/gs-silberberg.de\/hp\/wp-json\/wp\/v2\/media\/2660"}],"wp:attachment":[{"href":"https:\/\/gs-silberberg.de\/hp\/wp-json\/wp\/v2\/media?parent=2746"}],"curies":[{"name":"wp","href":"https:\/\/api.w.org\/{rel}","templated":true}]}}