{"id":2742,"date":"2022-12-02T14:37:13","date_gmt":"2022-12-02T13:37:13","guid":{"rendered":"https:\/\/gs-silberberg.de\/hp\/unsere-faecher\/sport-copy-copy-2-copy-copy\/"},"modified":"2022-12-02T14:40:49","modified_gmt":"2022-12-02T13:40:49","slug":"sport-copy-copy-2-copy-copy","status":"publish","type":"page","link":"https:\/\/gs-silberberg.de\/hp\/unsere-faecher\/sport-copy-copy-2-copy-copy\/","title":{"rendered":"Textil"},"content":{"rendered":"<div class=\"wp-block-image\">\n<figure class=\"alignleft size-full\"><a href=\"https:\/\/gs-silberberg.de\/hp\/wp-content\/uploads\/2022\/12\/Si_-LOGO-_Blau-auf-Weiss-Textil.jpg\"><img loading=\"lazy\" decoding=\"async\" width=\"145\" height=\"146\" src=\"https:\/\/gs-silberberg.de\/hp\/wp-content\/uploads\/2022\/12\/Si_-LOGO-_Blau-auf-Weiss-Textil.jpg\" alt=\"\" class=\"wp-image-2744\"\/><\/a><\/figure>\n<\/div>\n\n\n<p>Textile Stoffe und Materialien umgeben uns in unserem Alltag immer und \u00fcberall. Wir finden sie nicht nur in unserer Mode, sondern auch in unserer Wohnkultur, in unserer Freizeit oder unterwegs in Autos, Z\u00fcgen oder Flugzeugen.<\/p>\n<p>Der Unterricht soll den Kindern die textile Kette von der Rohstoffgewinnung bis zum Endprodukt vermitteln. Dabei wird eine Auswahl von (textilen) Techniken erlernt, wie z.B. das Trieseln, das Sticken, das Weben, das Filzen, das N\u00e4hen, das H\u00e4keln oder das Applizieren. Dabei stehen Freude und die Kreativit\u00e4t der Kinder im Fokus.<\/p>\n\n\n\n<div class=\"wp-block-stackable-image aligncenter stk-block-image stk-block stk-3e78f01\" data-block-id=\"3e78f01\"><style>.stk-3e78f01 .stk-img-wrapper img{object-fit:none !important}.stk-3e78f01 .stk-img-wrapper{width:22% !important;height:185px !important}<\/style><figure class=\"stk-img-wrapper stk-image--shape-stretch\"><img loading=\"lazy\" decoding=\"async\" class=\"stk-img wp-image-2744\" src=\"https:\/\/gs-silberberg.de\/hp\/wp-content\/uploads\/2022\/12\/Si_-LOGO-_Blau-auf-Weiss-Textil.jpg\" width=\"145\" height=\"146\"\/><\/figure><\/div>\n\n\n\n\n\n<div style=\"text-align:center\" class=\"wp-block-genesis-blocks-gb-button gb-block-button\"><a href=\"https:\/\/gs-silberberg.de\/hp\/unsere-faecher\/\" class=\"gb-button gb-button-shape-rounded gb-button-size-small\" style=\"color:#ffffff;background-color:#003366\">Zur\u00fcck zur F\u00e4cherauswahl!<\/a><\/div>\n\n\n","protected":false},"excerpt":{"rendered":"<p>Textile Stoffe und Materialien umgeben uns in unserem Alltag immer und \u00fcberall. Wir finden sie nicht nur in unserer Mode, sondern auch in unserer Wohnkultur, in unserer Freizeit oder unterwegs in Autos, Z\u00fcgen oder Flugzeugen. Der Unterricht soll den Kindern die textile Kette von der Rohstoffgewinnung bis zum Endprodukt vermitteln. &#8230;<\/p>\n","protected":false},"author":1,"featured_media":2660,"parent":2519,"menu_order":0,"comment_status":"closed","ping_status":"closed","template":"","meta":{"_uag_custom_page_level_css":"","footnotes":""},"class_list":["post-2742","page","type-page","status-publish","has-post-thumbnail","hentry","column","onecol","has-thumbnail"],"featured_image_src":"https:\/\/gs-silberberg.de\/hp\/wp-content\/uploads\/2022\/08\/Si_-LOGO-_Blau-auf-Weiss-Philo.jpg","featured_image_src_square":"https:\/\/gs-silberberg.de\/hp\/wp-content\/uploads\/2022\/08\/Si_-LOGO-_Blau-auf-Weiss-Philo.jpg","uagb_featured_image_src":{"full":["https:\/\/gs-silberberg.de\/hp\/wp-content\/uploads\/2022\/08\/Si_-LOGO-_Blau-auf-Weiss-Philo.jpg",145,146,false],"thumbnail":["https:\/\/gs-silberberg.de\/hp\/wp-content\/uploads\/2022\/08\/Si_-LOGO-_Blau-auf-Weiss-Philo.jpg",145,146,false],"medium":["https:\/\/gs-silberberg.de\/hp\/wp-content\/uploads\/2022\/08\/Si_-LOGO-_Blau-auf-Weiss-Philo.jpg",145,146,false],"medium_large":["https:\/\/gs-silberberg.de\/hp\/wp-content\/uploads\/2022\/08\/Si_-LOGO-_Blau-auf-Weiss-Philo.jpg",145,146,false],"large":["https:\/\/gs-silberberg.de\/hp\/wp-content\/uploads\/2022\/08\/Si_-LOGO-_Blau-auf-Weiss-Philo.jpg",145,146,false],"1536x1536":["https:\/\/gs-silberberg.de\/hp\/wp-content\/uploads\/2022\/08\/Si_-LOGO-_Blau-auf-Weiss-Philo.jpg",145,146,false],"2048x2048":["https:\/\/gs-silberberg.de\/hp\/wp-content\/uploads\/2022\/08\/Si_-LOGO-_Blau-auf-Weiss-Philo.jpg",145,146,false],"gb-block-post-grid-landscape":["https:\/\/gs-silberberg.de\/hp\/wp-content\/uploads\/2022\/08\/Si_-LOGO-_Blau-auf-Weiss-Philo.jpg",145,146,false],"gb-block-post-grid-square":["https:\/\/gs-silberberg.de\/hp\/wp-content\/uploads\/2022\/08\/Si_-LOGO-_Blau-auf-Weiss-Philo.jpg",145,146,false],"slider-thumb":["https:\/\/gs-silberberg.de\/hp\/wp-content\/uploads\/2022\/08\/Si_-LOGO-_Blau-auf-Weiss-Philo.jpg",145,146,false],"blog-thumb":["https:\/\/gs-silberberg.de\/hp\/wp-content\/uploads\/2022\/08\/Si_-LOGO-_Blau-auf-Weiss-Philo.jpg",145,146,false],"teaser-thumb":["https:\/\/gs-silberberg.de\/hp\/wp-content\/uploads\/2022\/08\/Si_-LOGO-_Blau-auf-Weiss-Philo.jpg",145,146,false],"gallery-1-thumb":["https:\/\/gs-silberberg.de\/hp\/wp-content\/uploads\/2022\/08\/Si_-LOGO-_Blau-auf-Weiss-Philo.jpg",145,146,false],"gallery-2-thumb":["https:\/\/gs-silberberg.de\/hp\/wp-content\/uploads\/2022\/08\/Si_-LOGO-_Blau-auf-Weiss-Philo.jpg",145,146,false],"gallery-3-thumb":["https:\/\/gs-silberberg.de\/hp\/wp-content\/uploads\/2022\/08\/Si_-LOGO-_Blau-auf-Weiss-Philo.jpg",145,146,false],"image-thumb":["https:\/\/gs-silberberg.de\/hp\/wp-content\/uploads\/2022\/08\/Si_-LOGO-_Blau-auf-Weiss-Philo.jpg",145,146,false],"video-thumb":["https:\/\/gs-silberberg.de\/hp\/wp-content\/uploads\/2022\/08\/Si_-LOGO-_Blau-auf-Weiss-Philo.jpg",145,146,false]},"uagb_author_info":{"display_name":"Ja","author_link":"https:\/\/gs-silberberg.de\/hp\/author\/admin\/"},"uagb_comment_info":0,"uagb_excerpt":"Textile Stoffe und Materialien umgeben uns in unserem Alltag immer und \u00fcberall. Wir finden sie nicht nur in unserer Mode, sondern auch in unserer Wohnkultur, in unserer Freizeit oder unterwegs in Autos, Z\u00fcgen oder Flugzeugen. Der Unterricht soll den Kindern die textile Kette von der Rohstoffgewinnung bis zum Endprodukt vermitteln. &#8230;","publishpress_future_action":{"enabled":false,"date":"2026-05-06 15:21:10","action":"change-status","newStatus":"draft","terms":[],"taxonomy":"","extraData":[]},"publishpress_future_workflow_manual_trigger":{"enabledWorkflows":[]},"_links":{"self":[{"href":"https:\/\/gs-silberberg.de\/hp\/wp-json\/wp\/v2\/pages\/2742","targetHints":{"allow":["GET"]}}],"collection":[{"href":"https:\/\/gs-silberberg.de\/hp\/wp-json\/wp\/v2\/pages"}],"about":[{"href":"https:\/\/gs-silberberg.de\/hp\/wp-json\/wp\/v2\/types\/page"}],"author":[{"embeddable":true,"href":"https:\/\/gs-silberberg.de\/hp\/wp-json\/wp\/v2\/users\/1"}],"replies":[{"embeddable":true,"href":"https:\/\/gs-silberberg.de\/hp\/wp-json\/wp\/v2\/comments?post=2742"}],"version-history":[{"count":0,"href":"https:\/\/gs-silberberg.de\/hp\/wp-json\/wp\/v2\/pages\/2742\/revisions"}],"up":[{"embeddable":true,"href":"https:\/\/gs-silberberg.de\/hp\/wp-json\/wp\/v2\/pages\/2519"}],"wp:featuredmedia":[{"embeddable":true,"href":"https:\/\/gs-silberberg.de\/hp\/wp-json\/wp\/v2\/media\/2660"}],"wp:attachment":[{"href":"https:\/\/gs-silberberg.de\/hp\/wp-json\/wp\/v2\/media?parent=2742"}],"curies":[{"name":"wp","href":"https:\/\/api.w.org\/{rel}","templated":true}]}}