{"id":2613,"date":"2022-05-07T17:49:22","date_gmt":"2022-05-07T15:49:22","guid":{"rendered":"https:\/\/gs-silberberg.de\/hp\/unsere-faecher\/sport-copy-copy-copy\/"},"modified":"2022-05-08T10:45:29","modified_gmt":"2022-05-08T08:45:29","slug":"sport-copy-copy-copy","status":"publish","type":"page","link":"https:\/\/gs-silberberg.de\/hp\/unsere-faecher\/sport-copy-copy-copy\/","title":{"rendered":"Ern\u00e4hrungslehre"},"content":{"rendered":"\n<div class=\"wp-block-stackable-image stk-block-image stk-block stk-9c442be\" data-block-id=\"9c442be\"><style>.stk-9c442be{margin-bottom:15px !important}.stk-9c442be .stk-img-wrapper{width:100% !important;height:470px !important}<\/style><figure class=\"stk-img-wrapper stk-image--shape-stretch\"><img loading=\"lazy\" decoding=\"async\" class=\"stk-img wp-image-2617\" src=\"https:\/\/gs-silberberg.de\/hp\/wp-content\/uploads\/2022\/05\/Kueche-scaled.jpeg\" width=\"2560\" height=\"1920\" srcset=\"https:\/\/gs-silberberg.de\/hp\/wp-content\/uploads\/2022\/05\/Kueche-scaled.jpeg 2560w, https:\/\/gs-silberberg.de\/hp\/wp-content\/uploads\/2022\/05\/Kueche-300x225.jpeg 300w, https:\/\/gs-silberberg.de\/hp\/wp-content\/uploads\/2022\/05\/Kueche-1024x768.jpeg 1024w, https:\/\/gs-silberberg.de\/hp\/wp-content\/uploads\/2022\/05\/Kueche-768x576.jpeg 768w, https:\/\/gs-silberberg.de\/hp\/wp-content\/uploads\/2022\/05\/Kueche-1536x1152.jpeg 1536w, https:\/\/gs-silberberg.de\/hp\/wp-content\/uploads\/2022\/05\/Kueche-2048x1536.jpeg 2048w, https:\/\/gs-silberberg.de\/hp\/wp-content\/uploads\/2022\/05\/Kueche-700x525.jpeg 700w, https:\/\/gs-silberberg.de\/hp\/wp-content\/uploads\/2022\/05\/Kueche-332x249.jpeg 332w\" sizes=\"auto, (max-width: 2560px) 100vw, 2560px\" \/><\/figure><\/div>\n\n\n\n<div class=\"wp-block-image\"><figure class=\"alignleft size-large\"><a href=\"https:\/\/gs-silberberg.de\/hp\/wp-content\/uploads\/2022\/05\/Si_-LOGO-_Blau-auf-Weiss-EL.jpg\"><img loading=\"lazy\" decoding=\"async\" width=\"145\" height=\"146\" src=\"https:\/\/gs-silberberg.de\/hp\/wp-content\/uploads\/2022\/05\/Si_-LOGO-_Blau-auf-Weiss-EL.jpg\" alt=\"\" class=\"wp-image-2614\"\/><\/a><\/figure><\/div>\n\n\n\n<p>Die Ern\u00e4hrung in Kindertagen ist pr\u00e4gend, deshalb beginnt die Ern\u00e4hrungsbildung bei uns schon im Grundschulalter. Das Kennenlernen von frischen Zutaten und das gemeinsame Arbeiten in unserer tollen K\u00fcche sind wichtige Schritte auf dem Weg zu einer selbstbestimmten Ern\u00e4hrung.<\/p>\n<h4>Unsere Ziele:<\/h4>\n<p>&#8211;\u00a0\u00a0\u00a0 Die Kinder lernen Lebensmittel im wahrsten Sinne des Wortes \u201cbegreifen\u201c!<\/p>\n<p>&#8211;\u00a0\u00a0\u00a0 Sie entdecken neue Lebensmittel!<\/p>\n<p>&#8211;\u00a0\u00a0\u00a0 Sie lernen, ihr Essen zu genie\u00dfen und wertzusch\u00e4tzen!<\/p>\n<p>&#8211;\u00a0\u00a0\u00a0 \u00a0Sie erwerben Wissen und Fertigkeiten in der K\u00fcchenpraxis<\/p>\n<p>\u00a0\u00a0\u00a0\u00a0 (Hygiene, Arbeitssicherheit, Arbeitsorganisation, Schnitttechniken,<\/p>\n<p>\u00a0\u00a0\u00a0\u00a0 Garmethoden, Zubereitungsarten)!<\/p>\n<p>&#8211;\u00a0\u00a0\u00a0 Sie sollen bef\u00e4higt werden, ihren Lebensmittel-Konsum kritisch zu<\/p>\n<p>\u00a0\u00a0\u00a0 betrachten und aktiv zu gestalten!<\/p>\n<p>&#8211;\u00a0\u00a0\u00a0 Das gemeinsame Kochen und Essen unterst\u00fctzt soziale und motorische<\/p>\n<p>\u00a0\u00a0\u00a0 Fertigkeiten und f\u00f6rdert die sprachliche Entwicklung ( Tischdecken,<\/p>\n<p>\u00a0\u00a0\u00a0 Tischrituale)!<\/p>\n<p>&#8211;\u00a0\u00a0\u00a0 Eine abwechslungsreiche Ern\u00e4hrung f\u00f6rdert nachhaltig die Gesundheit der<\/p>\n<p>\u00a0\u00a0\u00a0 Kinder!<\/p>\n<p>{&#8222;type&#8220;:&#8220;block&#8220;,&#8220;srcClientIds&#8220;:[&#8222;2a21bde7-3d94-433b-be4e-f8ea06b7ae42&#8243;],&#8220;srcRootClientId&#8220;:&#8220;&#8220;}In einer schriftlichen und praktischen Abschlusspr\u00fcfung (Ern\u00e4hrungsf\u00fchrerschein) zeigen die Sch\u00fclerinnen und Sch\u00fcler, was sie gelernt haben.<\/p>\n<h4>Tipp f\u00fcr die Eltern:<\/h4>\n<p>Bitte ermutigen Sie Ihr Kind, die in der Schule erlernten Gerichte zu Hause auszuprobieren. Lassen Sie sich am Wochenende doch mal von Ihrem Kind ein Fr\u00fchst\u00fcck oder eine Nachspeise servieren und sparen Sie nicht mit Lob f\u00fcr die \u201cK\u00fcchenmeisterin\u201c oder den \u201cK\u00fcchenmeister\u201c!<\/p>\n\n\n\n<div class=\"wp-block-stackable-image aligncenter stk-block-image has-text-align-center stk-block stk-2a21bde\" data-block-id=\"2a21bde\"><style>.stk-2a21bde{margin-bottom:25px !important}.stk-2a21bde .stk-img-wrapper{width:39% !important;height:484px !important}<\/style><figure class=\"stk-img-wrapper stk-image--shape-stretch\"><img loading=\"lazy\" decoding=\"async\" class=\"stk-img wp-image-2619\" src=\"https:\/\/gs-silberberg.de\/hp\/wp-content\/uploads\/2022\/05\/kibd.jpeg\" width=\"1900\" height=\"2470\" srcset=\"https:\/\/gs-silberberg.de\/hp\/wp-content\/uploads\/2022\/05\/kibd.jpeg 1900w, https:\/\/gs-silberberg.de\/hp\/wp-content\/uploads\/2022\/05\/kibd-231x300.jpeg 231w, https:\/\/gs-silberberg.de\/hp\/wp-content\/uploads\/2022\/05\/kibd-788x1024.jpeg 788w, https:\/\/gs-silberberg.de\/hp\/wp-content\/uploads\/2022\/05\/kibd-768x998.jpeg 768w, https:\/\/gs-silberberg.de\/hp\/wp-content\/uploads\/2022\/05\/kibd-1182x1536.jpeg 1182w, https:\/\/gs-silberberg.de\/hp\/wp-content\/uploads\/2022\/05\/kibd-1575x2048.jpeg 1575w, https:\/\/gs-silberberg.de\/hp\/wp-content\/uploads\/2022\/05\/kibd-700x910.jpeg 700w, https:\/\/gs-silberberg.de\/hp\/wp-content\/uploads\/2022\/05\/kibd-332x432.jpeg 332w\" sizes=\"auto, (max-width: 1900px) 100vw, 1900px\" \/><\/figure><\/div>\n\n\n\n<div class=\"wp-block-genesis-blocks-gb-container gb-block-container\"><div class=\"gb-container-inside\"><div class=\"gb-container-content\"><\/div><\/div><\/div>\n\n\n\n<div class=\"wp-block-stackable-image aligncenter stk-block-image stk-block stk-3e78f01\" data-block-id=\"3e78f01\"><style>.stk-3e78f01 .stk-img-wrapper img{object-fit:none !important}.stk-3e78f01 .stk-img-wrapper{width:22% !important;height:185px !important}<\/style><figure class=\"stk-img-wrapper stk-image--shape-stretch\"><img loading=\"lazy\" decoding=\"async\" class=\"stk-img wp-image-2614\" src=\"https:\/\/gs-silberberg.de\/hp\/wp-content\/uploads\/2022\/05\/Si_-LOGO-_Blau-auf-Weiss-EL.jpg\" width=\"145\" height=\"146\"\/><\/figure><\/div>\n\n\n\n\n\n<div style=\"text-align:center\" class=\"wp-block-genesis-blocks-gb-button gb-block-button\"><a href=\"https:\/\/gs-silberberg.de\/hp\/unsere-faecher\/\" class=\"gb-button gb-button-shape-rounded gb-button-size-small\" style=\"color:#ffffff;background-color:#003366\">Zur\u00fcck zur F\u00e4cherauswahl!<\/a><\/div>\n","protected":false},"excerpt":{"rendered":"<p>Die Ern\u00e4hrung in Kindertagen ist pr\u00e4gend, deshalb beginnt die Ern\u00e4hrungsbildung bei uns schon im Grundschulalter. Das Kennenlernen von frischen Zutaten und das gemeinsame Arbeiten in unserer tollen K\u00fcche sind wichtige Schritte auf dem Weg zu einer selbstbestimmten Ern\u00e4hrung. Unsere Ziele: &#8211;\u00a0\u00a0\u00a0 Die Kinder lernen Lebensmittel im wahrsten Sinne des Wortes &#8230;<\/p>\n","protected":false},"author":1,"featured_media":2583,"parent":2519,"menu_order":0,"comment_status":"closed","ping_status":"closed","template":"","meta":{"_uag_custom_page_level_css":"","footnotes":""},"class_list":["post-2613","page","type-page","status-publish","has-post-thumbnail","hentry","column","onecol","has-thumbnail"],"featured_image_src":"https:\/\/gs-silberberg.de\/hp\/wp-content\/uploads\/2022\/05\/Si_-LOGO-_Blau-auf-Weiss-Englisch.jpg","featured_image_src_square":"https:\/\/gs-silberberg.de\/hp\/wp-content\/uploads\/2022\/05\/Si_-LOGO-_Blau-auf-Weiss-Englisch.jpg","uagb_featured_image_src":{"full":["https:\/\/gs-silberberg.de\/hp\/wp-content\/uploads\/2022\/05\/Si_-LOGO-_Blau-auf-Weiss-Englisch.jpg",145,146,false],"thumbnail":["https:\/\/gs-silberberg.de\/hp\/wp-content\/uploads\/2022\/05\/Si_-LOGO-_Blau-auf-Weiss-Englisch.jpg",145,146,false],"medium":["https:\/\/gs-silberberg.de\/hp\/wp-content\/uploads\/2022\/05\/Si_-LOGO-_Blau-auf-Weiss-Englisch.jpg",145,146,false],"medium_large":["https:\/\/gs-silberberg.de\/hp\/wp-content\/uploads\/2022\/05\/Si_-LOGO-_Blau-auf-Weiss-Englisch.jpg",145,146,false],"large":["https:\/\/gs-silberberg.de\/hp\/wp-content\/uploads\/2022\/05\/Si_-LOGO-_Blau-auf-Weiss-Englisch.jpg",145,146,false],"1536x1536":["https:\/\/gs-silberberg.de\/hp\/wp-content\/uploads\/2022\/05\/Si_-LOGO-_Blau-auf-Weiss-Englisch.jpg",145,146,false],"2048x2048":["https:\/\/gs-silberberg.de\/hp\/wp-content\/uploads\/2022\/05\/Si_-LOGO-_Blau-auf-Weiss-Englisch.jpg",145,146,false],"gb-block-post-grid-landscape":["https:\/\/gs-silberberg.de\/hp\/wp-content\/uploads\/2022\/05\/Si_-LOGO-_Blau-auf-Weiss-Englisch.jpg",145,146,false],"gb-block-post-grid-square":["https:\/\/gs-silberberg.de\/hp\/wp-content\/uploads\/2022\/05\/Si_-LOGO-_Blau-auf-Weiss-Englisch.jpg",145,146,false],"slider-thumb":["https:\/\/gs-silberberg.de\/hp\/wp-content\/uploads\/2022\/05\/Si_-LOGO-_Blau-auf-Weiss-Englisch.jpg",145,146,false],"blog-thumb":["https:\/\/gs-silberberg.de\/hp\/wp-content\/uploads\/2022\/05\/Si_-LOGO-_Blau-auf-Weiss-Englisch.jpg",145,146,false],"teaser-thumb":["https:\/\/gs-silberberg.de\/hp\/wp-content\/uploads\/2022\/05\/Si_-LOGO-_Blau-auf-Weiss-Englisch.jpg",145,146,false],"gallery-1-thumb":["https:\/\/gs-silberberg.de\/hp\/wp-content\/uploads\/2022\/05\/Si_-LOGO-_Blau-auf-Weiss-Englisch.jpg",145,146,false],"gallery-2-thumb":["https:\/\/gs-silberberg.de\/hp\/wp-content\/uploads\/2022\/05\/Si_-LOGO-_Blau-auf-Weiss-Englisch.jpg",145,146,false],"gallery-3-thumb":["https:\/\/gs-silberberg.de\/hp\/wp-content\/uploads\/2022\/05\/Si_-LOGO-_Blau-auf-Weiss-Englisch.jpg",145,146,false],"image-thumb":["https:\/\/gs-silberberg.de\/hp\/wp-content\/uploads\/2022\/05\/Si_-LOGO-_Blau-auf-Weiss-Englisch.jpg",145,146,false],"video-thumb":["https:\/\/gs-silberberg.de\/hp\/wp-content\/uploads\/2022\/05\/Si_-LOGO-_Blau-auf-Weiss-Englisch.jpg",145,146,false]},"uagb_author_info":{"display_name":"Ja","author_link":"https:\/\/gs-silberberg.de\/hp\/author\/admin\/"},"uagb_comment_info":0,"uagb_excerpt":"Die Ern\u00e4hrung in Kindertagen ist pr\u00e4gend, deshalb beginnt die Ern\u00e4hrungsbildung bei uns schon im Grundschulalter. Das Kennenlernen von frischen Zutaten und das gemeinsame Arbeiten in unserer tollen K\u00fcche sind wichtige Schritte auf dem Weg zu einer selbstbestimmten Ern\u00e4hrung. Unsere Ziele: &#8211;\u00a0\u00a0\u00a0 Die Kinder lernen Lebensmittel im wahrsten Sinne des Wortes &#8230;","publishpress_future_action":{"enabled":false,"date":"2026-04-28 10:48:03","action":"change-status","newStatus":"draft","terms":[],"taxonomy":"","extraData":[]},"publishpress_future_workflow_manual_trigger":{"enabledWorkflows":[]},"_links":{"self":[{"href":"https:\/\/gs-silberberg.de\/hp\/wp-json\/wp\/v2\/pages\/2613","targetHints":{"allow":["GET"]}}],"collection":[{"href":"https:\/\/gs-silberberg.de\/hp\/wp-json\/wp\/v2\/pages"}],"about":[{"href":"https:\/\/gs-silberberg.de\/hp\/wp-json\/wp\/v2\/types\/page"}],"author":[{"embeddable":true,"href":"https:\/\/gs-silberberg.de\/hp\/wp-json\/wp\/v2\/users\/1"}],"replies":[{"embeddable":true,"href":"https:\/\/gs-silberberg.de\/hp\/wp-json\/wp\/v2\/comments?post=2613"}],"version-history":[{"count":0,"href":"https:\/\/gs-silberberg.de\/hp\/wp-json\/wp\/v2\/pages\/2613\/revisions"}],"up":[{"embeddable":true,"href":"https:\/\/gs-silberberg.de\/hp\/wp-json\/wp\/v2\/pages\/2519"}],"wp:featuredmedia":[{"embeddable":true,"href":"https:\/\/gs-silberberg.de\/hp\/wp-json\/wp\/v2\/media\/2583"}],"wp:attachment":[{"href":"https:\/\/gs-silberberg.de\/hp\/wp-json\/wp\/v2\/media?parent=2613"}],"curies":[{"name":"wp","href":"https:\/\/api.w.org\/{rel}","templated":true}]}}