{"id":2598,"date":"2022-05-07T17:04:20","date_gmt":"2022-05-07T15:04:20","guid":{"rendered":"https:\/\/gs-silberberg.de\/hp\/sport-copy\/"},"modified":"2022-05-07T17:12:46","modified_gmt":"2022-05-07T15:12:46","slug":"sport-copy","status":"publish","type":"page","link":"https:\/\/gs-silberberg.de\/hp\/unsere-faecher\/sport-copy\/","title":{"rendered":"Englisch"},"content":{"rendered":"\n<div class=\"wp-block-image\"><figure class=\"alignleft size-large\"><a href=\"https:\/\/gs-silberberg.de\/hp\/wp-content\/uploads\/2022\/05\/Si_-LOGO-_Blau-auf-Weiss-Englisch.jpg\"><img loading=\"lazy\" decoding=\"async\" width=\"145\" height=\"146\" src=\"https:\/\/gs-silberberg.de\/hp\/wp-content\/uploads\/2022\/05\/Si_-LOGO-_Blau-auf-Weiss-Englisch.jpg\" alt=\"\" class=\"wp-image-2583\"\/><\/a><\/figure><\/div>\n\n\n\n<p>Der Englischunterricht in der Grundschule soll bei jedem Kind eine positive Einstellung zum lebenslangen Fremdsprachenlernen entwickeln und nutzt die besonderen Lernvoraussetzungen dieser Altersstufe f\u00fcr den Spracherwerb. Das hei\u00dft, dass Kinder in diesem Alter besonders leicht die Aussprache von W\u00f6rtern sowie Satzmelodien aufnehmen k\u00f6nnen (pronunciation and intonation).<\/p>\n<p>Der Englischunterricht wird m\u00f6glichst einsprachig erteilt (unterst\u00fctzt durch viel Gestik und Mimik) und pr\u00e4gt durch dieses \u201aSprachbad\u2018 einen passiven Wortschatz bei den SuS ein, der an der weiterf\u00fchrenden Schule sozusagen wieder aktiviert und weiter ausgebaut wird. Die SuS erwerben sprachliche Mittel und kommunikative Fertigkeiten, die in konkreten Situationen erprobt und gefestigt werden.<\/p>\n<p>Wie bei allen Fremdsprachen geschieht dies \u00fcber die Reihenfolge<\/p>\n<p>1. H\u00f6ren \u2013 2. Sprechen \u2013 3. Lesen und 4. Schreiben.<\/p>\n<p>Lesen und Schreiben sind dabei dem H\u00f6ren und Sprechen untergeordnet. Ein \u201aklassisches\u2018 Vokabel- und Grammatiklernen findet in der Grundschule noch nicht statt. Nach den Vorgaben des Landes wird der Englischunterricht sowohl in der 3. als auch in der 4. Jahrgangsstufe zweist\u00fcndig unterrichtet.<\/p>\n<p>Die SuS sind in diesem Alter besonders offen f\u00fcr aktives (Zu-)H\u00f6ren und wiederholendes Sprechen im Chor, in Gruppen oder\u00a0 Partnerarbeit. Im Mittelpunkt des Englischunterrichts stehen die m\u00fcndliche Kommunikationsf\u00e4higkeit mit einem m\u00f6glichst hohen Sprachanteil der Kinder, aber ebenso auch l\u00e4ngere Phasen des verstehenden H\u00f6rens (z.B. beim storytelling). Die Unterrichtsthemen sind dabei an die Erfahrenswelt der Kinder angelehnt wie \u201aschool\u2018, \u201aclothes\u2018, \u201apets\u2018, \u201afood &amp; drink\u2018, etc. \u00a0Texte und (digitale) Medien werden funktional dazu eingesetzt.<\/p>\n<p>Folgende unterrichtliche Mittel haben sich in unserem Englischunterricht bew\u00e4hrt:<\/p>\n<ul>\n<li>Eingangs- und Abschlussrituale (Spruch\/Lied)<\/li>\n<li>songs &amp; rhymes<\/li>\n<li>TPR\u00a0 (total physical response)<\/li>\n<li>Arbeit mit word chunks<\/li>\n<li>interviews<\/li>\n<li>role plays<\/li>\n<li>stories<\/li>\n<li>games<\/li>\n<li>kooperative Lernformen<\/li>\n<\/ul>\n<p>Wir verzichten auf ein festgelegtes Lehrwerk, sondern arbeiten lieber mit Themenwerkst\u00e4tten, Realien und Storybooks, die passgenau und flexibel auf die vorgegebenen Rahmenthemen anzuwenden sind und jeder Lerngruppe gerecht werden.<\/p>\n<p>Traditionell erleben die 4. Klassen am Ende ihrer Grundschulzeit ein lustiges englisches Theaterst\u00fcck, welches in unserer Aula aufgef\u00fchrt wird.<\/p>\n\n\n\n<div class=\"wp-block-stackable-image aligncenter stk-block-image stk-block stk-3e78f01\" data-block-id=\"3e78f01\"><style>.stk-3e78f01 .stk-img-wrapper img{object-fit:none !important}.stk-3e78f01 .stk-img-wrapper{width:22% !important;height:185px !important}<\/style><figure class=\"stk-img-wrapper stk-image--shape-stretch\"><img loading=\"lazy\" decoding=\"async\" class=\"stk-img wp-image-2583\" src=\"https:\/\/gs-silberberg.de\/hp\/wp-content\/uploads\/2022\/05\/Si_-LOGO-_Blau-auf-Weiss-Englisch.jpg\" width=\"145\" height=\"146\"\/><\/figure><\/div>\n\n\n\n\n\n<div style=\"text-align:center\" class=\"wp-block-genesis-blocks-gb-button gb-block-button\"><a href=\"https:\/\/gs-silberberg.de\/hp\/unsere-faecher\/\" class=\"gb-button gb-button-shape-rounded gb-button-size-small\" style=\"color:#ffffff;background-color:#003366\">Zur\u00fcck zur F\u00e4cherauswahl!<\/a><\/div>\n\n\n","protected":false},"excerpt":{"rendered":"<p>Der Englischunterricht in der Grundschule soll bei jedem Kind eine positive Einstellung zum lebenslangen Fremdsprachenlernen entwickeln und nutzt die besonderen Lernvoraussetzungen dieser Altersstufe f\u00fcr den Spracherwerb. Das hei\u00dft, dass Kinder in diesem Alter besonders leicht die Aussprache von W\u00f6rtern sowie Satzmelodien aufnehmen k\u00f6nnen (pronunciation and intonation). Der Englischunterricht wird m\u00f6glichst &#8230;<\/p>\n","protected":false},"author":1,"featured_media":2583,"parent":2519,"menu_order":0,"comment_status":"closed","ping_status":"closed","template":"","meta":{"_uag_custom_page_level_css":"","footnotes":""},"class_list":["post-2598","page","type-page","status-publish","has-post-thumbnail","hentry","column","onecol","has-thumbnail"],"featured_image_src":"https:\/\/gs-silberberg.de\/hp\/wp-content\/uploads\/2022\/05\/Si_-LOGO-_Blau-auf-Weiss-Englisch.jpg","featured_image_src_square":"https:\/\/gs-silberberg.de\/hp\/wp-content\/uploads\/2022\/05\/Si_-LOGO-_Blau-auf-Weiss-Englisch.jpg","uagb_featured_image_src":{"full":["https:\/\/gs-silberberg.de\/hp\/wp-content\/uploads\/2022\/05\/Si_-LOGO-_Blau-auf-Weiss-Englisch.jpg",145,146,false],"thumbnail":["https:\/\/gs-silberberg.de\/hp\/wp-content\/uploads\/2022\/05\/Si_-LOGO-_Blau-auf-Weiss-Englisch.jpg",145,146,false],"medium":["https:\/\/gs-silberberg.de\/hp\/wp-content\/uploads\/2022\/05\/Si_-LOGO-_Blau-auf-Weiss-Englisch.jpg",145,146,false],"medium_large":["https:\/\/gs-silberberg.de\/hp\/wp-content\/uploads\/2022\/05\/Si_-LOGO-_Blau-auf-Weiss-Englisch.jpg",145,146,false],"large":["https:\/\/gs-silberberg.de\/hp\/wp-content\/uploads\/2022\/05\/Si_-LOGO-_Blau-auf-Weiss-Englisch.jpg",145,146,false],"1536x1536":["https:\/\/gs-silberberg.de\/hp\/wp-content\/uploads\/2022\/05\/Si_-LOGO-_Blau-auf-Weiss-Englisch.jpg",145,146,false],"2048x2048":["https:\/\/gs-silberberg.de\/hp\/wp-content\/uploads\/2022\/05\/Si_-LOGO-_Blau-auf-Weiss-Englisch.jpg",145,146,false],"gb-block-post-grid-landscape":["https:\/\/gs-silberberg.de\/hp\/wp-content\/uploads\/2022\/05\/Si_-LOGO-_Blau-auf-Weiss-Englisch.jpg",145,146,false],"gb-block-post-grid-square":["https:\/\/gs-silberberg.de\/hp\/wp-content\/uploads\/2022\/05\/Si_-LOGO-_Blau-auf-Weiss-Englisch.jpg",145,146,false],"slider-thumb":["https:\/\/gs-silberberg.de\/hp\/wp-content\/uploads\/2022\/05\/Si_-LOGO-_Blau-auf-Weiss-Englisch.jpg",145,146,false],"blog-thumb":["https:\/\/gs-silberberg.de\/hp\/wp-content\/uploads\/2022\/05\/Si_-LOGO-_Blau-auf-Weiss-Englisch.jpg",145,146,false],"teaser-thumb":["https:\/\/gs-silberberg.de\/hp\/wp-content\/uploads\/2022\/05\/Si_-LOGO-_Blau-auf-Weiss-Englisch.jpg",145,146,false],"gallery-1-thumb":["https:\/\/gs-silberberg.de\/hp\/wp-content\/uploads\/2022\/05\/Si_-LOGO-_Blau-auf-Weiss-Englisch.jpg",145,146,false],"gallery-2-thumb":["https:\/\/gs-silberberg.de\/hp\/wp-content\/uploads\/2022\/05\/Si_-LOGO-_Blau-auf-Weiss-Englisch.jpg",145,146,false],"gallery-3-thumb":["https:\/\/gs-silberberg.de\/hp\/wp-content\/uploads\/2022\/05\/Si_-LOGO-_Blau-auf-Weiss-Englisch.jpg",145,146,false],"image-thumb":["https:\/\/gs-silberberg.de\/hp\/wp-content\/uploads\/2022\/05\/Si_-LOGO-_Blau-auf-Weiss-Englisch.jpg",145,146,false],"video-thumb":["https:\/\/gs-silberberg.de\/hp\/wp-content\/uploads\/2022\/05\/Si_-LOGO-_Blau-auf-Weiss-Englisch.jpg",145,146,false]},"uagb_author_info":{"display_name":"Ja","author_link":"https:\/\/gs-silberberg.de\/hp\/author\/admin\/"},"uagb_comment_info":0,"uagb_excerpt":"Der Englischunterricht in der Grundschule soll bei jedem Kind eine positive Einstellung zum lebenslangen Fremdsprachenlernen entwickeln und nutzt die besonderen Lernvoraussetzungen dieser Altersstufe f\u00fcr den Spracherwerb. Das hei\u00dft, dass Kinder in diesem Alter besonders leicht die Aussprache von W\u00f6rtern sowie Satzmelodien aufnehmen k\u00f6nnen (pronunciation and intonation). Der Englischunterricht wird m\u00f6glichst &#8230;","publishpress_future_action":{"enabled":false,"date":"2026-04-26 11:41:24","action":"change-status","newStatus":"draft","terms":[],"taxonomy":"","extraData":[]},"publishpress_future_workflow_manual_trigger":{"enabledWorkflows":[]},"_links":{"self":[{"href":"https:\/\/gs-silberberg.de\/hp\/wp-json\/wp\/v2\/pages\/2598","targetHints":{"allow":["GET"]}}],"collection":[{"href":"https:\/\/gs-silberberg.de\/hp\/wp-json\/wp\/v2\/pages"}],"about":[{"href":"https:\/\/gs-silberberg.de\/hp\/wp-json\/wp\/v2\/types\/page"}],"author":[{"embeddable":true,"href":"https:\/\/gs-silberberg.de\/hp\/wp-json\/wp\/v2\/users\/1"}],"replies":[{"embeddable":true,"href":"https:\/\/gs-silberberg.de\/hp\/wp-json\/wp\/v2\/comments?post=2598"}],"version-history":[{"count":0,"href":"https:\/\/gs-silberberg.de\/hp\/wp-json\/wp\/v2\/pages\/2598\/revisions"}],"up":[{"embeddable":true,"href":"https:\/\/gs-silberberg.de\/hp\/wp-json\/wp\/v2\/pages\/2519"}],"wp:featuredmedia":[{"embeddable":true,"href":"https:\/\/gs-silberberg.de\/hp\/wp-json\/wp\/v2\/media\/2583"}],"wp:attachment":[{"href":"https:\/\/gs-silberberg.de\/hp\/wp-json\/wp\/v2\/media?parent=2598"}],"curies":[{"name":"wp","href":"https:\/\/api.w.org\/{rel}","templated":true}]}}