{"id":2520,"date":"2022-02-24T15:43:04","date_gmt":"2022-02-24T14:43:04","guid":{"rendered":"https:\/\/gs-silberberg.de\/hp\/?page_id=2520"},"modified":"2026-04-15T14:01:10","modified_gmt":"2026-04-15T12:01:10","slug":"sport","status":"publish","type":"page","link":"https:\/\/gs-silberberg.de\/hp\/sport\/","title":{"rendered":"Sport"},"content":{"rendered":"<div class=\"wp-block-image\">\r\n<figure class=\"alignleft size-large\"><a href=\"https:\/\/gs-silberberg.de\/hp\/wp-content\/uploads\/2022\/02\/SI-Logo-146-Sport.jpg\"><img loading=\"lazy\" decoding=\"async\" width=\"145\" height=\"146\" class=\"wp-image-2524\" src=\"https:\/\/gs-silberberg.de\/hp\/wp-content\/uploads\/2022\/02\/SI-Logo-146-Sport.jpg\" alt=\"\" \/><\/a><\/figure>\r\n<\/div>\r\n\r\n\r\n<p>Seit jeher nimmt das Fach am Silberberg einen gro\u00dfen Stellenwert ein. Durch unsere hervorragende Sportausstattung ist es uns m\u00f6glich, einen maximal vielf\u00e4ltigen Sportunterricht anzubieten. Eine modernisierte Dreifeldhalle und ein Kunstrasensportplatz mit Sprunggrube, Laufbahnen und ein Soccerfield in unmittelbarer N\u00e4he, bieten alle erdenklichen Bewegungsm\u00f6glichkeiten.<\/p>\r\n\r\n\r\n\r\n<figure class=\"wp-block-gallery has-nested-images columns-default is-cropped wp-block-gallery-1 is-layout-flex wp-block-gallery-is-layout-flex\">\r\n<figure class=\"wp-block-image size-large\"><a href=\"https:\/\/gs-silberberg.de\/hp\/wp-content\/uploads\/2022\/03\/IMG_20220307_095800-scaled.jpg\"><img loading=\"lazy\" decoding=\"async\" width=\"1024\" height=\"576\" data-id=\"2545\" class=\"wp-image-2545\" src=\"https:\/\/gs-silberberg.de\/hp\/wp-content\/uploads\/2022\/03\/IMG_20220307_095800-1024x576.jpg\" alt=\"\" srcset=\"https:\/\/gs-silberberg.de\/hp\/wp-content\/uploads\/2022\/03\/IMG_20220307_095800-1024x576.jpg 1024w, https:\/\/gs-silberberg.de\/hp\/wp-content\/uploads\/2022\/03\/IMG_20220307_095800-300x169.jpg 300w, https:\/\/gs-silberberg.de\/hp\/wp-content\/uploads\/2022\/03\/IMG_20220307_095800-768x432.jpg 768w, https:\/\/gs-silberberg.de\/hp\/wp-content\/uploads\/2022\/03\/IMG_20220307_095800-1536x864.jpg 1536w, https:\/\/gs-silberberg.de\/hp\/wp-content\/uploads\/2022\/03\/IMG_20220307_095800-2048x1152.jpg 2048w, https:\/\/gs-silberberg.de\/hp\/wp-content\/uploads\/2022\/03\/IMG_20220307_095800-700x393.jpg 700w, https:\/\/gs-silberberg.de\/hp\/wp-content\/uploads\/2022\/03\/IMG_20220307_095800-332x187.jpg 332w\" sizes=\"auto, (max-width: 1024px) 100vw, 1024px\" \/><\/a><\/figure>\r\n\r\n\r\n\r\n<figure class=\"wp-block-image size-large\"><a href=\"https:\/\/gs-silberberg.de\/hp\/wp-content\/uploads\/2022\/03\/IMG_20220307_095738-scaled.jpg\"><img loading=\"lazy\" decoding=\"async\" width=\"1024\" height=\"576\" data-id=\"2546\" class=\"wp-image-2546\" src=\"https:\/\/gs-silberberg.de\/hp\/wp-content\/uploads\/2022\/03\/IMG_20220307_095738-1024x576.jpg\" alt=\"\" srcset=\"https:\/\/gs-silberberg.de\/hp\/wp-content\/uploads\/2022\/03\/IMG_20220307_095738-1024x576.jpg 1024w, https:\/\/gs-silberberg.de\/hp\/wp-content\/uploads\/2022\/03\/IMG_20220307_095738-300x169.jpg 300w, https:\/\/gs-silberberg.de\/hp\/wp-content\/uploads\/2022\/03\/IMG_20220307_095738-768x432.jpg 768w, https:\/\/gs-silberberg.de\/hp\/wp-content\/uploads\/2022\/03\/IMG_20220307_095738-1536x864.jpg 1536w, https:\/\/gs-silberberg.de\/hp\/wp-content\/uploads\/2022\/03\/IMG_20220307_095738-2048x1152.jpg 2048w, https:\/\/gs-silberberg.de\/hp\/wp-content\/uploads\/2022\/03\/IMG_20220307_095738-700x393.jpg 700w, https:\/\/gs-silberberg.de\/hp\/wp-content\/uploads\/2022\/03\/IMG_20220307_095738-332x187.jpg 332w\" sizes=\"auto, (max-width: 1024px) 100vw, 1024px\" \/><\/a><\/figure>\r\n\r\n\r\n\r\n<figure class=\"wp-block-image size-large\"><a href=\"https:\/\/gs-silberberg.de\/hp\/wp-content\/uploads\/2022\/03\/IMG_20220307_095808-scaled.jpg\"><img loading=\"lazy\" decoding=\"async\" width=\"1024\" height=\"576\" data-id=\"2550\" class=\"wp-image-2550\" src=\"https:\/\/gs-silberberg.de\/hp\/wp-content\/uploads\/2022\/03\/IMG_20220307_095808-1024x576.jpg\" alt=\"\" srcset=\"https:\/\/gs-silberberg.de\/hp\/wp-content\/uploads\/2022\/03\/IMG_20220307_095808-1024x576.jpg 1024w, https:\/\/gs-silberberg.de\/hp\/wp-content\/uploads\/2022\/03\/IMG_20220307_095808-300x169.jpg 300w, https:\/\/gs-silberberg.de\/hp\/wp-content\/uploads\/2022\/03\/IMG_20220307_095808-768x432.jpg 768w, https:\/\/gs-silberberg.de\/hp\/wp-content\/uploads\/2022\/03\/IMG_20220307_095808-1536x864.jpg 1536w, https:\/\/gs-silberberg.de\/hp\/wp-content\/uploads\/2022\/03\/IMG_20220307_095808-2048x1152.jpg 2048w, https:\/\/gs-silberberg.de\/hp\/wp-content\/uploads\/2022\/03\/IMG_20220307_095808-700x393.jpg 700w, https:\/\/gs-silberberg.de\/hp\/wp-content\/uploads\/2022\/03\/IMG_20220307_095808-332x187.jpg 332w\" sizes=\"auto, (max-width: 1024px) 100vw, 1024px\" \/><\/a><\/figure>\r\n\r\n\r\n\r\n<figure class=\"wp-block-image size-large\"><a href=\"https:\/\/gs-silberberg.de\/hp\/wp-content\/uploads\/2022\/03\/IMG_20220225_093444-scaled.jpg\"><img loading=\"lazy\" decoding=\"async\" width=\"1024\" height=\"576\" data-id=\"2547\" class=\"wp-image-2547\" src=\"https:\/\/gs-silberberg.de\/hp\/wp-content\/uploads\/2022\/03\/IMG_20220225_093444-1024x576.jpg\" alt=\"\" srcset=\"https:\/\/gs-silberberg.de\/hp\/wp-content\/uploads\/2022\/03\/IMG_20220225_093444-1024x576.jpg 1024w, https:\/\/gs-silberberg.de\/hp\/wp-content\/uploads\/2022\/03\/IMG_20220225_093444-300x169.jpg 300w, https:\/\/gs-silberberg.de\/hp\/wp-content\/uploads\/2022\/03\/IMG_20220225_093444-768x432.jpg 768w, https:\/\/gs-silberberg.de\/hp\/wp-content\/uploads\/2022\/03\/IMG_20220225_093444-1536x864.jpg 1536w, https:\/\/gs-silberberg.de\/hp\/wp-content\/uploads\/2022\/03\/IMG_20220225_093444-2048x1152.jpg 2048w, https:\/\/gs-silberberg.de\/hp\/wp-content\/uploads\/2022\/03\/IMG_20220225_093444-700x393.jpg 700w, https:\/\/gs-silberberg.de\/hp\/wp-content\/uploads\/2022\/03\/IMG_20220225_093444-332x187.jpg 332w\" sizes=\"auto, (max-width: 1024px) 100vw, 1024px\" \/><\/a><\/figure>\r\n\r\n\r\n\r\n<figure class=\"wp-block-image size-large\"><a href=\"https:\/\/gs-silberberg.de\/hp\/wp-content\/uploads\/2022\/03\/IMG_20220225_093434-scaled.jpg\"><img loading=\"lazy\" decoding=\"async\" width=\"1024\" height=\"576\" data-id=\"2548\" class=\"wp-image-2548\" src=\"https:\/\/gs-silberberg.de\/hp\/wp-content\/uploads\/2022\/03\/IMG_20220225_093434-1024x576.jpg\" alt=\"\" srcset=\"https:\/\/gs-silberberg.de\/hp\/wp-content\/uploads\/2022\/03\/IMG_20220225_093434-1024x576.jpg 1024w, https:\/\/gs-silberberg.de\/hp\/wp-content\/uploads\/2022\/03\/IMG_20220225_093434-300x169.jpg 300w, https:\/\/gs-silberberg.de\/hp\/wp-content\/uploads\/2022\/03\/IMG_20220225_093434-768x432.jpg 768w, https:\/\/gs-silberberg.de\/hp\/wp-content\/uploads\/2022\/03\/IMG_20220225_093434-1536x864.jpg 1536w, https:\/\/gs-silberberg.de\/hp\/wp-content\/uploads\/2022\/03\/IMG_20220225_093434-2048x1152.jpg 2048w, https:\/\/gs-silberberg.de\/hp\/wp-content\/uploads\/2022\/03\/IMG_20220225_093434-700x393.jpg 700w, https:\/\/gs-silberberg.de\/hp\/wp-content\/uploads\/2022\/03\/IMG_20220225_093434-332x187.jpg 332w\" sizes=\"auto, (max-width: 1024px) 100vw, 1024px\" \/><\/a><\/figure>\r\n\r\n\r\n\r\n<figure class=\"wp-block-image size-large\"><a href=\"https:\/\/gs-silberberg.de\/hp\/wp-content\/uploads\/2022\/03\/IMG_20220225_093427-scaled.jpg\"><img loading=\"lazy\" decoding=\"async\" width=\"1024\" height=\"576\" data-id=\"2549\" class=\"wp-image-2549\" src=\"https:\/\/gs-silberberg.de\/hp\/wp-content\/uploads\/2022\/03\/IMG_20220225_093427-1024x576.jpg\" alt=\"\" srcset=\"https:\/\/gs-silberberg.de\/hp\/wp-content\/uploads\/2022\/03\/IMG_20220225_093427-1024x576.jpg 1024w, https:\/\/gs-silberberg.de\/hp\/wp-content\/uploads\/2022\/03\/IMG_20220225_093427-300x169.jpg 300w, https:\/\/gs-silberberg.de\/hp\/wp-content\/uploads\/2022\/03\/IMG_20220225_093427-768x432.jpg 768w, https:\/\/gs-silberberg.de\/hp\/wp-content\/uploads\/2022\/03\/IMG_20220225_093427-1536x864.jpg 1536w, https:\/\/gs-silberberg.de\/hp\/wp-content\/uploads\/2022\/03\/IMG_20220225_093427-2048x1152.jpg 2048w, https:\/\/gs-silberberg.de\/hp\/wp-content\/uploads\/2022\/03\/IMG_20220225_093427-700x393.jpg 700w, https:\/\/gs-silberberg.de\/hp\/wp-content\/uploads\/2022\/03\/IMG_20220225_093427-332x187.jpg 332w\" sizes=\"auto, (max-width: 1024px) 100vw, 1024px\" \/><\/a><\/figure>\r\n<\/figure>\r\n\r\n\r\n\r\n<p>Aber nicht nur die Ausstattung ist top, sondern auch unser Sportangebot: Allj\u00e4hrlich finden f\u00fcr jeden Jahrgang zahlreiche Sportveranstaltungen statt. Ob in Mannschaftssportspielen oder im Ausdauer- bzw. Leichtathletikbereich, in jedem Schuljahr haben die Sch\u00fclerinnen und Sch\u00fcler die M\u00f6glichkeit, sich mit Freude, Spa\u00df und auch Ehrgeiz sportlich zu messen.<\/p>\r\n\r\n\r\n\r\n<figure class=\"wp-block-gallery has-nested-images columns-default uag-masonry uagb-block-b00549d1 wp-block-gallery-2 is-layout-flex wp-block-gallery-is-layout-flex\">\r\n<figure class=\"wp-block-image size-large\"><a href=\"https:\/\/gs-silberberg.de\/hp\/wp-content\/uploads\/2015\/06\/bjp-logo.jpg\"><img loading=\"lazy\" decoding=\"async\" width=\"592\" height=\"472\" data-id=\"440\" class=\"wp-image-440\" src=\"https:\/\/gs-silberberg.de\/hp\/wp-content\/uploads\/2015\/06\/bjp-logo.jpg\" alt=\"\" srcset=\"https:\/\/gs-silberberg.de\/hp\/wp-content\/uploads\/2015\/06\/bjp-logo.jpg 592w, https:\/\/gs-silberberg.de\/hp\/wp-content\/uploads\/2015\/06\/bjp-logo-300x239.jpg 300w, https:\/\/gs-silberberg.de\/hp\/wp-content\/uploads\/2015\/06\/bjp-logo-332x265.jpg 332w\" sizes=\"auto, (max-width: 592px) 100vw, 592px\" \/><\/a><\/figure>\r\n\r\n\r\n\r\n<figure class=\"wp-block-image size-large\"><a href=\"https:\/\/gs-silberberg.de\/hp\/wp-content\/uploads\/2015\/09\/waldlauflogo.png\"><img loading=\"lazy\" decoding=\"async\" width=\"800\" height=\"600\" data-id=\"546\" class=\"wp-image-546\" src=\"https:\/\/gs-silberberg.de\/hp\/wp-content\/uploads\/2015\/09\/waldlauflogo.png\" alt=\"\" srcset=\"https:\/\/gs-silberberg.de\/hp\/wp-content\/uploads\/2015\/09\/waldlauflogo.png 800w, https:\/\/gs-silberberg.de\/hp\/wp-content\/uploads\/2015\/09\/waldlauflogo-300x225.png 300w, https:\/\/gs-silberberg.de\/hp\/wp-content\/uploads\/2015\/09\/waldlauflogo-700x525.png 700w, https:\/\/gs-silberberg.de\/hp\/wp-content\/uploads\/2015\/09\/waldlauflogo-332x249.png 332w\" sizes=\"auto, (max-width: 800px) 100vw, 800px\" \/><\/a><\/figure>\r\n\r\n\r\n\r\n<figure class=\"wp-block-image size-large\"><a href=\"https:\/\/gs-silberberg.de\/hp\/wp-content\/uploads\/2018\/06\/Plakat-SuSf-2018.jpg\"><img loading=\"lazy\" decoding=\"async\" width=\"543\" height=\"768\" data-id=\"1200\" class=\"wp-image-1200\" src=\"https:\/\/gs-silberberg.de\/hp\/wp-content\/uploads\/2018\/06\/Plakat-SuSf-2018.jpg\" alt=\"\" srcset=\"https:\/\/gs-silberberg.de\/hp\/wp-content\/uploads\/2018\/06\/Plakat-SuSf-2018.jpg 543w, https:\/\/gs-silberberg.de\/hp\/wp-content\/uploads\/2018\/06\/Plakat-SuSf-2018-212x300.jpg 212w, https:\/\/gs-silberberg.de\/hp\/wp-content\/uploads\/2018\/06\/Plakat-SuSf-2018-332x470.jpg 332w\" sizes=\"auto, (max-width: 543px) 100vw, 543px\" \/><\/a><\/figure>\r\n\r\n\r\n\r\n<figure class=\"wp-block-image size-large\"><a href=\"https:\/\/gs-silberberg.de\/hp\/wp-content\/uploads\/2019\/09\/Logo-LW1920-klein.jpg\"><img loading=\"lazy\" decoding=\"async\" width=\"461\" height=\"335\" data-id=\"1533\" class=\"wp-image-1533\" src=\"https:\/\/gs-silberberg.de\/hp\/wp-content\/uploads\/2019\/09\/Logo-LW1920-klein.jpg\" alt=\"\" srcset=\"https:\/\/gs-silberberg.de\/hp\/wp-content\/uploads\/2019\/09\/Logo-LW1920-klein.jpg 461w, https:\/\/gs-silberberg.de\/hp\/wp-content\/uploads\/2019\/09\/Logo-LW1920-klein-300x218.jpg 300w, https:\/\/gs-silberberg.de\/hp\/wp-content\/uploads\/2019\/09\/Logo-LW1920-klein-332x241.jpg 332w\" sizes=\"auto, (max-width: 461px) 100vw, 461px\" \/><\/a><\/figure>\r\n\r\n\r\n\r\n<figure class=\"wp-block-image size-large\"><a href=\"https:\/\/gs-silberberg.de\/hp\/wp-content\/uploads\/2019\/03\/Plakat-Floorball-KM-19-1-2.jpg\"><img loading=\"lazy\" decoding=\"async\" width=\"543\" height=\"768\" data-id=\"1420\" class=\"wp-image-1420\" src=\"https:\/\/gs-silberberg.de\/hp\/wp-content\/uploads\/2019\/03\/Plakat-Floorball-KM-19-1-2.jpg\" alt=\"\" srcset=\"https:\/\/gs-silberberg.de\/hp\/wp-content\/uploads\/2019\/03\/Plakat-Floorball-KM-19-1-2.jpg 543w, https:\/\/gs-silberberg.de\/hp\/wp-content\/uploads\/2019\/03\/Plakat-Floorball-KM-19-1-2-212x300.jpg 212w, https:\/\/gs-silberberg.de\/hp\/wp-content\/uploads\/2019\/03\/Plakat-Floorball-KM-19-1-2-332x470.jpg 332w\" sizes=\"auto, (max-width: 543px) 100vw, 543px\" \/><\/a><\/figure>\r\n\r\n\r\n\r\n<figure class=\"wp-block-image size-large\"><a href=\"https:\/\/gs-silberberg.de\/hp\/wp-content\/uploads\/2018\/02\/Plakat-SFC-18-1.jpg\"><img loading=\"lazy\" decoding=\"async\" width=\"543\" height=\"768\" data-id=\"1098\" class=\"wp-image-1098\" src=\"https:\/\/gs-silberberg.de\/hp\/wp-content\/uploads\/2018\/02\/Plakat-SFC-18-1.jpg\" alt=\"\" srcset=\"https:\/\/gs-silberberg.de\/hp\/wp-content\/uploads\/2018\/02\/Plakat-SFC-18-1.jpg 543w, https:\/\/gs-silberberg.de\/hp\/wp-content\/uploads\/2018\/02\/Plakat-SFC-18-1-212x300.jpg 212w, https:\/\/gs-silberberg.de\/hp\/wp-content\/uploads\/2018\/02\/Plakat-SFC-18-1-332x470.jpg 332w\" sizes=\"auto, (max-width: 543px) 100vw, 543px\" \/><\/a><\/figure>\r\n\r\n\r\n\r\n<figure class=\"wp-block-image size-large\"><a href=\"https:\/\/gs-silberberg.de\/hp\/wp-content\/uploads\/2016\/12\/brennball-plakat.jpg\"><img loading=\"lazy\" decoding=\"async\" width=\"543\" height=\"768\" data-id=\"763\" class=\"wp-image-763\" src=\"https:\/\/gs-silberberg.de\/hp\/wp-content\/uploads\/2016\/12\/brennball-plakat.jpg\" alt=\"\" srcset=\"https:\/\/gs-silberberg.de\/hp\/wp-content\/uploads\/2016\/12\/brennball-plakat.jpg 543w, https:\/\/gs-silberberg.de\/hp\/wp-content\/uploads\/2016\/12\/brennball-plakat-212x300.jpg 212w, https:\/\/gs-silberberg.de\/hp\/wp-content\/uploads\/2016\/12\/brennball-plakat-332x470.jpg 332w\" sizes=\"auto, (max-width: 543px) 100vw, 543px\" \/><\/a><\/figure>\r\n\r\n\r\n\r\n<figure class=\"wp-block-image size-large\"><a href=\"https:\/\/gs-silberberg.de\/hp\/wp-content\/uploads\/2022\/05\/Plakat-Voelkerball-2022-ml-1.jpg\"><img loading=\"lazy\" decoding=\"async\" width=\"724\" height=\"1024\" data-id=\"2578\" class=\"wp-image-2578\" src=\"https:\/\/gs-silberberg.de\/hp\/wp-content\/uploads\/2022\/05\/Plakat-Voelkerball-2022-ml-1-724x1024.jpg\" alt=\"\" srcset=\"https:\/\/gs-silberberg.de\/hp\/wp-content\/uploads\/2022\/05\/Plakat-Voelkerball-2022-ml-1-724x1024.jpg 724w, https:\/\/gs-silberberg.de\/hp\/wp-content\/uploads\/2022\/05\/Plakat-Voelkerball-2022-ml-1-212x300.jpg 212w, https:\/\/gs-silberberg.de\/hp\/wp-content\/uploads\/2022\/05\/Plakat-Voelkerball-2022-ml-1-768x1086.jpg 768w, https:\/\/gs-silberberg.de\/hp\/wp-content\/uploads\/2022\/05\/Plakat-Voelkerball-2022-ml-1-700x990.jpg 700w, https:\/\/gs-silberberg.de\/hp\/wp-content\/uploads\/2022\/05\/Plakat-Voelkerball-2022-ml-1-332x470.jpg 332w, https:\/\/gs-silberberg.de\/hp\/wp-content\/uploads\/2022\/05\/Plakat-Voelkerball-2022-ml-1.jpg 794w\" sizes=\"auto, (max-width: 724px) 100vw, 724px\" \/><\/a><\/figure>\r\n<\/figure>\r\n\r\n\r\n\r\n\r\n\r\n<p>Sportliche Bewegung ist f\u00fcr uns ein wichtiges Thema. Insbesondere um den immer weiter zunehmenden Bewegungsmangel zu begegnen. Daf\u00fcr bieten wir f\u00fcr alle Klassen 2 Sportstunden pro Woche an. Zus\u00e4tzlich haben wir in diesem Halbjahr eine Sportf\u00f6rderstunde f\u00fcr die 1. Klassen.<\/p>\r\n\r\n\r\n\r\n<p>Zu den Vereinen DSV und VFL Geesthacht pflegen wir ein gutes Verh\u00e4ltnis und kooperieren projektbezogen mit einigen Sparten.<\/p>\r\n\r\n\r\n\r\n<p>Mit Engagement bilden wir gerne zuk\u00fcnftige Lehrerinnen und Lehrer in der zweiten Ausbildungsphase aus und profitieren dadurch von vielen neuen und modernen Unterrichtsinhalten und geben unsere Erfahrung weiter.<\/p>\r\n\r\n\r\n\r\n<p class=\"has-normal-font-size\"><strong>Und das ist Sport am Silberberg:<\/strong><\/p>\r\n\r\n\r\n\r\n<div class=\"wp-block-stackable-divider is-style-dots stk-block-divider stk-block stk-7fed624\" data-block-id=\"7fed624\"><style>.stk-7fed624{margin-bottom:11px !important}.stk-7fed624 .stk-block-divider__dot{background:#003366 !important}<\/style><\/div>\r\n\r\n\r\n\r\n<ul class=\"wp-block-list\">\r\n<li><strong>Die Sportst\u00e4tten:<\/strong>\r\n<ul>\r\n<li>Sanierte und bestens ausgestattete Drei-Felder-Halle mit Kletterwand.<\/li>\r\n<li>Diverses Sportmaterial (Klein- und Gro\u00dfger\u00e4te).<\/li>\r\n<li>Sportplatz des DSV mit Kunstrasen, Laufbahnen, Sprunggrube und Soccerfield<\/li>\r\n<li>Der nahe gelegene Wald bietet jede Menge Laufm\u00f6glichkeiten.<\/li>\r\n<\/ul>\r\n<\/li>\r\n<li><strong>Unsere Veranstaltungen in jedem Schuljahr:<\/strong>\r\n<ul>\r\n<li>Ausdauerlaufveranstaltung (abwechselnd Laufwunder mit Laufabzeichen\/ Waldlauftag)<\/li>\r\n<li>Bundesjugendspiele (Klasse 3\/4)<\/li>\r\n<li>Sport- und Spielefest (Klasse 1\/2)<\/li>\r\n<li>V\u00f6lkerballturnier (Klasse 2)<\/li>\r\n<li>Brennballturnier (Klasse 3)<\/li>\r\n<li>Floorballturnier (Klasse 4)<\/li>\r\n<li>Kreismeisterschaft Floorball (Auswahl Klasse 4)<\/li>\r\n<li>Teilnahme am Kreissportfest (Auswahl Klasse 4)<\/li>\r\n<\/ul>\r\n<\/li>\r\n<li><strong>Zusatzangebote als AG:<\/strong><br \/>\r\n<ul>\r\n<li>Yoga-AG<\/li>\r\n<li>Schwimmen-AG (f\u00fcr alle Kinder der 3. Und 4. Klassen, die noch nicht Schwimmen gelernt oder das Fr\u00fchschwimmabzeichen \u201eSeepferdchen\u201c erworben haben.<\/li>\r\n<\/ul>\r\n<\/li>\r\n<\/ul>\r\n\r\n\r\n\r\n<p>Unser Ziel ist es, den Kindern eine sportliche Vielfalt zu bieten und sie, wenn m\u00f6glich, f\u00fcr ein langes Sporttreiben zu begeistern. Dabei nehmen wir R\u00fccksicht auf die individuellen Voraussetzungen der Sch\u00fclerinnen und Sch\u00fcler.<\/p>\r\n\r\n\r\n\r\n<figure class=\"wp-block-gallery has-nested-images columns-default is-cropped wp-block-gallery-3 is-layout-flex wp-block-gallery-is-layout-flex\">\r\n<figure class=\"wp-block-image size-large\"><a href=\"https:\/\/gs-silberberg.de\/hp\/wp-content\/uploads\/2016\/06\/IMG_4523.jpg\"><img loading=\"lazy\" decoding=\"async\" width=\"1024\" height=\"768\" data-id=\"692\" class=\"wp-image-692\" src=\"https:\/\/gs-silberberg.de\/hp\/wp-content\/uploads\/2016\/06\/IMG_4523-1024x768.jpg\" alt=\"\" srcset=\"https:\/\/gs-silberberg.de\/hp\/wp-content\/uploads\/2016\/06\/IMG_4523.jpg 1024w, https:\/\/gs-silberberg.de\/hp\/wp-content\/uploads\/2016\/06\/IMG_4523-300x225.jpg 300w, https:\/\/gs-silberberg.de\/hp\/wp-content\/uploads\/2016\/06\/IMG_4523-768x576.jpg 768w, https:\/\/gs-silberberg.de\/hp\/wp-content\/uploads\/2016\/06\/IMG_4523-700x525.jpg 700w, https:\/\/gs-silberberg.de\/hp\/wp-content\/uploads\/2016\/06\/IMG_4523-332x249.jpg 332w\" sizes=\"auto, (max-width: 1024px) 100vw, 1024px\" \/><\/a><\/figure>\r\n\r\n\r\n\r\n<figure class=\"wp-block-image size-large\"><a href=\"https:\/\/gs-silberberg.de\/hp\/wp-content\/uploads\/2015\/07\/susf.jpg\"><img loading=\"lazy\" decoding=\"async\" width=\"1000\" height=\"522\" data-id=\"484\" class=\"wp-image-484\" src=\"https:\/\/gs-silberberg.de\/hp\/wp-content\/uploads\/2015\/07\/susf.jpg\" alt=\"\" srcset=\"https:\/\/gs-silberberg.de\/hp\/wp-content\/uploads\/2015\/07\/susf.jpg 1000w, https:\/\/gs-silberberg.de\/hp\/wp-content\/uploads\/2015\/07\/susf-300x157.jpg 300w, https:\/\/gs-silberberg.de\/hp\/wp-content\/uploads\/2015\/07\/susf-700x365.jpg 700w, https:\/\/gs-silberberg.de\/hp\/wp-content\/uploads\/2015\/07\/susf-332x173.jpg 332w\" sizes=\"auto, (max-width: 1000px) 100vw, 1000px\" \/><\/a><\/figure>\r\n\r\n\r\n\r\n<figure class=\"wp-block-image size-large\"><a href=\"https:\/\/gs-silberberg.de\/hp\/wp-content\/uploads\/2016\/03\/Floorballtor-opt1.jpg\"><img loading=\"lazy\" decoding=\"async\" width=\"1024\" height=\"681\" data-id=\"646\" class=\"wp-image-646\" src=\"https:\/\/gs-silberberg.de\/hp\/wp-content\/uploads\/2016\/03\/Floorballtor-opt1-1024x681.jpg\" alt=\"\" srcset=\"https:\/\/gs-silberberg.de\/hp\/wp-content\/uploads\/2016\/03\/Floorballtor-opt1.jpg 1024w, https:\/\/gs-silberberg.de\/hp\/wp-content\/uploads\/2016\/03\/Floorballtor-opt1-300x200.jpg 300w, https:\/\/gs-silberberg.de\/hp\/wp-content\/uploads\/2016\/03\/Floorballtor-opt1-768x511.jpg 768w, https:\/\/gs-silberberg.de\/hp\/wp-content\/uploads\/2016\/03\/Floorballtor-opt1-700x466.jpg 700w, https:\/\/gs-silberberg.de\/hp\/wp-content\/uploads\/2016\/03\/Floorballtor-opt1-332x221.jpg 332w\" sizes=\"auto, (max-width: 1024px) 100vw, 1024px\" \/><\/a><\/figure>\r\n<\/figure>\r\n\r\n\r\n\r\n<div class=\"wp-block-stackable-image aligncenter stk-block-image stk-block stk-3e78f01\" data-block-id=\"3e78f01\"><style>.stk-3e78f01 .stk-img-wrapper img{object-fit:none !important}.stk-3e78f01 .stk-img-wrapper{width:22% !important;height:185px !important}<\/style><\/div>\r\n<figure><strong>Schulinternes Fachcurriculum Sport:<\/strong><\/figure>\r\n<p>Das schulinterne Fachcurriculum f\u00fcr das Fach Sport konkretisiert, inwiefern und mit welchen Schwerpunkten unsere Schule die landesweiten Fachanforderungen im Fach Sport umsetzt:<\/p>\r\n<div class=\"wp-block-stackable-image aligncenter stk-block-image stk-block stk-3e78f01\" data-block-id=\"3e78f01\">\r\n<figure><a href=\"https:\/\/gs-silberberg.de\/hp\/wp-content\/uploads\/2026\/04\/Sport_Uebersicht_schulinternes_FC.pdf\">\u00dcbersicht Klasse 1.-4. schulinternes Fachcurriculum Sport<\/a><\/figure>\r\n<\/div>\r\n<figure><\/figure>\r\n<div class=\"wp-block-stackable-image aligncenter stk-block-image stk-block stk-3e78f01\" data-block-id=\"3e78f01\">\r\n<figure><\/figure>\r\n<figure class=\"stk-img-wrapper stk-image--shape-stretch\"><img loading=\"lazy\" decoding=\"async\" class=\"stk-img wp-image-2524\" src=\"https:\/\/gs-silberberg.de\/hp\/wp-content\/uploads\/2022\/02\/SI-Logo-146-Sport.jpg\" width=\"145\" height=\"146\" \/><\/figure>\r\n<\/div>\r\n\r\n\r\n\r\n\r\n\r\n<div class=\"wp-block-genesis-blocks-gb-button gb-block-button\" style=\"text-align: center;\"><a class=\"gb-button gb-button-shape-rounded gb-button-size-small\" style=\"color: #ffffff; background-color: #003366;\" href=\"https:\/\/gs-silberberg.de\/hp\/unsere-faecher\/\">Zur\u00fcck zur F\u00e4cherauswahl!<\/a><\/div>\r\n\r\n\r\n","protected":false},"excerpt":{"rendered":"<p>Seit jeher nimmt das Fach am Silberberg einen gro\u00dfen Stellenwert ein. Durch unsere hervorragende Sportausstattung ist es uns m\u00f6glich, einen maximal vielf\u00e4ltigen Sportunterricht anzubieten. Eine modernisierte Dreifeldhalle und ein Kunstrasensportplatz mit Sprunggrube, Laufbahnen und ein Soccerfield in unmittelbarer N\u00e4he, bieten alle erdenklichen Bewegungsm\u00f6glichkeiten. Aber nicht nur die Ausstattung ist top, &#8230;<\/p>\n","protected":false},"author":1,"featured_media":2526,"parent":0,"menu_order":0,"comment_status":"closed","ping_status":"closed","template":"","meta":{"_uag_custom_page_level_css":"","footnotes":""},"class_list":["post-2520","page","type-page","status-publish","has-post-thumbnail","hentry","column","onecol","has-thumbnail"],"featured_image_src":"https:\/\/gs-silberberg.de\/hp\/wp-content\/uploads\/2022\/02\/SI-Logo-50-Sport.jpg","featured_image_src_square":"https:\/\/gs-silberberg.de\/hp\/wp-content\/uploads\/2022\/02\/SI-Logo-50-Sport.jpg","uagb_featured_image_src":{"full":["https:\/\/gs-silberberg.de\/hp\/wp-content\/uploads\/2022\/02\/SI-Logo-50-Sport.jpg",50,50,false],"thumbnail":["https:\/\/gs-silberberg.de\/hp\/wp-content\/uploads\/2022\/02\/SI-Logo-50-Sport.jpg",50,50,false],"medium":["https:\/\/gs-silberberg.de\/hp\/wp-content\/uploads\/2022\/02\/SI-Logo-50-Sport.jpg",50,50,false],"medium_large":["https:\/\/gs-silberberg.de\/hp\/wp-content\/uploads\/2022\/02\/SI-Logo-50-Sport.jpg",50,50,false],"large":["https:\/\/gs-silberberg.de\/hp\/wp-content\/uploads\/2022\/02\/SI-Logo-50-Sport.jpg",50,50,false],"1536x1536":["https:\/\/gs-silberberg.de\/hp\/wp-content\/uploads\/2022\/02\/SI-Logo-50-Sport.jpg",50,50,false],"2048x2048":["https:\/\/gs-silberberg.de\/hp\/wp-content\/uploads\/2022\/02\/SI-Logo-50-Sport.jpg",50,50,false],"gb-block-post-grid-landscape":["https:\/\/gs-silberberg.de\/hp\/wp-content\/uploads\/2022\/02\/SI-Logo-50-Sport.jpg",50,50,false],"gb-block-post-grid-square":["https:\/\/gs-silberberg.de\/hp\/wp-content\/uploads\/2022\/02\/SI-Logo-50-Sport.jpg",50,50,false],"slider-thumb":["https:\/\/gs-silberberg.de\/hp\/wp-content\/uploads\/2022\/02\/SI-Logo-50-Sport.jpg",50,50,false],"blog-thumb":["https:\/\/gs-silberberg.de\/hp\/wp-content\/uploads\/2022\/02\/SI-Logo-50-Sport.jpg",50,50,false],"teaser-thumb":["https:\/\/gs-silberberg.de\/hp\/wp-content\/uploads\/2022\/02\/SI-Logo-50-Sport.jpg",50,50,false],"gallery-1-thumb":["https:\/\/gs-silberberg.de\/hp\/wp-content\/uploads\/2022\/02\/SI-Logo-50-Sport.jpg",50,50,false],"gallery-2-thumb":["https:\/\/gs-silberberg.de\/hp\/wp-content\/uploads\/2022\/02\/SI-Logo-50-Sport.jpg",50,50,false],"gallery-3-thumb":["https:\/\/gs-silberberg.de\/hp\/wp-content\/uploads\/2022\/02\/SI-Logo-50-Sport.jpg",50,50,false],"image-thumb":["https:\/\/gs-silberberg.de\/hp\/wp-content\/uploads\/2022\/02\/SI-Logo-50-Sport.jpg",50,50,false],"video-thumb":["https:\/\/gs-silberberg.de\/hp\/wp-content\/uploads\/2022\/02\/SI-Logo-50-Sport.jpg",50,50,false]},"uagb_author_info":{"display_name":"Ja","author_link":"https:\/\/gs-silberberg.de\/hp\/author\/admin\/"},"uagb_comment_info":0,"uagb_excerpt":"Seit jeher nimmt das Fach am Silberberg einen gro\u00dfen Stellenwert ein. Durch unsere hervorragende Sportausstattung ist es uns m\u00f6glich, einen maximal vielf\u00e4ltigen Sportunterricht anzubieten. Eine modernisierte Dreifeldhalle und ein Kunstrasensportplatz mit Sprunggrube, Laufbahnen und ein Soccerfield in unmittelbarer N\u00e4he, bieten alle erdenklichen Bewegungsm\u00f6glichkeiten. Aber nicht nur die Ausstattung ist top, &#8230;","publishpress_future_action":{"enabled":false,"date":"2026-04-24 15:21:46","action":"change-status","newStatus":"draft","terms":[],"taxonomy":"","extraData":[]},"publishpress_future_workflow_manual_trigger":{"enabledWorkflows":[]},"_links":{"self":[{"href":"https:\/\/gs-silberberg.de\/hp\/wp-json\/wp\/v2\/pages\/2520","targetHints":{"allow":["GET"]}}],"collection":[{"href":"https:\/\/gs-silberberg.de\/hp\/wp-json\/wp\/v2\/pages"}],"about":[{"href":"https:\/\/gs-silberberg.de\/hp\/wp-json\/wp\/v2\/types\/page"}],"author":[{"embeddable":true,"href":"https:\/\/gs-silberberg.de\/hp\/wp-json\/wp\/v2\/users\/1"}],"replies":[{"embeddable":true,"href":"https:\/\/gs-silberberg.de\/hp\/wp-json\/wp\/v2\/comments?post=2520"}],"version-history":[{"count":2,"href":"https:\/\/gs-silberberg.de\/hp\/wp-json\/wp\/v2\/pages\/2520\/revisions"}],"predecessor-version":[{"id":3693,"href":"https:\/\/gs-silberberg.de\/hp\/wp-json\/wp\/v2\/pages\/2520\/revisions\/3693"}],"wp:featuredmedia":[{"embeddable":true,"href":"https:\/\/gs-silberberg.de\/hp\/wp-json\/wp\/v2\/media\/2526"}],"wp:attachment":[{"href":"https:\/\/gs-silberberg.de\/hp\/wp-json\/wp\/v2\/media?parent=2520"}],"curies":[{"name":"wp","href":"https:\/\/api.w.org\/{rel}","templated":true}]}}