{"id":17,"date":"2013-01-25T14:59:33","date_gmt":"2013-01-25T12:59:33","guid":{"rendered":"http:\/\/gs-silberberg.de\/hp\/?page_id=17"},"modified":"2026-02-06T13:26:50","modified_gmt":"2026-02-06T12:26:50","slug":"schulsozialarbeit","status":"publish","type":"page","link":"https:\/\/gs-silberberg.de\/hp\/schulsozialarbeit\/","title":{"rendered":"Schulsozialarbeit"},"content":{"rendered":"\r\n<p><a href=\"https:\/\/gs-silberberg.de\/hp\/wp-content\/uploads\/2026\/02\/55.jpg\"><img loading=\"lazy\" decoding=\"async\" class=\" wp-image-3503 aligncenter\" src=\"https:\/\/gs-silberberg.de\/hp\/wp-content\/uploads\/2026\/02\/55-300x208.jpg\" alt=\"\" width=\"365\" height=\"253\" srcset=\"https:\/\/gs-silberberg.de\/hp\/wp-content\/uploads\/2026\/02\/55-300x208.jpg 300w, https:\/\/gs-silberberg.de\/hp\/wp-content\/uploads\/2026\/02\/55-1024x708.jpg 1024w, https:\/\/gs-silberberg.de\/hp\/wp-content\/uploads\/2026\/02\/55-768x531.jpg 768w, https:\/\/gs-silberberg.de\/hp\/wp-content\/uploads\/2026\/02\/55-1536x1063.jpg 1536w, https:\/\/gs-silberberg.de\/hp\/wp-content\/uploads\/2026\/02\/55-700x484.jpg 700w, https:\/\/gs-silberberg.de\/hp\/wp-content\/uploads\/2026\/02\/55-332x230.jpg 332w, https:\/\/gs-silberberg.de\/hp\/wp-content\/uploads\/2026\/02\/55.jpg 1600w\" sizes=\"auto, (max-width: 365px) 100vw, 365px\" \/><\/a><\/p>\r\n\r\n<p style=\"font-weight: 400;\">Schulsozialarbeit an der Silberbergschule <br \/>Emma Lucie Ehlers ist seit Februar 2025 als Schulsozialarbeiterin an der <br \/>Silberbergschule t\u00e4tig. Seit Dezember 2025 wird das Team durch Isabella Kleinert <br \/>erg\u00e4nzt. Gemeinsam begleiten und unterst\u00fctzen wir den Schulalltag und stehen allen am <br \/>Schulleben Beteiligten beratend zur Seite. <br \/>Das Angebot der Schulsozialarbeit richtet sich an die Sch\u00fclerschaft und ihre Familien <br \/>sowie an alle Personen, die unmittelbar oder mittelbar mit dem System Schule <br \/>verbunden sind. <br \/>Ein zentraler Bestandteil unserer Arbeit ist die Beratung, Information und unterst\u00fctzende <br \/>Begleitung bei schulischen, famili\u00e4ren und pers\u00f6nlichen Fragestellungen. Zudem <br \/>informieren wir zu Themen des Kinder- und Jugendschutzes und vermitteln bei Bedarf an <br \/>passende Hilfsangebote, soziale Einrichtungen und zust\u00e4ndige Ansprechpersonen vor <br \/>Ort. <br \/>Dar\u00fcber hinaus gestalten wir sozialp\u00e4dagogische Gruppenangebote, hospitieren im <br \/>Unterricht und begleiten die Kinder aktiv im Schulalltag. Bei Herausforderungen <br \/>\u00fcbernehmen wir eine vermittelnde und unterst\u00fctzende Rolle \u2013 sei es in Einzel- oder <br \/>Gruppengespr\u00e4chen, im Austausch mit Erziehungsberechtigten, in der Zusammenarbeit <br \/>mit Lehrkr\u00e4ften oder durch unsere Teilnahme an Elternabenden. <br \/>Hunter, der Schulhund von Emma Lucie Ehlers, ist ebenfalls ein kleiner, aber wichtiger <br \/>Teil der Schulsozialarbeit an der Silberbergschule. <br \/>In ausgew\u00e4hlten Situationen begleitet er Angebote der Schulsozialarbeit und kann durch <br \/>seine ruhige Art dazu beitragen, eine entspannte Gespr\u00e4chsatmosph\u00e4re zu schaffen und <br \/>soziale Kompetenzen zu f\u00f6rdern. Der Kontakt mit Hunter ist stets freiwillig und erfolgt <br \/>nach festen Regeln. <br \/>Die Schulsozialarbeit stellt ein begleitendes Hilfsangebot dar und ist nicht als Ma\u00dfnahme <br \/>oder Verpflichtung zu verstehen. Sie ist kostenlos, freiwillig und untersteht der <br \/>Schweigepflicht. <br \/>In der Regel sind wir montags bis freitags vormittags direkt in der Schule erreichbar. <br \/>Zus\u00e4tzlich besteht die M\u00f6glichkeit, telefonisch oder per E-Mail Kontakt aufzunehmen, um <br \/>einen Gespr\u00e4chstermin zu vereinbaren.<\/p>\r\n<p>Kontaktdaten von Emma Lucie Ehlers:\u00a0 \u00a0 \u00a0 \u00a0 \u00a0 \u00a0 \u00a0 \u00a0 \u00a0 \u00a0 \u00a0 \u00a0 \u00a0<br \/>E-Mail: <a href=\"javascript:secureDecryptAndNavigate('Q73jDne9TkShcHhs3oyBgUWSH0t8pHzpLBcT0aMxDDqJYEesgA5jJ0DSsvj64tlUOIJ4LOWT01QeyTPhP0C4wR8vK3OtJg\/A0uoFLthXPna5jVbCZRg=', 'a93bf820f207080d025399208d9e855a45046666e65cc08f12d36537187eea5c')\">emma [dot] lucie [dot] ehlers [at] geesthacht [dot] de<\/a><span style=\"font-family: 'Open Sans', sans-serif; font-size: 15px; font-style: normal; font-variant-ligatures: normal; font-variant-caps: normal; font-weight: 400;\">\u00a0\u00a0<\/span>\u00a0 \u00a0 \u00a0 \u00a0 \u00a0 \u00a0 \u00a0 \u00a0 \u00a0 \u00a0 \u00a0 \u00a0 \u00a0 \u00a0 \u00a0 \u00a0 \u00a0 \u00a0 \u00a0 \u00a0 \u00a0 \u00a0 \u00a0 Telefon: 015170553708\u00a0 \u00a0 \u00a0 \u00a0 \u00a0 \u00a0 \u00a0 \u00a0 \u00a0 \u00a0 \u00a0 \u00a0 \u00a0 \u00a0 \u00a0 \u00a0 \u00a0 \u00a0 \u00a0 \u00a0 \u00a0 \u00a0 \u00a0 \u00a0 \u00a0\u00a0<\/p>\r\n<p style=\"font-weight: 400;\">Kontaktdaten von Isabella Kleinert:\u00a0 \u00a0 \u00a0 \u00a0 \u00a0 \u00a0 \u00a0 \u00a0 \u00a0 \u00a0 \u00a0 \u00a0 \u00a0 \u00a0 \u00a0 \u00a0 \u00a0 \u00a0 \u00a0 \u00a0 \u00a0 \u00a0 \u00a0 \u00a0 \u00a0 \u00a0 \u00a0 \u00a0 \u00a0 \u00a0 \u00a0 \u00a0 \u00a0 \u00a0 \u00a0 \u00a0 \u00a0 \u00a0 \u00a0 \u00a0 \u00a0 \u00a0 \u00a0 \u00a0 \u00a0 \u00a0 \u00a0 \u00a0 \u00a0 \u00a0 \u00a0 \u00a0 <span style=\"font-family: 'Open Sans', sans-serif; font-size: 15px; font-style: normal; font-variant-ligatures: normal; font-variant-caps: normal; font-weight: 400;\">E-Mail:<\/span> <a href=\"javascript:secureDecryptAndNavigate('Ye8s6\/51NYxWCEPj4MlO3+ogBuQj8Y17VkOiwAlhIxtsg+dt1+u+qzpuKCYuLQuUjpAeHQ7ZN1gZN4fN+TRL0Nm3jYYiQVqIfUNwtxuaP3NZAav6W44=', 'a93bf820f207080d025399208d9e855a45046666e65cc08f12d36537187eea5c')\">isabella.kleinert@geesthacht.<wbr \/>de\u00a0<\/a>\u00a0 \u00a0 \u00a0 \u00a0 \u00a0 \u00a0 \u00a0 \u00a0 \u00a0 \u00a0 \u00a0 \u00a0 \u00a0 \u00a0 \u00a0 \u00a0 \u00a0 \u00a0 \u00a0 \u00a0 \u00a0 \u00a0 \u00a0 \u00a0 \u00a0 \u00a0 \u00a0 \u00a0 \u00a0 \u00a0 \u00a0 \u00a0 \u00a0 \u00a0 \u00a0 \u00a0 \u00a0 \u00a0 \u00a0 \u00a0 \u00a0 \u00a0 \u00a0 \u00a0 Telefon: 016099524769<\/p>","protected":false},"excerpt":{"rendered":"<p>Schulsozialarbeit an der Silberbergschule Emma Lucie Ehlers ist seit Februar 2025 als Schulsozialarbeiterin an der Silberbergschule t\u00e4tig. Seit Dezember 2025 wird das Team durch Isabella Kleinert erg\u00e4nzt. Gemeinsam begleiten und unterst\u00fctzen wir den Schulalltag und stehen allen am Schulleben Beteiligten beratend zur Seite. Das Angebot der Schulsozialarbeit richtet sich an &#8230;<\/p>\n","protected":false},"author":1,"featured_media":0,"parent":0,"menu_order":0,"comment_status":"closed","ping_status":"closed","template":"","meta":{"_uag_custom_page_level_css":"","footnotes":""},"class_list":["post-17","page","type-page","status-publish","hentry","column","onecol"],"featured_image_src":null,"featured_image_src_square":null,"uagb_featured_image_src":{"full":false,"thumbnail":false,"medium":false,"medium_large":false,"large":false,"1536x1536":false,"2048x2048":false,"gb-block-post-grid-landscape":false,"gb-block-post-grid-square":false,"slider-thumb":false,"blog-thumb":false,"teaser-thumb":false,"gallery-1-thumb":false,"gallery-2-thumb":false,"gallery-3-thumb":false,"image-thumb":false,"video-thumb":false},"uagb_author_info":{"display_name":"Ja","author_link":"https:\/\/gs-silberberg.de\/hp\/author\/admin\/"},"uagb_comment_info":0,"uagb_excerpt":"Schulsozialarbeit an der Silberbergschule Emma Lucie Ehlers ist seit Februar 2025 als Schulsozialarbeiterin an der Silberbergschule t\u00e4tig. Seit Dezember 2025 wird das Team durch Isabella Kleinert erg\u00e4nzt. Gemeinsam begleiten und unterst\u00fctzen wir den Schulalltag und stehen allen am Schulleben Beteiligten beratend zur Seite. Das Angebot der Schulsozialarbeit richtet sich an &#8230;","publishpress_future_action":{"enabled":false,"date":"2026-04-24 13:52:59","action":"change-status","newStatus":"draft","terms":[],"taxonomy":"","extraData":[]},"publishpress_future_workflow_manual_trigger":{"enabledWorkflows":[]},"_links":{"self":[{"href":"https:\/\/gs-silberberg.de\/hp\/wp-json\/wp\/v2\/pages\/17","targetHints":{"allow":["GET"]}}],"collection":[{"href":"https:\/\/gs-silberberg.de\/hp\/wp-json\/wp\/v2\/pages"}],"about":[{"href":"https:\/\/gs-silberberg.de\/hp\/wp-json\/wp\/v2\/types\/page"}],"author":[{"embeddable":true,"href":"https:\/\/gs-silberberg.de\/hp\/wp-json\/wp\/v2\/users\/1"}],"replies":[{"embeddable":true,"href":"https:\/\/gs-silberberg.de\/hp\/wp-json\/wp\/v2\/comments?post=17"}],"version-history":[{"count":5,"href":"https:\/\/gs-silberberg.de\/hp\/wp-json\/wp\/v2\/pages\/17\/revisions"}],"predecessor-version":[{"id":3510,"href":"https:\/\/gs-silberberg.de\/hp\/wp-json\/wp\/v2\/pages\/17\/revisions\/3510"}],"wp:attachment":[{"href":"https:\/\/gs-silberberg.de\/hp\/wp-json\/wp\/v2\/media?parent=17"}],"curies":[{"name":"wp","href":"https:\/\/api.w.org\/{rel}","templated":true}]}}