{"id":1239,"date":"2018-08-12T11:08:50","date_gmt":"2018-08-12T09:08:50","guid":{"rendered":"https:\/\/gs-silberberg.de\/hp\/?page_id=1239"},"modified":"2023-08-28T17:03:39","modified_gmt":"2023-08-28T15:03:39","slug":"schulverein","status":"publish","type":"page","link":"https:\/\/gs-silberberg.de\/hp\/schulverein\/","title":{"rendered":"Schulverein"},"content":{"rendered":"\n<p>\nLiebe\nEltern der Silberbergschule,          \n<\/p>\n\n\n\n<p>mit dieser Seite m\u00f6chten wir Sie \u00fcber die Arbeit des Schulvereins informieren und Sie bitten, diesen zu unterst\u00fctzen.<\/p>\n\n\n\n<p> <strong>Unser Prinzip<\/strong><\/p>\n\n\n\n<p>\n&#8230;ist\nganz einfach: Sie \u2013 die Eltern der Silberbergschule Geesthacht \u2013\nwerden Mitglied im Schulverein der Silberbergschule Geesthacht e.V.\nund zahlen einen j\u00e4hrlichen Beitrag. Schon mit 12 Euro im Jahr\nhelfen Sie der Schule! Nat\u00fcrlich freuen wir uns auch \u00fcber h\u00f6here\nBeitr\u00e4ge und Spenden.<\/p>\n\n\n\n<p>\nDer\nSchulverein dient ausschlie\u00dflich gemeinn\u00fctzigen Zwecken und\nunterst\u00fctzt mit den gesammelten Beitr\u00e4gen und Spenden die Schule\nbei notwendigen und w\u00fcnschenswerten Anschaffungen. So sorgen wir\ngemeinsam daf\u00fcr, dass der Schulalltag unserer Kinder noch spannender\nund abwechslungsreicher gestaltet werden kann. \n<\/p>\n\n\n\n<p>\n<strong>Die\nVerwendung der Beitr\u00e4ge und Spenden:<\/strong><\/p>\n\n\n\n<p>\n &#8230;ist\nsehr vielf\u00e4ltig, dient aber immer dem selben Zweck! Das Geld kommt\nausschlie\u00dflich den Sch\u00fclern der Silberbergschule zugute \u2013 und\ndamit auch Ihrem Kind! \n<\/p>\n\n\n\n<p>\nEinige\nBeispiele:    \n<\/p>\n\n\n\n<p>\n&#8211;\nBegr\u00fc\u00dfungspakete f\u00fcr die ersten Klassen<\/p>\n\n\n\n<p>\n&#8211;\nSpielger\u00e4te f\u00fcr die Schulh\u00f6fe<\/p>\n\n\n\n<p>\n&#8211;\nAusstattung der Schule mit technischen Ger\u00e4ten, Musikinstrumenten,\netc.<\/p>\n\n\n\n<p>\n&#8211;\nschulische Veranstaltungen \/ Projekte (Zirkusprojekt, Trommelzauber)\t<\/p>\n\n\n\n<p>\n<strong>Unsere\neigenen Projekte:<\/strong><\/p>\n\n\n\n<p>\nAuch\nder Schulverein selbst wird w\u00e4hrend des Schuljahres Aktionen f\u00fcr\nalle Sch\u00fcler der Silberbergschule anbieten (au\u00dferhalb der\nUnterrichtszeit). Mitglieder erhalten hierf\u00fcr Verg\u00fcnstigungen.<\/p>\n\n\n\n<p>\n<strong>Die\nMitgliedschaft:<\/strong><\/p>\n\n\n\n<p>\nDamit\nder Schulverein seinen Aufgaben weiterhin nachkommen kann, bitten wir\nSie:<\/p>\n\n\n\n<p>\n<strong>WERDEN\nSIE MITGLIED IM SCHULVEREIN UND HELFEN SIE MIT, DIE SILBERBERGSCHULE\nZU GESTALTEN!<\/strong><\/p>\n\n\n\n<p>\nDie\nMitgliedschaft ist selbstverst\u00e4ndlich freiwillig. Wir freuen uns\n\u00fcber jede ausgef\u00fcllte Beitrittserkl\u00e4rung.<\/p>\n\n\n\n<p>\nBei\nFragen und Anregungen sprechen Sie uns gern an!<\/p>\n\n\n\n<p> <\/p>\n\n\n<section class='__wpdm_gb_section __wpdm_gb_packages'><div class='w3eden'>\n    <div class=''>\n\n        \n        <div id=\"content_wpdm_package_1\">\n            <div class='row'><div class='col-lg-12 col-md-12 col-12'><!-- WPDM Link Template: Default Template ( Compact ) -->\n\n<div class=\"link-template-default card mb-2\">\n    <div class=\"card-body\">\n        <div class=\"media\">\n            <div class=\"mr-3 img-48\"><img decoding=\"async\" class=\"wpdm_icon\" alt=\"Icon\" src=\"https:\/\/gs-silberberg.de\/hp\/wp-content\/plugins\/download-manager\/assets\/file-type-icons\/pdf.svg\" \/><\/div>\n            <div class=\"media-body\">\n                <h3 class=\"package-title\">Beitrittserkl\u00e4rung Schulverein 2025<\/h3>\n                <div class=\"text-muted text-small\"><i class=\"fas fa-copy\"><\/i> 1 Datei(en) <i class=\"fas fa-hdd ml-3\"><\/i> 550.65 KB<\/div>\n            <\/div>\n            <div class=\"ml-3\">\n                <a class='wpdm-download-link download-on-click btn btn-primary btn-xs' rel='nofollow' href='#' data-downloadurl=\"https:\/\/gs-silberberg.de\/hp\/download\/beitrittserklaerung-schulverein-2025\/?wpdmdl=3256&#038;refresh=69e49f3286b921776590642\">Download<\/a>\n            <\/div>\n        <\/div>\n    <\/div>\n<\/div>\n\n<\/div><div class='col-lg-12 col-md-12 col-12'><!-- WPDM Link Template: Default Template ( Compact ) -->\n\n<div class=\"link-template-default card mb-2\">\n    <div class=\"card-body\">\n        <div class=\"media\">\n            <div class=\"mr-3 img-48\"><img decoding=\"async\" class=\"wpdm_icon\" alt=\"Icon\" src=\"https:\/\/gs-silberberg.de\/hp\/wp-content\/plugins\/download-manager\/assets\/file-type-icons\/pdf.svg\" \/><\/div>\n            <div class=\"media-body\">\n                <h3 class=\"package-title\">Schulvereinsatzung<\/h3>\n                <div class=\"text-muted text-small\"><i class=\"fas fa-copy\"><\/i> 1 Datei(en) <i class=\"fas fa-hdd ml-3\"><\/i> 136.25 KB<\/div>\n            <\/div>\n            <div class=\"ml-3\">\n                <a class='wpdm-download-link download-on-click btn btn-primary btn-xs' rel='nofollow' href='#' data-downloadurl=\"https:\/\/gs-silberberg.de\/hp\/download\/schulvereinsatzung\/?wpdmdl=2960&#038;refresh=69e49f3288bb31776590642\">Download<\/a>\n            <\/div>\n        <\/div>\n    <\/div>\n<\/div>\n\n<\/div><div class='col-lg-12 col-md-12 col-12'><!-- WPDM Link Template: Default Template ( Compact ) -->\n\n<div class=\"link-template-default card mb-2\">\n    <div class=\"card-body\">\n        <div class=\"media\">\n            <div class=\"mr-3 img-48\"><img decoding=\"async\" class=\"wpdm_icon\" alt=\"Icon\" src=\"https:\/\/gs-silberberg.de\/hp\/wp-content\/plugins\/download-manager\/assets\/file-type-icons\/pdf.svg\" \/><\/div>\n            <div class=\"media-body\">\n                <h3 class=\"package-title\">Schulverein Mitgliedsantrag + Infoschreiben<\/h3>\n                <div class=\"text-muted text-small\"><i class=\"fas fa-copy\"><\/i> 1 Datei(en) <i class=\"fas fa-hdd ml-3\"><\/i> 560.89 KB<\/div>\n            <\/div>\n            <div class=\"ml-3\">\n                <a class='wpdm-download-link download-on-click btn btn-primary btn-xs' rel='nofollow' href='#' data-downloadurl=\"https:\/\/gs-silberberg.de\/hp\/download\/schulverein-mitgliedsantrag-infoschreiben\/?wpdmdl=2959&#038;refresh=69e49f3289b4e1776590642\">Download<\/a>\n            <\/div>\n        <\/div>\n    <\/div>\n<\/div>\n\n<\/div><\/div>            <div style='clear:both'><\/div><div class='text-center'><ul class='pagination wpdm-pagination pagination-centered text-center async'><\/ul><\/div><div style='clear:both'><\/div>        <\/div>\n\n        <div style='clear:both'><\/div>\n    <\/div>\n<\/div>\n<\/section>","protected":false},"excerpt":{"rendered":"<p>Liebe Eltern der Silberbergschule, mit dieser Seite m\u00f6chten wir Sie \u00fcber die Arbeit des Schulvereins informieren und Sie bitten, diesen zu unterst\u00fctzen. Unser Prinzip &#8230;ist ganz einfach: Sie \u2013 die Eltern der Silberbergschule Geesthacht \u2013 werden Mitglied im Schulverein der Silberbergschule Geesthacht e.V. und zahlen einen j\u00e4hrlichen Beitrag. Schon mit &#8230;<\/p>\n","protected":false},"author":1,"featured_media":0,"parent":0,"menu_order":0,"comment_status":"closed","ping_status":"closed","template":"","meta":{"_uag_custom_page_level_css":"","footnotes":""},"class_list":["post-1239","page","type-page","status-publish","hentry","column","onecol"],"featured_image_src":null,"featured_image_src_square":null,"uagb_featured_image_src":{"full":false,"thumbnail":false,"medium":false,"medium_large":false,"large":false,"1536x1536":false,"2048x2048":false,"gb-block-post-grid-landscape":false,"gb-block-post-grid-square":false,"slider-thumb":false,"blog-thumb":false,"teaser-thumb":false,"gallery-1-thumb":false,"gallery-2-thumb":false,"gallery-3-thumb":false,"image-thumb":false,"video-thumb":false},"uagb_author_info":{"display_name":"Ja","author_link":"https:\/\/gs-silberberg.de\/hp\/author\/admin\/"},"uagb_comment_info":0,"uagb_excerpt":"Liebe Eltern der Silberbergschule, mit dieser Seite m\u00f6chten wir Sie \u00fcber die Arbeit des Schulvereins informieren und Sie bitten, diesen zu unterst\u00fctzen. Unser Prinzip &#8230;ist ganz einfach: Sie \u2013 die Eltern der Silberbergschule Geesthacht \u2013 werden Mitglied im Schulverein der Silberbergschule Geesthacht e.V. und zahlen einen j\u00e4hrlichen Beitrag. Schon mit &#8230;","publishpress_future_action":{"enabled":false,"date":"2026-04-26 11:24:02","action":"change-status","newStatus":"draft","terms":[],"taxonomy":"","extraData":[]},"publishpress_future_workflow_manual_trigger":{"enabledWorkflows":[]},"_links":{"self":[{"href":"https:\/\/gs-silberberg.de\/hp\/wp-json\/wp\/v2\/pages\/1239","targetHints":{"allow":["GET"]}}],"collection":[{"href":"https:\/\/gs-silberberg.de\/hp\/wp-json\/wp\/v2\/pages"}],"about":[{"href":"https:\/\/gs-silberberg.de\/hp\/wp-json\/wp\/v2\/types\/page"}],"author":[{"embeddable":true,"href":"https:\/\/gs-silberberg.de\/hp\/wp-json\/wp\/v2\/users\/1"}],"replies":[{"embeddable":true,"href":"https:\/\/gs-silberberg.de\/hp\/wp-json\/wp\/v2\/comments?post=1239"}],"version-history":[{"count":0,"href":"https:\/\/gs-silberberg.de\/hp\/wp-json\/wp\/v2\/pages\/1239\/revisions"}],"wp:attachment":[{"href":"https:\/\/gs-silberberg.de\/hp\/wp-json\/wp\/v2\/media?parent=1239"}],"curies":[{"name":"wp","href":"https:\/\/api.w.org\/{rel}","templated":true}]}}